{"id":10046,"date":"2025-04-14T14:44:34","date_gmt":"2025-04-14T12:44:34","guid":{"rendered":"https:\/\/sklep.thepartners.pl\/produkt\/plastyfikator-betonmix-jurga-do-betonu-uplastyczniacz-wylewki-posadzki-1l\/"},"modified":"2025-04-14T14:49:37","modified_gmt":"2025-04-14T12:49:37","slug":"plastyfikator-betonmix-jurga-do-betonu-uplastyczniacz-wylewki-posadzki-1l","status":"publish","type":"product","link":"https:\/\/sklep.thepartners.pl\/cs\/produkt\/plastyfikator-betonmix-jurga-do-betonu-uplastyczniacz-wylewki-posadzki-1l\/","title":{"rendered":"Plastifik\u00e1tor do betonu JURGA BETONMIX 1L \u2013 P\u0159\u00edsada pro podlahy a pot\u011bry"},"content":{"rendered":"<p class=\"\" data-start=\"1228\" data-end=\"1546\">JURGA BETONMIX je kapaln\u00fd, bezchloridov\u00fd plastifik\u00e1tor ur\u010den\u00fd pro betony a cementov\u00e9 malty. Zlep\u0161uje zpracovatelnost sm\u011bsi, sni\u017euje mno\u017estv\u00ed z\u00e1m\u011bsov\u00e9 vody, zvy\u0161uje pevnost a omezuje smr\u0161\u0165ov\u00e1n\u00ed a prask\u00e1n\u00ed betonu. Produkt je p\u0159ipraven k pou\u017eit\u00ed a kompatibiln\u00ed s v\u011bt\u0161inou cement\u016f dostupn\u00fdch na trhu.<\/p>\n<p class=\"\" data-start=\"1548\" data-end=\"1562\"><strong data-start=\"1548\" data-end=\"1560\">Pou\u017eit\u00ed:<\/strong><\/p>\n<ul data-start=\"1563\" data-end=\"1784\">\n<li class=\"\" data-start=\"1563\" data-end=\"1683\">\n<p class=\"\" data-start=\"1565\" data-end=\"1683\">V\u00fdroba betonov\u00fdch v\u00fdrobk\u016f: desky, obrubn\u00edky, dla\u017eebn\u00ed kostky, skru\u017ee, betonov\u00e9 ploty, stropy, st\u011bny a z\u00e1kladov\u00e9 p\u00e1sy<\/p>\n<\/li>\n<li class=\"\" data-start=\"1684\" data-end=\"1717\">\n<p class=\"\" data-start=\"1686\" data-end=\"1717\">Pot\u011bry pro podlahov\u00e9 vyt\u00e1p\u011bn\u00ed<\/p>\n<\/li>\n<li class=\"\" data-start=\"1718\" data-end=\"1752\">\n<p class=\"\" data-start=\"1720\" data-end=\"1752\">Pot\u011bry na teras\u00e1ch a balkonech<\/p>\n<\/li>\n<li class=\"\" data-start=\"1753\" data-end=\"1784\">\n<p class=\"\" data-start=\"1755\" data-end=\"1784\">Pr\u016fmyslov\u00e9 a obytn\u00e9 podlahy<\/p>\n<\/li>\n<\/ul>\n<p class=\"\" data-start=\"1786\" data-end=\"1801\"><strong data-start=\"1786\" data-end=\"1799\">Spot\u0159eba:<\/strong><\/p>\n<ul data-start=\"1802\" data-end=\"1889\">\n<li class=\"\" data-start=\"1802\" data-end=\"1889\">\n<p class=\"\" data-start=\"1804\" data-end=\"1889\">0,5 % a\u017e 1 % vzhledem k hmotnosti cementu, co\u017e odpov\u00edd\u00e1 125\u2013250 ml na 25 kg cementu<\/p>\n<\/li>\n<\/ul>\n<p class=\"\" data-start=\"1891\" data-end=\"1904\"><strong data-start=\"1891\" data-end=\"1902\">V\u00fdhody:<\/strong><\/p>\n<ul data-start=\"1905\" data-end=\"2149\">\n<li class=\"\" data-start=\"1905\" data-end=\"1961\">\n<p class=\"\" data-start=\"1907\" data-end=\"1961\">Zlep\u0161uje zpracovatelnost a homogenitu betonov\u00e9 sm\u011bsi<\/p>\n<\/li>\n<li class=\"\" data-start=\"1962\" data-end=\"2025\">\n<p class=\"\" data-start=\"1964\" data-end=\"2025\">Sni\u017euje mno\u017estv\u00ed z\u00e1m\u011bsov\u00e9 vody, \u010d\u00edm\u017e zvy\u0161uje pevnost betonu<\/p>\n<\/li>\n<li class=\"\" data-start=\"2026\" data-end=\"2066\">\n<p class=\"\" data-start=\"2028\" data-end=\"2066\">Omezuje smr\u0161\u0165ov\u00e1n\u00ed a prask\u00e1n\u00ed betonu<\/p>\n<\/li>\n<li class=\"\" data-start=\"2067\" data-end=\"2106\">\n<p class=\"\" data-start=\"2069\" data-end=\"2106\">Bezchloridov\u00fd \u2013 bezpe\u010dn\u00fd pro v\u00fdztu\u017e<\/p>\n<\/li>\n<li class=\"\" data-start=\"2107\" data-end=\"2149\">\n<p class=\"\" data-start=\"2109\" data-end=\"2149\">P\u0159ipraven\u00fd k pou\u017eit\u00ed \u2013 snadn\u00e1 aplikace<\/p>\n<\/li>\n<\/ul>\n","protected":false},"excerpt":{"rendered":"<p>JURGA BETONMIX je kapaln\u00fd, bezchloridov\u00fd plastifik\u00e1tor ur\u010den\u00fd pro betony a cementov\u00e9 malty. Zlep\u0161uje zpracovatelnost sm\u011bsi, sni\u017euje mno\u017estv\u00ed z\u00e1m\u011bsov\u00e9 vody, zvy\u0161uje<\/p>\n","protected":false},"featured_media":10045,"comment_status":"open","ping_status":"closed","template":"","meta":{"_acf_changed":false},"product_brand":[],"product_cat":[140,137],"product_tag":[],"class_list":{"0":"post-10046","1":"product","2":"type-product","3":"status-publish","4":"has-post-thumbnail","6":"product_cat-plastifikatory-a-zakladni-natery","7":"product_cat-stavebni-chemie","8":"product_shipping_class-kurier-cs","9":"pa_producent-jurga-cs","11":"first","12":"instock","13":"taxable","14":"shipping-taxable","15":"purchasable","16":"product-type-simple"},"acf":[],"_links":{"self":[{"href":"https:\/\/sklep.thepartners.pl\/cs\/wp-json\/wp\/v2\/product\/10046","targetHints":{"allow":["GET"]}}],"collection":[{"href":"https:\/\/sklep.thepartners.pl\/cs\/wp-json\/wp\/v2\/product"}],"about":[{"href":"https:\/\/sklep.thepartners.pl\/cs\/wp-json\/wp\/v2\/types\/product"}],"replies":[{"embeddable":true,"href":"https:\/\/sklep.thepartners.pl\/cs\/wp-json\/wp\/v2\/comments?post=10046"}],"wp:featuredmedia":[{"embeddable":true,"href":"https:\/\/sklep.thepartners.pl\/cs\/wp-json\/wp\/v2\/media\/10045"}],"wp:attachment":[{"href":"https:\/\/sklep.thepartners.pl\/cs\/wp-json\/wp\/v2\/media?parent=10046"}],"wp:term":[{"taxonomy":"product_brand","embeddable":true,"href":"https:\/\/sklep.thepartners.pl\/cs\/wp-json\/wp\/v2\/product_brand?post=10046"},{"taxonomy":"product_cat","embeddable":true,"href":"https:\/\/sklep.thepartners.pl\/cs\/wp-json\/wp\/v2\/product_cat?post=10046"},{"taxonomy":"product_tag","embeddable":true,"href":"https:\/\/sklep.thepartners.pl\/cs\/wp-json\/wp\/v2\/product_tag?post=10046"}],"curies":[{"name":"wp","href":"https:\/\/api.w.org\/{rel}","templated":true}]}}