{"id":10121,"date":"2025-04-16T15:03:47","date_gmt":"2025-04-16T13:03:47","guid":{"rendered":"https:\/\/sklep.thepartners.pl\/produkt\/jurga-slipmix-butelka-02kg-zel-techniczny\/"},"modified":"2025-04-16T15:24:46","modified_gmt":"2025-04-16T13:24:46","slug":"jurga-slipmix-butelka-02kg-zel-techniczny","status":"publish","type":"product","link":"https:\/\/sklep.thepartners.pl\/cs\/produkt\/jurga-slipmix-butelka-02kg-zel-techniczny\/","title":{"rendered":"Jurga Slipmix 200g \u2013 Kluzk\u00fd gel pro mont\u00e1\u017e trubek | Technick\u00fd gel"},"content":{"rendered":"<p class=\"\" data-start=\"1126\" data-end=\"1427\">Jurga Slipmix je speci\u00e1ln\u00ed kluzk\u00fd gel ur\u010den\u00fd pro mont\u00e1\u017e kanaliza\u010dn\u00edch a instala\u010dn\u00edch trubek z plastu. Usnad\u0148uje zasouv\u00e1n\u00ed trubek do hrdlov\u00fdch spoj\u016f a gumov\u00fdch t\u011bsn\u011bn\u00ed, \u010d\u00edm\u017e minimalizuje riziko po\u0161kozen\u00ed a zaji\u0161\u0165uje dokonalou t\u011bsnost. Je bezpe\u010dn\u00fd pro t\u011bsn\u011bn\u00ed i plastov\u00e9 materi\u00e1ly.<\/p>\n<p class=\"\" data-start=\"1429\" data-end=\"1443\"><strong data-start=\"1429\" data-end=\"1441\">Pou\u017eit\u00ed:<\/strong><\/p>\n<ul data-start=\"1444\" data-end=\"1584\">\n<li class=\"\" data-start=\"1444\" data-end=\"1489\">\n<p class=\"\" data-start=\"1446\" data-end=\"1489\">Mont\u00e1\u017e kanaliza\u010dn\u00edch trubek z PVC, PP, PE<\/p>\n<\/li>\n<li class=\"\" data-start=\"1490\" data-end=\"1523\">\n<p class=\"\" data-start=\"1492\" data-end=\"1523\">Vodovodn\u00ed a odpadn\u00ed instalace<\/p>\n<\/li>\n<li class=\"\" data-start=\"1524\" data-end=\"1554\">\n<p class=\"\" data-start=\"1526\" data-end=\"1554\">Syst\u00e9my s gumov\u00fdm t\u011bsn\u011bn\u00edm<\/p>\n<\/li>\n<li class=\"\" data-start=\"1555\" data-end=\"1584\">\n<p class=\"\" data-start=\"1557\" data-end=\"1584\">Hrdlov\u00e9 a zasouvac\u00ed spoje<\/p>\n<\/li>\n<\/ul>\n<p class=\"\" data-start=\"1586\" data-end=\"1601\"><strong data-start=\"1586\" data-end=\"1599\">Spot\u0159eba:<\/strong><\/p>\n<ul data-start=\"1602\" data-end=\"1666\">\n<li class=\"\" data-start=\"1602\" data-end=\"1666\">\n<p class=\"\" data-start=\"1604\" data-end=\"1666\">P\u0159ibli\u017en\u011b 3\u20135 g na jeden spoj (v z\u00e1vislosti na pr\u016fm\u011bru trubky)<\/p>\n<\/li>\n<\/ul>\n<p class=\"\" data-start=\"1668\" data-end=\"1681\"><strong data-start=\"1668\" data-end=\"1679\">V\u00fdhody:<\/strong><\/p>\n<ul data-start=\"1682\" data-end=\"1856\">\n<li class=\"\" data-start=\"1682\" data-end=\"1720\">\n<p class=\"\" data-start=\"1684\" data-end=\"1720\">P\u0159ipraven\u00fd k pou\u017eit\u00ed, gelov\u00e1 forma<\/p>\n<\/li>\n<li class=\"\" data-start=\"1721\" data-end=\"1749\">\n<p class=\"\" data-start=\"1723\" data-end=\"1749\">Rychl\u00e1 a snadn\u00e1 aplikace<\/p>\n<\/li>\n<li class=\"\" data-start=\"1750\" data-end=\"1787\">\n<p class=\"\" data-start=\"1752\" data-end=\"1787\">Zvy\u0161uje t\u011bsnost a \u017eivotnost spoj\u016f<\/p>\n<\/li>\n<li class=\"\" data-start=\"1788\" data-end=\"1822\">\n<p class=\"\" data-start=\"1790\" data-end=\"1822\">Ne\u0161kod\u00ed materi\u00e1l\u016fm, nekoroduje<\/p>\n<\/li>\n<li class=\"\" data-start=\"1823\" data-end=\"1856\">\n<p class=\"\" data-start=\"1825\" data-end=\"1856\">Chemicky neutr\u00e1ln\u00ed a bezpe\u010dn\u00fd<\/p>\n<\/li>\n<\/ul>\n","protected":false},"excerpt":{"rendered":"<p>Jurga Slipmix je speci\u00e1ln\u00ed kluzk\u00fd gel ur\u010den\u00fd pro mont\u00e1\u017e kanaliza\u010dn\u00edch a instala\u010dn\u00edch trubek z plastu. Usnad\u0148uje zasouv\u00e1n\u00ed trubek do hrdlov\u00fdch<\/p>\n","protected":false},"featured_media":10118,"comment_status":"open","ping_status":"closed","template":"","meta":{"_acf_changed":false},"product_brand":[],"product_cat":[591,988,137,156],"product_tag":[],"class_list":{"0":"post-10121","1":"product","2":"type-product","3":"status-publish","4":"has-post-thumbnail","6":"product_cat-chemikalie","7":"product_cat-kanalizace","8":"product_cat-stavebni-chemie","9":"product_cat-stavebni-materialy","10":"product_shipping_class-kurier-cs","11":"pa_producent-jurga-cs","13":"first","14":"instock","15":"taxable","16":"shipping-taxable","17":"purchasable","18":"product-type-simple"},"acf":[],"_links":{"self":[{"href":"https:\/\/sklep.thepartners.pl\/cs\/wp-json\/wp\/v2\/product\/10121","targetHints":{"allow":["GET"]}}],"collection":[{"href":"https:\/\/sklep.thepartners.pl\/cs\/wp-json\/wp\/v2\/product"}],"about":[{"href":"https:\/\/sklep.thepartners.pl\/cs\/wp-json\/wp\/v2\/types\/product"}],"replies":[{"embeddable":true,"href":"https:\/\/sklep.thepartners.pl\/cs\/wp-json\/wp\/v2\/comments?post=10121"}],"wp:featuredmedia":[{"embeddable":true,"href":"https:\/\/sklep.thepartners.pl\/cs\/wp-json\/wp\/v2\/media\/10118"}],"wp:attachment":[{"href":"https:\/\/sklep.thepartners.pl\/cs\/wp-json\/wp\/v2\/media?parent=10121"}],"wp:term":[{"taxonomy":"product_brand","embeddable":true,"href":"https:\/\/sklep.thepartners.pl\/cs\/wp-json\/wp\/v2\/product_brand?post=10121"},{"taxonomy":"product_cat","embeddable":true,"href":"https:\/\/sklep.thepartners.pl\/cs\/wp-json\/wp\/v2\/product_cat?post=10121"},{"taxonomy":"product_tag","embeddable":true,"href":"https:\/\/sklep.thepartners.pl\/cs\/wp-json\/wp\/v2\/product_tag?post=10121"}],"curies":[{"name":"wp","href":"https:\/\/api.w.org\/{rel}","templated":true}]}}