{"id":10182,"date":"2025-04-29T13:32:47","date_gmt":"2025-04-29T11:32:47","guid":{"rendered":"https:\/\/sklep.thepartners.pl\/produkt\/srodek-przeciw-parowaniu-szyb-i-luster-05-l-jurga-clean-antypara\/"},"modified":"2025-04-29T14:17:35","modified_gmt":"2025-04-29T12:17:35","slug":"srodek-przeciw-parowaniu-szyb-i-luster-05-l-jurga-clean-antypara","status":"publish","type":"product","link":"https:\/\/sklep.thepartners.pl\/cs\/produkt\/srodek-przeciw-parowaniu-szyb-i-luster-05-l-jurga-clean-antypara\/","title":{"rendered":"P\u0159\u00edpravek proti zaml\u017eov\u00e1n\u00ed skel a zrcadel 0,5 L JURGA CLEAN ANTYPARA"},"content":{"rendered":"<p class=\"\" data-start=\"1235\" data-end=\"1495\">JURGA CLEAN ANTYPARA je speci\u00e1ln\u00ed prost\u0159edek proti zaml\u017eov\u00e1n\u00ed zrcadel, skel a dal\u0161\u00edch hladk\u00fdch povrch\u016f. Vytv\u00e1\u0159\u00ed neviditelnou ochrannou vrstvu, kter\u00e1 \u00fa\u010dinn\u011b br\u00e1n\u00ed kondenzaci vlhkosti. Ide\u00e1ln\u00ed pro koupelny, sauny, sprchov\u00e9 kouty i vozidla.<\/p>\n<p class=\"\" data-start=\"1497\" data-end=\"1511\"><strong data-start=\"1497\" data-end=\"1509\">Pou\u017eit\u00ed:<\/strong><\/p>\n<ul data-start=\"1512\" data-end=\"1659\">\n<li class=\"\" data-start=\"1512\" data-end=\"1548\">\n<p class=\"\" data-start=\"1514\" data-end=\"1548\">Zrcadla v koupeln\u00e1ch a toalet\u00e1ch<\/p>\n<\/li>\n<li class=\"\" data-start=\"1549\" data-end=\"1581\">\n<p class=\"\" data-start=\"1551\" data-end=\"1581\">Skla sprchov\u00fdch kout\u016f a saun<\/p>\n<\/li>\n<li class=\"\" data-start=\"1582\" data-end=\"1629\">\n<p class=\"\" data-start=\"1584\" data-end=\"1629\">Okna a zp\u011btn\u00e1 zrc\u00e1tka v autech a autobusech<\/p>\n<\/li>\n<li class=\"\" data-start=\"1630\" data-end=\"1659\">\n<p class=\"\" data-start=\"1632\" data-end=\"1659\">Ochrann\u00e1 a dekora\u010dn\u00ed skla<\/p>\n<\/li>\n<\/ul>\n<p class=\"\" data-start=\"1661\" data-end=\"1676\"><strong data-start=\"1661\" data-end=\"1674\">Spot\u0159eba:<\/strong><\/p>\n<ul data-start=\"1677\" data-end=\"1730\">\n<li class=\"\" data-start=\"1677\" data-end=\"1730\">\n<p class=\"\" data-start=\"1679\" data-end=\"1730\">P\u0159ibli\u017en\u011b 10\u201320 ml\/m\u00b2 dle typu povrchu a nan\u00e1\u0161en\u00ed<\/p>\n<\/li>\n<\/ul>\n","protected":false},"excerpt":{"rendered":"<blockquote><p><strong>\u00da\u010dinn\u00e1 ochrana proti zaml\u017eov\u00e1n\u00ed<\/strong><\/p>\n<p class=\"\" data-start=\"1784\" data-end=\"1819\"><strong>P\u0159ipraveno k pou\u017eit\u00ed \u2013 bez \u0159ed\u011bn\u00ed<\/strong><\/p>\n<p class=\"\" data-start=\"1822\" data-end=\"1853\"><strong>Nezanech\u00e1v\u00e1 \u0161mouhy ani skvrny<\/strong><\/p>\n<p class=\"\" data-start=\"1856\" data-end=\"1899\"><strong>Bezpe\u010dn\u00fd pro sklen\u011bn\u00e9 i zrcadlov\u00e9 povrchy<\/strong><\/p>\n<p class=\"\" data-start=\"1902\" data-end=\"1939\"><strong>Snadn\u00e1 aplikace pomoc\u00ed rozpra\u0161ova\u010de<\/strong><\/p>\n<\/blockquote>\n","protected":false},"featured_media":10178,"comment_status":"open","ping_status":"closed","template":"","meta":{"_acf_changed":false},"product_brand":[],"product_cat":[591,137],"product_tag":[],"class_list":{"0":"post-10182","1":"product","2":"type-product","3":"status-publish","4":"has-post-thumbnail","6":"product_cat-chemikalie","7":"product_cat-stavebni-chemie","8":"product_shipping_class-kurier-cs","9":"pa_producent-jurga-cs","11":"first","12":"instock","13":"taxable","14":"shipping-taxable","15":"purchasable","16":"product-type-simple"},"acf":[],"_links":{"self":[{"href":"https:\/\/sklep.thepartners.pl\/cs\/wp-json\/wp\/v2\/product\/10182","targetHints":{"allow":["GET"]}}],"collection":[{"href":"https:\/\/sklep.thepartners.pl\/cs\/wp-json\/wp\/v2\/product"}],"about":[{"href":"https:\/\/sklep.thepartners.pl\/cs\/wp-json\/wp\/v2\/types\/product"}],"replies":[{"embeddable":true,"href":"https:\/\/sklep.thepartners.pl\/cs\/wp-json\/wp\/v2\/comments?post=10182"}],"wp:featuredmedia":[{"embeddable":true,"href":"https:\/\/sklep.thepartners.pl\/cs\/wp-json\/wp\/v2\/media\/10178"}],"wp:attachment":[{"href":"https:\/\/sklep.thepartners.pl\/cs\/wp-json\/wp\/v2\/media?parent=10182"}],"wp:term":[{"taxonomy":"product_brand","embeddable":true,"href":"https:\/\/sklep.thepartners.pl\/cs\/wp-json\/wp\/v2\/product_brand?post=10182"},{"taxonomy":"product_cat","embeddable":true,"href":"https:\/\/sklep.thepartners.pl\/cs\/wp-json\/wp\/v2\/product_cat?post=10182"},{"taxonomy":"product_tag","embeddable":true,"href":"https:\/\/sklep.thepartners.pl\/cs\/wp-json\/wp\/v2\/product_tag?post=10182"}],"curies":[{"name":"wp","href":"https:\/\/api.w.org\/{rel}","templated":true}]}}