{"id":10190,"date":"2025-04-29T13:49:30","date_gmt":"2025-04-29T11:49:30","guid":{"rendered":"https:\/\/sklep.thepartners.pl\/produkt\/jurga-clean-czysta-kabina-prysznicowa-05l-spray-do-mycia-kabin-szyb-i-armatury\/"},"modified":"2025-04-29T14:16:43","modified_gmt":"2025-04-29T12:16:43","slug":"jurga-clean-czysta-kabina-prysznicowa-05l-spray-do-mycia-kabin-szyb-i-armatury","status":"publish","type":"product","link":"https:\/\/sklep.thepartners.pl\/cs\/produkt\/jurga-clean-czysta-kabina-prysznicowa-05l-spray-do-mycia-kabin-szyb-i-armatury\/","title":{"rendered":"\u010cistic\u00ed sprej na sklo, obklady a armaturu JURGA CLEAN \u010cIST\u00dd SPRCHOV\u00dd KOUT 0,5L"},"content":{"rendered":"<p class=\"\" data-start=\"1254\" data-end=\"1579\">JURGA CLEAN \u010cIST\u00dd SPRCHOV\u00dd KOUT je hotov\u00fd \u010distic\u00ed prost\u0159edek ur\u010den\u00fd pro ka\u017edodenn\u00ed \u00fadr\u017ebu sprchov\u00fdch kout\u016f, sklen\u011bn\u00fdch ploch, obklad\u016f a koupelnov\u00e9ho vybaven\u00ed. \u00da\u010dinn\u011b odstra\u0148uje zbytky m\u00fddla, vodn\u00ed k\u00e1men a dal\u0161\u00ed ne\u010distoty bez zanech\u00e1n\u00ed \u0161mouh. Pravideln\u00e9 pou\u017e\u00edv\u00e1n\u00ed zabra\u0148uje op\u011btovn\u00e9mu usazov\u00e1n\u00ed ne\u010distot.<\/p>\n<p class=\"\" data-start=\"1581\" data-end=\"1595\"><strong data-start=\"1581\" data-end=\"1593\">Pou\u017eit\u00ed:<\/strong><\/p>\n<ul data-start=\"1596\" data-end=\"1723\">\n<li class=\"\" data-start=\"1596\" data-end=\"1635\">\n<p class=\"\" data-start=\"1598\" data-end=\"1635\">Sprchov\u00e9 kouty \u2013 sklo, plast, akryl<\/p>\n<\/li>\n<li class=\"\" data-start=\"1636\" data-end=\"1665\">\n<p class=\"\" data-start=\"1638\" data-end=\"1665\">Sklen\u011bn\u00e9 plochy a z\u00e1st\u011bny<\/p>\n<\/li>\n<li class=\"\" data-start=\"1666\" data-end=\"1686\">\n<p class=\"\" data-start=\"1668\" data-end=\"1686\">Kachli\u010dky, sp\u00e1ry<\/p>\n<\/li>\n<li class=\"\" data-start=\"1687\" data-end=\"1723\">\n<p class=\"\" data-start=\"1689\" data-end=\"1723\">Chromov\u00e9 baterie a nerezov\u00e1 ocel<\/p>\n<\/li>\n<\/ul>\n<p class=\"\" data-start=\"1725\" data-end=\"1740\"><strong data-start=\"1725\" data-end=\"1738\">Spot\u0159eba:<\/strong><\/p>\n<ul data-start=\"1741\" data-end=\"1789\">\n<li class=\"\" data-start=\"1741\" data-end=\"1789\">\n<p class=\"\" data-start=\"1743\" data-end=\"1789\">Pr\u016fm\u011brn\u011b 10\u201315 ml\/m\u00b2 podle stupn\u011b zne\u010di\u0161t\u011bn<\/p>\n<\/li>\n<\/ul>\n","protected":false},"excerpt":{"rendered":"<blockquote>\n<p class=\"\" data-start=\"1807\" data-end=\"1841\"><strong>Praktick\u00fd sprej, ihned k pou\u017eit\u00ed<\/strong><\/p>\n<p class=\"\" data-start=\"1844\" data-end=\"1888\"><strong>Odstra\u0148uje vodn\u00ed k\u00e1men a m\u00fddlov\u00e9 usazeniny<\/strong><\/p>\n<p class=\"\" data-start=\"1891\" data-end=\"1911\"><strong>Nezanech\u00e1v\u00e1 \u0161mouhy<\/strong><\/p>\n<p class=\"\" data-start=\"1914\" data-end=\"1942\"><strong>\u0160etrn\u00fd k \u010di\u0161t\u011bn\u00fdm povrch\u016fm<\/strong><\/p>\n<p class=\"\" data-start=\"1945\" data-end=\"1976\"><strong>P\u0159\u00edjemn\u00e1 v\u016fn\u011b a rychl\u00fd \u00fa\u010dinek<\/strong><\/p>\n<\/blockquote>\n","protected":false},"featured_media":10189,"comment_status":"open","ping_status":"closed","template":"","meta":{"_acf_changed":false},"product_brand":[],"product_cat":[591,137],"product_tag":[],"class_list":{"0":"post-10190","1":"product","2":"type-product","3":"status-publish","4":"has-post-thumbnail","6":"product_cat-chemikalie","7":"product_cat-stavebni-chemie","8":"product_shipping_class-kurier-cs","10":"first","11":"instock","12":"taxable","13":"shipping-taxable","14":"purchasable","15":"product-type-simple"},"acf":[],"_links":{"self":[{"href":"https:\/\/sklep.thepartners.pl\/cs\/wp-json\/wp\/v2\/product\/10190","targetHints":{"allow":["GET"]}}],"collection":[{"href":"https:\/\/sklep.thepartners.pl\/cs\/wp-json\/wp\/v2\/product"}],"about":[{"href":"https:\/\/sklep.thepartners.pl\/cs\/wp-json\/wp\/v2\/types\/product"}],"replies":[{"embeddable":true,"href":"https:\/\/sklep.thepartners.pl\/cs\/wp-json\/wp\/v2\/comments?post=10190"}],"wp:featuredmedia":[{"embeddable":true,"href":"https:\/\/sklep.thepartners.pl\/cs\/wp-json\/wp\/v2\/media\/10189"}],"wp:attachment":[{"href":"https:\/\/sklep.thepartners.pl\/cs\/wp-json\/wp\/v2\/media?parent=10190"}],"wp:term":[{"taxonomy":"product_brand","embeddable":true,"href":"https:\/\/sklep.thepartners.pl\/cs\/wp-json\/wp\/v2\/product_brand?post=10190"},{"taxonomy":"product_cat","embeddable":true,"href":"https:\/\/sklep.thepartners.pl\/cs\/wp-json\/wp\/v2\/product_cat?post=10190"},{"taxonomy":"product_tag","embeddable":true,"href":"https:\/\/sklep.thepartners.pl\/cs\/wp-json\/wp\/v2\/product_tag?post=10190"}],"curies":[{"name":"wp","href":"https:\/\/api.w.org\/{rel}","templated":true}]}}