{"id":10201,"date":"2025-04-29T15:28:29","date_gmt":"2025-04-29T13:28:29","guid":{"rendered":"https:\/\/sklep.thepartners.pl\/produkt\/jurga-clean-czysta-szyba-kominkowa-05l-skuteczny-srodek-do-szyb-kominkowych\/"},"modified":"2025-04-29T15:35:32","modified_gmt":"2025-04-29T13:35:32","slug":"jurga-clean-czysta-szyba-kominkowa-05l-skuteczny-srodek-do-szyb-kominkowych","status":"publish","type":"product","link":"https:\/\/sklep.thepartners.pl\/cs\/produkt\/jurga-clean-czysta-szyba-kominkowa-05l-skuteczny-srodek-do-szyb-kominkowych\/","title":{"rendered":"JURGA CLEAN \u010cIST\u00c9 KRBOV\u00c9 SKLO 0,5L \u2013 \u00da\u010dinn\u00fd \u010disti\u010d krbov\u00fdch a kamnov\u00fdch skel"},"content":{"rendered":"<p class=\"\" data-start=\"1201\" data-end=\"1445\">Jurga CLEAN \u010cIST\u00c9 KRBOV\u00c9 SKLO je p\u0159\u00edpravek p\u0159ipraven\u00fd k pou\u017eit\u00ed, ur\u010den\u00fd k odstran\u011bn\u00ed saz\u00ed, mastnot a p\u0159ip\u00e1lenin ze skel krb\u016f, kamen a topn\u00fdch vlo\u017eek. D\u00edky siln\u00e9mu slo\u017een\u00ed rychle \u010dist\u00ed bez po\u0161kr\u00e1b\u00e1n\u00ed a mechanick\u00e9ho drhnut\u00ed.<\/p>\n<p class=\"\" data-start=\"1447\" data-end=\"1461\"><strong data-start=\"1447\" data-end=\"1459\">Pou\u017eit\u00ed:<\/strong><\/p>\n<ul data-start=\"1462\" data-end=\"1587\">\n<li class=\"\" data-start=\"1462\" data-end=\"1487\">\n<p class=\"\" data-start=\"1464\" data-end=\"1487\">Krbov\u00e1 a kamnov\u00e1 skla<\/p>\n<\/li>\n<li class=\"\" data-start=\"1488\" data-end=\"1523\">\n<p class=\"\" data-start=\"1490\" data-end=\"1523\">Sklen\u011bn\u00e9 dv\u00ed\u0159ka krbov\u00fdch vlo\u017eek<\/p>\n<\/li>\n<li class=\"\" data-start=\"1524\" data-end=\"1554\">\n<p class=\"\" data-start=\"1526\" data-end=\"1554\">\u017d\u00e1ruvzdorn\u00e9 a tvrzen\u00e9 sklo<\/p>\n<\/li>\n<li class=\"\" data-start=\"1555\" data-end=\"1587\">\n<p class=\"\" data-start=\"1557\" data-end=\"1587\">Vnit\u0159n\u00ed dv\u00ed\u0159ka pe\u010dic\u00edch trub<\/p>\n<\/li>\n<\/ul>\n<p class=\"\" data-start=\"1589\" data-end=\"1604\"><strong data-start=\"1589\" data-end=\"1602\">Spot\u0159eba:<\/strong><\/p>\n<ul data-start=\"1605\" data-end=\"1647\">\n<li class=\"\" data-start=\"1605\" data-end=\"1647\">\n<p class=\"\" data-start=\"1607\" data-end=\"1647\">P\u0159ibli\u017en\u011b 20\u201330 ml\/m\u00b2 podle zne\u010di\u0161t\u011bn\u00ed<\/p>\n<\/li>\n<\/ul>\n","protected":false},"excerpt":{"rendered":"<blockquote>\n<p class=\"\" data-start=\"1665\" data-end=\"1700\"><strong>Odstra\u0148uje i siln\u00e9 usazeniny saz\u00ed<\/strong><\/p>\n<p class=\"\" data-start=\"1703\" data-end=\"1724\"><strong>Bez pot\u0159eby drhnut\u00ed<\/strong><\/p>\n<p class=\"\" data-start=\"1727\" data-end=\"1757\"><strong>P\u0159ipraveno k pou\u017eit\u00ed \u2013 sprej<\/strong><\/p>\n<p class=\"\" data-start=\"1760\" data-end=\"1790\"><strong>\u0160etrn\u00fd ke \u017e\u00e1ruvzdorn\u00e9mu sklu<\/strong><\/p>\n<p class=\"\" data-start=\"1793\" data-end=\"1820\"><strong>Rychl\u00fd a viditeln\u00fd \u00fa\u010dinek<\/strong><\/p>\n<\/blockquote>\n","protected":false},"featured_media":10200,"comment_status":"open","ping_status":"closed","template":"","meta":{"_acf_changed":false},"product_brand":[],"product_cat":[591,137],"product_tag":[],"class_list":{"0":"post-10201","1":"product","2":"type-product","3":"status-publish","4":"has-post-thumbnail","6":"product_cat-chemikalie","7":"product_cat-stavebni-chemie","8":"product_shipping_class-kurier-cs","9":"pa_producent-jurga-cs","11":"first","12":"instock","13":"taxable","14":"shipping-taxable","15":"purchasable","16":"product-type-simple"},"acf":[],"_links":{"self":[{"href":"https:\/\/sklep.thepartners.pl\/cs\/wp-json\/wp\/v2\/product\/10201","targetHints":{"allow":["GET"]}}],"collection":[{"href":"https:\/\/sklep.thepartners.pl\/cs\/wp-json\/wp\/v2\/product"}],"about":[{"href":"https:\/\/sklep.thepartners.pl\/cs\/wp-json\/wp\/v2\/types\/product"}],"replies":[{"embeddable":true,"href":"https:\/\/sklep.thepartners.pl\/cs\/wp-json\/wp\/v2\/comments?post=10201"}],"wp:featuredmedia":[{"embeddable":true,"href":"https:\/\/sklep.thepartners.pl\/cs\/wp-json\/wp\/v2\/media\/10200"}],"wp:attachment":[{"href":"https:\/\/sklep.thepartners.pl\/cs\/wp-json\/wp\/v2\/media?parent=10201"}],"wp:term":[{"taxonomy":"product_brand","embeddable":true,"href":"https:\/\/sklep.thepartners.pl\/cs\/wp-json\/wp\/v2\/product_brand?post=10201"},{"taxonomy":"product_cat","embeddable":true,"href":"https:\/\/sklep.thepartners.pl\/cs\/wp-json\/wp\/v2\/product_cat?post=10201"},{"taxonomy":"product_tag","embeddable":true,"href":"https:\/\/sklep.thepartners.pl\/cs\/wp-json\/wp\/v2\/product_tag?post=10201"}],"curies":[{"name":"wp","href":"https:\/\/api.w.org\/{rel}","templated":true}]}}