{"id":10210,"date":"2025-05-05T12:06:24","date_gmt":"2025-05-05T10:06:24","guid":{"rendered":"https:\/\/sklep.thepartners.pl\/produkt\/jurga-clean-czysty-piekarnik-05l\/"},"modified":"2025-05-05T12:37:02","modified_gmt":"2025-05-05T10:37:02","slug":"jurga-clean-czysty-piekarnik-05l","status":"publish","type":"product","link":"https:\/\/sklep.thepartners.pl\/cs\/produkt\/jurga-clean-czysty-piekarnik-05l\/","title":{"rendered":"JURGA CLEAN \u010cIST\u00c1 TROUBA 0,5L \u2013 Siln\u00fd \u010disti\u010d na tuk a p\u0159ip\u00e1leniny"},"content":{"rendered":"<p class=\"\" data-start=\"1185\" data-end=\"1448\">Jurga CLEAN \u010cIST\u00c1 TROUBA je \u00fa\u010dinn\u00fd p\u0159\u00edpravek na odstra\u0148ov\u00e1n\u00ed p\u0159ip\u00e1lenin, mastnoty a ne\u010distot z vnit\u0159k\u016f trub, plech\u016f, ro\u0161t\u016f a grilovac\u00edch ploch. Modern\u00ed slo\u017een\u00ed rozpou\u0161t\u00ed ne\u010distoty bez pot\u0159eby drhnut\u00ed. Sprej je p\u0159ipraven k okam\u017eit\u00e9mu pou\u017eit\u00ed.<\/p>\n<p class=\"\" data-start=\"1450\" data-end=\"1464\"><strong data-start=\"1450\" data-end=\"1462\">Pou\u017eit\u00ed:<\/strong><\/p>\n<ul data-start=\"1465\" data-end=\"1569\">\n<li class=\"\" data-start=\"1465\" data-end=\"1501\">\n<p class=\"\" data-start=\"1467\" data-end=\"1501\">Vnit\u0159ky trub a pe\u010dic\u00edch za\u0159\u00edzen\u00ed<\/p>\n<\/li>\n<li class=\"\" data-start=\"1502\" data-end=\"1529\">\n<p class=\"\" data-start=\"1504\" data-end=\"1529\">Ro\u0161ty, plechy na pe\u010den\u00ed<\/p>\n<\/li>\n<li class=\"\" data-start=\"1530\" data-end=\"1545\">\n<p class=\"\" data-start=\"1532\" data-end=\"1545\">Dv\u00ed\u0159ka trub<\/p>\n<\/li>\n<li class=\"\" data-start=\"1546\" data-end=\"1569\">\n<p class=\"\" data-start=\"1548\" data-end=\"1569\">Grily a varn\u00e9 desky<\/p>\n<\/li>\n<\/ul>\n<p class=\"\" data-start=\"1571\" data-end=\"1586\"><strong data-start=\"1571\" data-end=\"1584\">Spot\u0159eba:<\/strong><\/p>\n<ul data-start=\"1587\" data-end=\"1627\">\n<li class=\"\" data-start=\"1587\" data-end=\"1627\">\n<p class=\"\" data-start=\"1589\" data-end=\"1627\">P\u0159ibli\u017en\u011b 15\u201325 ml\/m\u00b2 dle zne\u010di\u0161t\u011bn\u00ed<\/p>\n<\/li>\n<\/ul>\n","protected":false},"excerpt":{"rendered":"<blockquote>\n<p class=\"\" data-start=\"1645\" data-end=\"1670\"><strong>Siln\u00e9 a rychl\u00e9 p\u016fsoben\u00ed<\/strong><\/p>\n<p class=\"\" data-start=\"1673\" data-end=\"1702\"><strong>Rozpou\u0161t\u00ed tuk a p\u0159ip\u00e1leniny<\/strong><\/p>\n<p class=\"\" data-start=\"1705\" data-end=\"1742\"><strong>Nezni\u010d\u00ed kovov\u00e9 a smaltovan\u00e9 povrchy<\/strong><\/p>\n<p class=\"\" data-start=\"1745\" data-end=\"1773\"><strong>Sprej p\u0159ipraven\u00fd k pou\u017eit\u00ed<\/strong><\/p>\n<p class=\"\" data-start=\"1776\" data-end=\"1802\"><strong>Vhodn\u00e9 pro troubu i gril<\/strong><\/p>\n<\/blockquote>\n","protected":false},"featured_media":10209,"comment_status":"open","ping_status":"closed","template":"","meta":{"_acf_changed":false},"product_brand":[],"product_cat":[591,137],"product_tag":[],"class_list":{"0":"post-10210","1":"product","2":"type-product","3":"status-publish","4":"has-post-thumbnail","6":"product_cat-chemikalie","7":"product_cat-stavebni-chemie","8":"product_shipping_class-kurier-cs","9":"pa_producent-jurga-cs","11":"first","12":"instock","13":"taxable","14":"shipping-taxable","15":"purchasable","16":"product-type-simple"},"acf":[],"_links":{"self":[{"href":"https:\/\/sklep.thepartners.pl\/cs\/wp-json\/wp\/v2\/product\/10210","targetHints":{"allow":["GET"]}}],"collection":[{"href":"https:\/\/sklep.thepartners.pl\/cs\/wp-json\/wp\/v2\/product"}],"about":[{"href":"https:\/\/sklep.thepartners.pl\/cs\/wp-json\/wp\/v2\/types\/product"}],"replies":[{"embeddable":true,"href":"https:\/\/sklep.thepartners.pl\/cs\/wp-json\/wp\/v2\/comments?post=10210"}],"wp:featuredmedia":[{"embeddable":true,"href":"https:\/\/sklep.thepartners.pl\/cs\/wp-json\/wp\/v2\/media\/10209"}],"wp:attachment":[{"href":"https:\/\/sklep.thepartners.pl\/cs\/wp-json\/wp\/v2\/media?parent=10210"}],"wp:term":[{"taxonomy":"product_brand","embeddable":true,"href":"https:\/\/sklep.thepartners.pl\/cs\/wp-json\/wp\/v2\/product_brand?post=10210"},{"taxonomy":"product_cat","embeddable":true,"href":"https:\/\/sklep.thepartners.pl\/cs\/wp-json\/wp\/v2\/product_cat?post=10210"},{"taxonomy":"product_tag","embeddable":true,"href":"https:\/\/sklep.thepartners.pl\/cs\/wp-json\/wp\/v2\/product_tag?post=10210"}],"curies":[{"name":"wp","href":"https:\/\/api.w.org\/{rel}","templated":true}]}}