{"id":10255,"date":"2025-05-13T10:18:08","date_gmt":"2025-05-13T08:18:08","guid":{"rendered":"https:\/\/sklep.thepartners.pl\/?post_type=product&#038;p=10255"},"modified":"2025-10-02T09:29:35","modified_gmt":"2025-10-02T07:29:35","slug":"kostka-brukowa-spectra-6cm-976m2","status":"publish","type":"product","link":"https:\/\/sklep.thepartners.pl\/cs\/produkt\/kostka-brukowa-spectra-6cm-976m2\/","title":{"rendered":"Z\u00e1mkov\u00e1 dla\u017eba Spectra 6cm, 9,76m2"},"content":{"rendered":"<p class=\"\" data-start=\"873\" data-end=\"1060\">Z\u00e1mkov\u00e1 dla\u017eba Spectra spojuje styl s prakti\u010dnost\u00ed. Velk\u00fd form\u00e1t a barevn\u00e1 paleta Multikolor umo\u017e\u0148uj\u00ed tvo\u0159it origin\u00e1ln\u00ed vzory vhodn\u00e9 pro modern\u00ed i klasick\u00e9 prostory.<\/p>\n<p class=\"\" data-start=\"1145\" data-end=\"1158\"><strong data-start=\"1145\" data-end=\"1156\">V\u00fdhody:<\/strong><\/p>\n<ul data-start=\"1159\" data-end=\"1301\">\n<li class=\"\" data-start=\"1159\" data-end=\"1198\">\n<p class=\"\" data-start=\"1161\" data-end=\"1198\">Elegantn\u00ed form\u00e1t pro modern\u00ed vzhled<\/p>\n<\/li>\n<li class=\"\" data-start=\"1199\" data-end=\"1222\">\n<p class=\"\" data-start=\"1201\" data-end=\"1222\">Barevn\u00e1 variabilita<\/p>\n<\/li>\n<li class=\"\" data-start=\"1223\" data-end=\"1260\">\n<p class=\"\" data-start=\"1225\" data-end=\"1260\">Vysok\u00e1 odolnost proti pov\u011btrnosti<\/p>\n<\/li>\n<li class=\"\" data-start=\"1261\" data-end=\"1301\">\n<p class=\"\" data-start=\"1263\" data-end=\"1301\">Vhodn\u00e9 pro soukrom\u00e9 i ve\u0159ejn\u00e9 plochy<\/p>\n<\/li>\n<\/ul>\n","protected":false},"excerpt":{"rendered":"<p><strong>Doporu\u010den\u00e9 pou\u017eit\u00ed:<\/strong><\/p>\n<p><strong> Perfektn\u00ed pro p\u0159\u00edjezdov\u00e9 cesty, parkovi\u0161t\u011b, chodn\u00edky, terasy, zahrady, cesty, uli\u010dky a silnice.<\/strong><\/p>\n<p><strong>Zat\u00ed\u017een\u00ed: Vhodn\u00e9 pro p\u011b\u0161\u00ed provoz a vozidla do 3,5 tuny.<\/strong><\/p>\n","protected":false},"featured_media":10252,"comment_status":"open","ping_status":"closed","template":"","meta":{"_acf_changed":false},"product_brand":[],"product_cat":[151,152],"product_tag":[1344,1345],"class_list":{"0":"post-10255","1":"product","2":"type-product","3":"status-publish","4":"has-post-thumbnail","6":"product_cat-dlazebni-kostky","7":"product_cat-betonova-dlazba","8":"product_tag-bruk-cs","9":"product_tag-spectra-cs","10":"product_shipping_class-transport-the-partners-cs","11":"pa_kolor-multikolor-diamond-cs","12":"pa_kolor-multikolor-gothic-cs","13":"pa_producent-bruk-cs","15":"first","16":"onbackorder","17":"taxable","18":"shipping-taxable","19":"purchasable","20":"product-type-variable"},"acf":[],"_links":{"self":[{"href":"https:\/\/sklep.thepartners.pl\/cs\/wp-json\/wp\/v2\/product\/10255","targetHints":{"allow":["GET"]}}],"collection":[{"href":"https:\/\/sklep.thepartners.pl\/cs\/wp-json\/wp\/v2\/product"}],"about":[{"href":"https:\/\/sklep.thepartners.pl\/cs\/wp-json\/wp\/v2\/types\/product"}],"replies":[{"embeddable":true,"href":"https:\/\/sklep.thepartners.pl\/cs\/wp-json\/wp\/v2\/comments?post=10255"}],"wp:featuredmedia":[{"embeddable":true,"href":"https:\/\/sklep.thepartners.pl\/cs\/wp-json\/wp\/v2\/media\/10252"}],"wp:attachment":[{"href":"https:\/\/sklep.thepartners.pl\/cs\/wp-json\/wp\/v2\/media?parent=10255"}],"wp:term":[{"taxonomy":"product_brand","embeddable":true,"href":"https:\/\/sklep.thepartners.pl\/cs\/wp-json\/wp\/v2\/product_brand?post=10255"},{"taxonomy":"product_cat","embeddable":true,"href":"https:\/\/sklep.thepartners.pl\/cs\/wp-json\/wp\/v2\/product_cat?post=10255"},{"taxonomy":"product_tag","embeddable":true,"href":"https:\/\/sklep.thepartners.pl\/cs\/wp-json\/wp\/v2\/product_tag?post=10255"}],"curies":[{"name":"wp","href":"https:\/\/api.w.org\/{rel}","templated":true}]}}