{"id":10332,"date":"2025-05-26T09:40:30","date_gmt":"2025-05-26T07:40:30","guid":{"rendered":"https:\/\/sklep.thepartners.pl\/produkt\/porotherm-30-dryfix-pw-nowoczesny-pustak-ceramiczny-do-szybkiego-murowania-na-sucho\/"},"modified":"2025-05-26T10:52:09","modified_gmt":"2025-05-26T08:52:09","slug":"porotherm-30-dryfix-pw-nowoczesny-pustak-ceramiczny-do-szybkiego-murowania-na-sucho","status":"publish","type":"product","link":"https:\/\/sklep.thepartners.pl\/cs\/produkt\/porotherm-30-dryfix-pw-nowoczesny-pustak-ceramiczny-do-szybkiego-murowania-na-sucho\/","title":{"rendered":"Cihla POROTHERM 30 DRYFIX P+W \u2013 Modern\u00ed keramick\u00e1 tv\u00e1rnice pro such\u00e9 zd\u011bn\u00ed"},"content":{"rendered":"<p data-start=\"1186\" data-end=\"1437\">POROTHERM 30 DRYFIX P+W je keramick\u00e1 tv\u00e1rnice ur\u010den\u00e1 pro v\u00fdstavbu nosn\u00fdch a p\u0159\u00ed\u010dkov\u00fdch st\u011bn metodou such\u00e9ho zd\u011bn\u00ed s pou\u017eit\u00edm p\u011bny Dryfix. Profil pero-dr\u00e1\u017eka zaji\u0161\u0165uje p\u0159esn\u00e9 spojen\u00ed bez pot\u0159eby malty, co\u017e v\u00fdrazn\u011b urychluje pr\u00e1ci.<\/p>\n<p data-start=\"1565\" data-end=\"1578\"><strong data-start=\"1565\" data-end=\"1576\">V\u00fdhody:<\/strong><\/p>\n<ul data-start=\"1579\" data-end=\"1723\">\n<li data-start=\"1579\" data-end=\"1615\">\n<p data-start=\"1581\" data-end=\"1615\">Zd\u011bn\u00ed bez malty \u2013 \u010dist\u00e9 a rychl\u00e9<\/p>\n<\/li>\n<li data-start=\"1616\" data-end=\"1653\">\n<p data-start=\"1618\" data-end=\"1653\">P\u0159esn\u00e9 rozm\u011bry, snadn\u00e1 manipulace<\/p>\n<\/li>\n<li data-start=\"1654\" data-end=\"1693\">\n<p data-start=\"1656\" data-end=\"1693\">V\u00fdborn\u00e1 tepeln\u00e1 a akustick\u00e1 izolace<\/p>\n<\/li>\n<li data-start=\"1694\" data-end=\"1723\">\n<p data-start=\"1696\" data-end=\"1723\">Sou\u010d\u00e1st syst\u00e9mu Porotherm<\/p>\n<\/li>\n<\/ul>\n","protected":false},"excerpt":{"rendered":"<blockquote>\n<p data-start=\"1439\" data-end=\"1453\"><strong data-start=\"1439\" data-end=\"1451\">Pou\u017eit\u00ed:<\/strong><\/p>\n<ul data-start=\"1454\" data-end=\"1563\">\n<li data-start=\"1454\" data-end=\"1479\">\n<p data-start=\"1456\" data-end=\"1479\">Nosn\u00e9 a nenosn\u00e9 st\u011bny<\/p>\n<\/li>\n<li data-start=\"1480\" data-end=\"1506\">\n<p data-start=\"1482\" data-end=\"1506\">P\u0159\u00ed\u010dky a vnit\u0159n\u00ed st\u011bny<\/p>\n<\/li>\n<li data-start=\"1507\" data-end=\"1532\">\n<p data-start=\"1509\" data-end=\"1532\">Rodinn\u00e9 i bytov\u00e9 domy<\/p>\n<\/li>\n<li data-start=\"1533\" data-end=\"1563\">\n<p data-start=\"1535\" data-end=\"1563\">Energeticky \u00fasporn\u00e9 stavby<\/p>\n<\/li>\n<\/ul>\n<\/blockquote>\n","protected":false},"featured_media":10331,"comment_status":"open","ping_status":"closed","template":"","meta":{"_acf_changed":false},"product_brand":[],"product_cat":[156,161],"product_tag":[1353],"class_list":{"0":"post-10332","1":"product","2":"type-product","3":"status-publish","4":"has-post-thumbnail","6":"product_cat-stavebni-materialy","7":"product_cat-keramicke-tvarnice","8":"product_tag-porotherm-dryfix-cs","9":"product_shipping_class-transport-the-partners-cs","10":"pa_ilosc-opakowan-na-palecie-80-cs","11":"pa_producent-wienerberger-cs","12":"pa_zuzycie-16-m-cs","14":"first","15":"instock","16":"taxable","17":"shipping-taxable","18":"purchasable","19":"product-type-simple"},"acf":[],"_links":{"self":[{"href":"https:\/\/sklep.thepartners.pl\/cs\/wp-json\/wp\/v2\/product\/10332","targetHints":{"allow":["GET"]}}],"collection":[{"href":"https:\/\/sklep.thepartners.pl\/cs\/wp-json\/wp\/v2\/product"}],"about":[{"href":"https:\/\/sklep.thepartners.pl\/cs\/wp-json\/wp\/v2\/types\/product"}],"replies":[{"embeddable":true,"href":"https:\/\/sklep.thepartners.pl\/cs\/wp-json\/wp\/v2\/comments?post=10332"}],"wp:featuredmedia":[{"embeddable":true,"href":"https:\/\/sklep.thepartners.pl\/cs\/wp-json\/wp\/v2\/media\/10331"}],"wp:attachment":[{"href":"https:\/\/sklep.thepartners.pl\/cs\/wp-json\/wp\/v2\/media?parent=10332"}],"wp:term":[{"taxonomy":"product_brand","embeddable":true,"href":"https:\/\/sklep.thepartners.pl\/cs\/wp-json\/wp\/v2\/product_brand?post=10332"},{"taxonomy":"product_cat","embeddable":true,"href":"https:\/\/sklep.thepartners.pl\/cs\/wp-json\/wp\/v2\/product_cat?post=10332"},{"taxonomy":"product_tag","embeddable":true,"href":"https:\/\/sklep.thepartners.pl\/cs\/wp-json\/wp\/v2\/product_tag?post=10332"}],"curies":[{"name":"wp","href":"https:\/\/api.w.org\/{rel}","templated":true}]}}