{"id":10340,"date":"2025-05-26T11:04:00","date_gmt":"2025-05-26T09:04:00","guid":{"rendered":"https:\/\/sklep.thepartners.pl\/produkt\/porotherm-115-dryfix-pw-kl-10-klima-pustak-dzialowy-o-podwyzszonych-wlasciwosciach-izolacyjnych\/"},"modified":"2025-05-26T11:33:45","modified_gmt":"2025-05-26T09:33:45","slug":"porotherm-115-dryfix-pw-kl-10-klima-pustak-dzialowy-o-podwyzszonych-wlasciwosciach-izolacyjnych","status":"publish","type":"product","link":"https:\/\/sklep.thepartners.pl\/cs\/produkt\/porotherm-115-dryfix-pw-kl-10-klima-pustak-dzialowy-o-podwyzszonych-wlasciwosciach-izolacyjnych\/","title":{"rendered":"Cihla POROTHERM 11,5 DRYFIX P+W t\u0159\u00edda 10 KLIMA \u2013 P\u0159\u00ed\u010dkov\u00e1 tv\u00e1rnice s vy\u0161\u0161\u00ed tepelnou a akustickou izolac\u00ed"},"content":{"rendered":"<p data-start=\"1261\" data-end=\"1517\">POROTHERM 11,5 DRYFIX P+W t\u0159\u00edda 10 KLIMA je lehk\u00e1 keramick\u00e1 tv\u00e1rnice ur\u010den\u00e1 pro zd\u011bn\u00ed vnit\u0159n\u00edch p\u0159\u00ed\u010dek bez malty, pomoc\u00ed syst\u00e9mu Dryfix. D\u00edky pevnosti t\u0159\u00eddy 10 a lep\u0161\u00edm izola\u010dn\u00edm vlastnostem KLIMA se hod\u00ed pro modern\u00ed a \u00fasporn\u00e9 stavby.<\/p>\n<p data-start=\"1684\" data-end=\"1697\"><strong data-start=\"1684\" data-end=\"1695\">V\u00fdhody:<\/strong><\/p>\n<ul data-start=\"1698\" data-end=\"1853\">\n<li data-start=\"1698\" data-end=\"1737\">\n<p data-start=\"1700\" data-end=\"1737\">T\u0159\u00edda pevnosti 10 \u2013 v\u011bt\u0161\u00ed stabilita<\/p>\n<\/li>\n<li data-start=\"1738\" data-end=\"1765\">\n<p data-start=\"1740\" data-end=\"1765\">Rychl\u00e1 mont\u00e1\u017e bez malty<\/p>\n<\/li>\n<li data-start=\"1766\" data-end=\"1805\">\n<p data-start=\"1768\" data-end=\"1805\">Zv\u00fd\u0161en\u00e1 tepeln\u00e1 a akustick\u00e1 izolace<\/p>\n<\/li>\n<li data-start=\"1806\" data-end=\"1828\">\n<p data-start=\"1808\" data-end=\"1828\">Syst\u00e9m pero-dr\u00e1\u017eka<\/p>\n<\/li>\n<li data-start=\"1829\" data-end=\"1853\">\n<p data-start=\"1831\" data-end=\"1853\">\u010cist\u00e9 a p\u0159esn\u00e9 zd\u011bn\u00ed<\/p>\n<\/li>\n<\/ul>\n","protected":false},"excerpt":{"rendered":"<blockquote>\n<p data-start=\"1519\" data-end=\"1533\"><strong data-start=\"1519\" data-end=\"1531\">Pou\u017eit\u00ed:<\/strong><\/p>\n<ul data-start=\"1534\" data-end=\"1682\">\n<li data-start=\"1534\" data-end=\"1570\">\n<p data-start=\"1536\" data-end=\"1570\">Vnit\u0159n\u00ed p\u0159\u00ed\u010dky v domech a bytech<\/p>\n<\/li>\n<li data-start=\"1571\" data-end=\"1603\">\n<p data-start=\"1573\" data-end=\"1603\">D\u011bl\u00edc\u00ed st\u011bny mezi m\u00edstnostmi<\/p>\n<\/li>\n<li data-start=\"1604\" data-end=\"1646\">\n<p data-start=\"1606\" data-end=\"1646\">Objekty s vy\u0161\u0161\u00edmi po\u017eadavky na komfort<\/p>\n<\/li>\n<li data-start=\"1647\" data-end=\"1682\">\n<p data-start=\"1649\" data-end=\"1682\">Pasivn\u00ed a n\u00edzkoenergetick\u00e9 domy<\/p>\n<\/li>\n<\/ul>\n<\/blockquote>\n","protected":false},"featured_media":10338,"comment_status":"open","ping_status":"closed","template":"","meta":{"_acf_changed":false},"product_brand":[],"product_cat":[156,161],"product_tag":[1358],"class_list":{"0":"post-10340","1":"product","2":"type-product","3":"status-publish","4":"has-post-thumbnail","6":"product_cat-stavebni-materialy","7":"product_cat-keramicke-tvarnice","8":"product_tag-porotherm-11-cs","9":"product_shipping_class-transport-the-partners-cs","10":"pa_ilosc-opakowan-na-palecie-100-cs","11":"pa_producent-wienerberger-cs","12":"pa_zuzycie-8szt-m2-cs","14":"first","15":"instock","16":"taxable","17":"shipping-taxable","18":"purchasable","19":"product-type-simple"},"acf":[],"_links":{"self":[{"href":"https:\/\/sklep.thepartners.pl\/cs\/wp-json\/wp\/v2\/product\/10340","targetHints":{"allow":["GET"]}}],"collection":[{"href":"https:\/\/sklep.thepartners.pl\/cs\/wp-json\/wp\/v2\/product"}],"about":[{"href":"https:\/\/sklep.thepartners.pl\/cs\/wp-json\/wp\/v2\/types\/product"}],"replies":[{"embeddable":true,"href":"https:\/\/sklep.thepartners.pl\/cs\/wp-json\/wp\/v2\/comments?post=10340"}],"wp:featuredmedia":[{"embeddable":true,"href":"https:\/\/sklep.thepartners.pl\/cs\/wp-json\/wp\/v2\/media\/10338"}],"wp:attachment":[{"href":"https:\/\/sklep.thepartners.pl\/cs\/wp-json\/wp\/v2\/media?parent=10340"}],"wp:term":[{"taxonomy":"product_brand","embeddable":true,"href":"https:\/\/sklep.thepartners.pl\/cs\/wp-json\/wp\/v2\/product_brand?post=10340"},{"taxonomy":"product_cat","embeddable":true,"href":"https:\/\/sklep.thepartners.pl\/cs\/wp-json\/wp\/v2\/product_cat?post=10340"},{"taxonomy":"product_tag","embeddable":true,"href":"https:\/\/sklep.thepartners.pl\/cs\/wp-json\/wp\/v2\/product_tag?post=10340"}],"curies":[{"name":"wp","href":"https:\/\/api.w.org\/{rel}","templated":true}]}}