{"id":10344,"date":"2025-05-26T11:34:22","date_gmt":"2025-05-26T09:34:22","guid":{"rendered":"https:\/\/sklep.thepartners.pl\/produkt\/pustak-ceramiczny-porotherm-30-profi-kl-15-szlifowany-pustak-ceramiczny-do-scian-nosnych\/"},"modified":"2025-05-26T12:04:10","modified_gmt":"2025-05-26T10:04:10","slug":"pustak-ceramiczny-porotherm-30-profi-kl-15-szlifowany-pustak-ceramiczny-do-scian-nosnych","status":"publish","type":"product","link":"https:\/\/sklep.thepartners.pl\/cs\/produkt\/pustak-ceramiczny-porotherm-30-profi-kl-15-szlifowany-pustak-ceramiczny-do-scian-nosnych\/","title":{"rendered":"Cihla Porotherm 30 Profi t\u0159\u00edda 15 \u2013 Brou\u0161en\u00e1 ciheln\u00e1 tv\u00e1rnice pro nosn\u00e9 zdivo"},"content":{"rendered":"<p data-start=\"1201\" data-end=\"1476\">Porotherm 30 Profi t\u0159\u00eddy 15 je brou\u0161en\u00e1 keramick\u00e1 tv\u00e1rnice ur\u010den\u00e1 pro nosn\u00e9 zdivo. D\u00edky p\u0159esn\u00e9mu brou\u0161en\u00ed a pou\u017eit\u00ed tenkovrstv\u00e9 malty je zd\u011bn\u00ed rychl\u00e9, p\u0159esn\u00e9 a energeticky efektivn\u00ed. Vy\u0161\u0161\u00ed pevnost t\u0159\u00eddy 15 zaji\u0161\u0165uje bezpe\u010dnost i u v\u00edcepodla\u017en\u00edch staveb.<\/p>\n<p data-start=\"1627\" data-end=\"1640\"><strong data-start=\"1627\" data-end=\"1638\">V\u00fdhody:<\/strong><\/p>\n<ul data-start=\"1641\" data-end=\"1811\">\n<li data-start=\"1641\" data-end=\"1680\">\n<p data-start=\"1643\" data-end=\"1680\">Pevnost t\u0159\u00eddy 15 \u2013 vysok\u00e1 stabilita<\/p>\n<\/li>\n<li data-start=\"1681\" data-end=\"1723\">\n<p data-start=\"1683\" data-end=\"1723\">Brou\u0161en\u00fd povrch \u2013 men\u0161\u00ed spot\u0159eba malty<\/p>\n<\/li>\n<li data-start=\"1724\" data-end=\"1752\">\n<p data-start=\"1726\" data-end=\"1752\">Rychl\u00e1 a p\u0159esn\u00e1 v\u00fdstavba<\/p>\n<\/li>\n<li data-start=\"1753\" data-end=\"1783\">\n<p data-start=\"1755\" data-end=\"1783\">V\u00fdborn\u00e9 tepeln\u00e9 vlastnosti<\/p>\n<\/li>\n<li data-start=\"1784\" data-end=\"1811\">\n<p data-start=\"1786\" data-end=\"1811\">Omezen\u00ed tepeln\u00fdch most\u016f<\/p>\n<\/li>\n<\/ul>\n","protected":false},"excerpt":{"rendered":"<blockquote>\n<p data-start=\"1478\" data-end=\"1492\"><strong data-start=\"1478\" data-end=\"1490\">Pou\u017eit\u00ed:<\/strong><\/p>\n<ul data-start=\"1493\" data-end=\"1625\">\n<li data-start=\"1493\" data-end=\"1523\">\n<p data-start=\"1495\" data-end=\"1523\">Nosn\u00e9 zdi vn\u011bj\u0161\u00ed a vnit\u0159n\u00ed<\/p>\n<\/li>\n<li data-start=\"1524\" data-end=\"1549\">\n<p data-start=\"1526\" data-end=\"1549\">Rodinn\u00e9 a bytov\u00e9 domy<\/p>\n<\/li>\n<li data-start=\"1550\" data-end=\"1587\">\n<p data-start=\"1552\" data-end=\"1587\">Pasivn\u00ed a n\u00edzkoenergetick\u00e9 stavby<\/p>\n<\/li>\n<li data-start=\"1588\" data-end=\"1625\">\n<p data-start=\"1590\" data-end=\"1625\">Stavebn\u00ed objekty s vy\u0161\u0161\u00edmi n\u00e1roky<\/p>\n<\/li>\n<\/ul>\n<\/blockquote>\n","protected":false},"featured_media":10343,"comment_status":"open","ping_status":"closed","template":"","meta":{"_acf_changed":false},"product_brand":[],"product_cat":[161,156],"product_tag":[1361],"class_list":{"0":"post-10344","1":"product","2":"type-product","3":"status-publish","4":"has-post-thumbnail","6":"product_cat-keramicke-tvarnice","7":"product_cat-stavebni-materialy","8":"product_tag-porotherm-30-kl15-profi-cs","9":"product_shipping_class-transport-the-partners-cs","10":"pa_ilosc-opakowan-na-palecie-80-cs","11":"pa_producent-wienerberger-cs","12":"pa_zuzycie-16-m-cs","14":"first","15":"instock","16":"taxable","17":"shipping-taxable","18":"purchasable","19":"product-type-simple"},"acf":[],"_links":{"self":[{"href":"https:\/\/sklep.thepartners.pl\/cs\/wp-json\/wp\/v2\/product\/10344","targetHints":{"allow":["GET"]}}],"collection":[{"href":"https:\/\/sklep.thepartners.pl\/cs\/wp-json\/wp\/v2\/product"}],"about":[{"href":"https:\/\/sklep.thepartners.pl\/cs\/wp-json\/wp\/v2\/types\/product"}],"replies":[{"embeddable":true,"href":"https:\/\/sklep.thepartners.pl\/cs\/wp-json\/wp\/v2\/comments?post=10344"}],"wp:featuredmedia":[{"embeddable":true,"href":"https:\/\/sklep.thepartners.pl\/cs\/wp-json\/wp\/v2\/media\/10343"}],"wp:attachment":[{"href":"https:\/\/sklep.thepartners.pl\/cs\/wp-json\/wp\/v2\/media?parent=10344"}],"wp:term":[{"taxonomy":"product_brand","embeddable":true,"href":"https:\/\/sklep.thepartners.pl\/cs\/wp-json\/wp\/v2\/product_brand?post=10344"},{"taxonomy":"product_cat","embeddable":true,"href":"https:\/\/sklep.thepartners.pl\/cs\/wp-json\/wp\/v2\/product_cat?post=10344"},{"taxonomy":"product_tag","embeddable":true,"href":"https:\/\/sklep.thepartners.pl\/cs\/wp-json\/wp\/v2\/product_tag?post=10344"}],"curies":[{"name":"wp","href":"https:\/\/api.w.org\/{rel}","templated":true}]}}