{"id":10351,"date":"2025-05-26T12:08:29","date_gmt":"2025-05-26T10:08:29","guid":{"rendered":"https:\/\/sklep.thepartners.pl\/produkt\/porotherm-25-profi-pw-kl-15-szlifowany-pustak-ceramiczny-do-scian-konstrukcyjnych\/"},"modified":"2025-05-26T12:32:41","modified_gmt":"2025-05-26T10:32:41","slug":"porotherm-25-profi-pw-kl-15-szlifowany-pustak-ceramiczny-do-scian-konstrukcyjnych","status":"publish","type":"product","link":"https:\/\/sklep.thepartners.pl\/cs\/produkt\/porotherm-25-profi-pw-kl-15-szlifowany-pustak-ceramiczny-do-scian-konstrukcyjnych\/","title":{"rendered":"POROTHERM 25 PROFI P+W t\u0159\u00edda 15 \u2013 Brou\u0161en\u00e1 tv\u00e1rnice pro nosn\u00e9 zdivo"},"content":{"rendered":"<p data-start=\"1272\" data-end=\"1555\">POROTHERM 25 PROFI P+W t\u0159\u00eddy 15 je brou\u0161en\u00e1 ciheln\u00e1 tv\u00e1rnice ur\u010den\u00e1 pro nosn\u00e9 a p\u0159\u00ed\u010dkov\u00e9 zdivo. Spojen\u00ed p\u00e9ro-dr\u00e1\u017eka a vysok\u00e1 pevnost umo\u017e\u0148uj\u00ed rychlou, p\u0159esnou a bezpe\u010dnou v\u00fdstavbu. Skv\u011bl\u00e1 volba pro modern\u00ed, \u00fasporn\u00e9 stavby s d\u016frazem na kvalitu a tepeln\u00fd komfort.<\/p>\n<p data-start=\"1692\" data-end=\"1705\"><strong data-start=\"1692\" data-end=\"1703\">V\u00fdhody:<\/strong><\/p>\n<ul data-start=\"1706\" data-end=\"1901\">\n<li data-start=\"1706\" data-end=\"1746\">\n<p data-start=\"1708\" data-end=\"1746\">T\u0159\u00edda pevnosti 15 \u2013 vysok\u00e1 stabilita<\/p>\n<\/li>\n<li data-start=\"1747\" data-end=\"1794\">\n<p data-start=\"1749\" data-end=\"1794\">Brou\u0161en\u00fd povrch \u2013 pou\u017eit\u00ed tenkovrstv\u00e9 malty<\/p>\n<\/li>\n<li data-start=\"1795\" data-end=\"1834\">\n<p data-start=\"1797\" data-end=\"1834\">Spojen\u00ed P+W \u2013 p\u0159esn\u00e1 a pevn\u00e1 mont\u00e1\u017e<\/p>\n<\/li>\n<li data-start=\"1835\" data-end=\"1864\">\n<p data-start=\"1837\" data-end=\"1864\">Tepeln\u00e1 a zvukov\u00e1 izolace<\/p>\n<\/li>\n<li data-start=\"1865\" data-end=\"1901\">\n<p data-start=\"1867\" data-end=\"1901\">Rychl\u00e1, \u010dist\u00e1 a \u00fasporn\u00e1 v\u00fdstavba<\/p>\n<\/li>\n<\/ul>\n","protected":false},"excerpt":{"rendered":"<blockquote>\n<p data-start=\"1557\" data-end=\"1571\"><strong data-start=\"1557\" data-end=\"1569\">Pou\u017eit\u00ed:<\/strong><\/p>\n<ul data-start=\"1572\" data-end=\"1690\">\n<li data-start=\"1572\" data-end=\"1595\">\n<p data-start=\"1574\" data-end=\"1595\">Nosn\u00e9 a vnit\u0159n\u00ed zdi<\/p>\n<\/li>\n<li data-start=\"1596\" data-end=\"1626\">\n<p data-start=\"1598\" data-end=\"1626\">P\u0159\u00ed\u010dky a konstruk\u010dn\u00ed st\u011bny<\/p>\n<\/li>\n<li data-start=\"1627\" data-end=\"1652\">\n<p data-start=\"1629\" data-end=\"1652\">Rodinn\u00e9 a bytov\u00e9 domy<\/p>\n<\/li>\n<li data-start=\"1653\" data-end=\"1690\">\n<p data-start=\"1655\" data-end=\"1690\">Stavebn\u00ed objekty s vy\u0161\u0161\u00ed nosnost\u00ed<\/p>\n<\/li>\n<\/ul>\n<ul data-start=\"757\" data-end=\"923\">\n<li data-start=\"869\" data-end=\"923\">\n<p data-start=\"871\" data-end=\"923\">Obiekty o zwi\u0119kszonych wymaganiach konstrukcyjnych<\/p>\n<\/li>\n<\/ul>\n<\/blockquote>\n","protected":false},"featured_media":10348,"comment_status":"open","ping_status":"closed","template":"","meta":{"_acf_changed":false},"product_brand":[],"product_cat":[156,161],"product_tag":[1365],"class_list":{"0":"post-10351","1":"product","2":"type-product","3":"status-publish","4":"has-post-thumbnail","6":"product_cat-stavebni-materialy","7":"product_cat-keramicke-tvarnice","8":"product_tag-porotherm-25-profi-pw-kl-15-cs","9":"product_shipping_class-transport-the-partners-cs","10":"pa_ilosc-opakowan-na-palecie-72-cs","11":"pa_producent-wienerberger-cs","12":"pa_zuzycie-107-m2-cs","14":"first","15":"instock","16":"taxable","17":"shipping-taxable","18":"purchasable","19":"product-type-simple"},"acf":[],"_links":{"self":[{"href":"https:\/\/sklep.thepartners.pl\/cs\/wp-json\/wp\/v2\/product\/10351","targetHints":{"allow":["GET"]}}],"collection":[{"href":"https:\/\/sklep.thepartners.pl\/cs\/wp-json\/wp\/v2\/product"}],"about":[{"href":"https:\/\/sklep.thepartners.pl\/cs\/wp-json\/wp\/v2\/types\/product"}],"replies":[{"embeddable":true,"href":"https:\/\/sklep.thepartners.pl\/cs\/wp-json\/wp\/v2\/comments?post=10351"}],"wp:featuredmedia":[{"embeddable":true,"href":"https:\/\/sklep.thepartners.pl\/cs\/wp-json\/wp\/v2\/media\/10348"}],"wp:attachment":[{"href":"https:\/\/sklep.thepartners.pl\/cs\/wp-json\/wp\/v2\/media?parent=10351"}],"wp:term":[{"taxonomy":"product_brand","embeddable":true,"href":"https:\/\/sklep.thepartners.pl\/cs\/wp-json\/wp\/v2\/product_brand?post=10351"},{"taxonomy":"product_cat","embeddable":true,"href":"https:\/\/sklep.thepartners.pl\/cs\/wp-json\/wp\/v2\/product_cat?post=10351"},{"taxonomy":"product_tag","embeddable":true,"href":"https:\/\/sklep.thepartners.pl\/cs\/wp-json\/wp\/v2\/product_tag?post=10351"}],"curies":[{"name":"wp","href":"https:\/\/api.w.org\/{rel}","templated":true}]}}