{"id":10356,"date":"2025-05-26T12:33:16","date_gmt":"2025-05-26T10:33:16","guid":{"rendered":"https:\/\/sklep.thepartners.pl\/produkt\/porotherm-115-profi-kl-10-szlifowany-pustak-ceramiczny-do-scian-dzialowych\/"},"modified":"2025-05-26T12:50:46","modified_gmt":"2025-05-26T10:50:46","slug":"porotherm-115-profi-kl-10-szlifowany-pustak-ceramiczny-do-scian-dzialowych","status":"publish","type":"product","link":"https:\/\/sklep.thepartners.pl\/cs\/produkt\/porotherm-115-profi-kl-10-szlifowany-pustak-ceramiczny-do-scian-dzialowych\/","title":{"rendered":"POROTHERM 11,5 PROFI t\u0159\u00edda 10 \u2013 Brou\u0161en\u00e1 p\u0159\u00ed\u010dkov\u00e1 tv\u00e1rnice pro interi\u00e9ry"},"content":{"rendered":"<p data-start=\"1153\" data-end=\"1442\">POROTHERM 11,5 PROFI t\u0159\u00eddy 10 je lehk\u00e1 keramick\u00e1 tv\u00e1rnice s brou\u0161en\u00fdm povrchem ur\u010den\u00e1 pro v\u00fdstavbu vnit\u0159n\u00edch p\u0159\u00ed\u010dek. Pokl\u00e1d\u00e1 se na tenkovrstvou maltu, co\u017e urychluje pr\u00e1ci a sni\u017euje spot\u0159ebu materi\u00e1lu. Ide\u00e1ln\u00ed \u0159e\u0161en\u00ed pro p\u0159esn\u00e9 a \u00fasporn\u00e9 zd\u011bn\u00ed v modern\u00edm stavebnictv\u00ed.<\/p>\n<p data-start=\"1571\" data-end=\"1584\"><strong data-start=\"1571\" data-end=\"1582\">V\u00fdhody:<\/strong><\/p>\n<ul data-start=\"1585\" data-end=\"1763\">\n<li data-start=\"1585\" data-end=\"1624\">\n<p data-start=\"1587\" data-end=\"1624\">Zd\u011bn\u00ed na tenkou maltu \u2013 \u010dist\u00e1 pr\u00e1ce<\/p>\n<\/li>\n<li data-start=\"1625\" data-end=\"1669\">\n<p data-start=\"1627\" data-end=\"1669\">T\u0159\u00edda pevnosti 10 \u2013 dostate\u010dn\u00e1 stabilita<\/p>\n<\/li>\n<li data-start=\"1670\" data-end=\"1707\">\n<p data-start=\"1672\" data-end=\"1707\">N\u00edzk\u00e1 hmotnost, snadn\u00e1 manipulace<\/p>\n<\/li>\n<li data-start=\"1708\" data-end=\"1731\">\n<p data-start=\"1710\" data-end=\"1731\">Spojen\u00ed pero-dr\u00e1\u017eka<\/p>\n<\/li>\n<li data-start=\"1732\" data-end=\"1763\">\n<p data-start=\"1734\" data-end=\"1763\">Rychl\u00e1 a efektivn\u00ed v\u00fdstavba<\/p>\n<\/li>\n<\/ul>\n","protected":false},"excerpt":{"rendered":"<blockquote>\n<p data-start=\"1444\" data-end=\"1458\"><strong data-start=\"1444\" data-end=\"1456\">Pou\u017eit\u00ed:<\/strong><\/p>\n<ul data-start=\"1459\" data-end=\"1569\">\n<li data-start=\"1459\" data-end=\"1477\">\n<p data-start=\"1461\" data-end=\"1477\">Vnit\u0159n\u00ed p\u0159\u00ed\u010dky<\/p>\n<\/li>\n<li data-start=\"1478\" data-end=\"1514\">\n<p data-start=\"1480\" data-end=\"1514\">Odd\u011blovac\u00ed st\u011bny mezi m\u00edstnostmi<\/p>\n<\/li>\n<li data-start=\"1515\" data-end=\"1540\">\n<p data-start=\"1517\" data-end=\"1540\">Rodinn\u00e9 a bytov\u00e9 domy<\/p>\n<\/li>\n<li data-start=\"1541\" data-end=\"1569\">\n<p data-start=\"1543\" data-end=\"1569\">Obytn\u00e9 i komer\u010dn\u00ed budovy<\/p>\n<\/li>\n<\/ul>\n<\/blockquote>\n","protected":false},"featured_media":10355,"comment_status":"open","ping_status":"closed","template":"","meta":{"_acf_changed":false},"product_brand":[],"product_cat":[156,161],"product_tag":[1370,1371],"class_list":{"0":"post-10356","1":"product","2":"type-product","3":"status-publish","4":"has-post-thumbnail","6":"product_cat-stavebni-materialy","7":"product_cat-keramicke-tvarnice","8":"product_tag-pustak-porotherm-11-cs","9":"product_tag-5-cs","10":"product_shipping_class-transport-the-partners-cs","11":"pa_ilosc-opakowan-na-palecie-100-cs","12":"pa_producent-wienerberger-cs","13":"pa_zuzycie-8szt-m2-cs","15":"first","16":"instock","17":"taxable","18":"shipping-taxable","19":"purchasable","20":"product-type-simple"},"acf":[],"_links":{"self":[{"href":"https:\/\/sklep.thepartners.pl\/cs\/wp-json\/wp\/v2\/product\/10356","targetHints":{"allow":["GET"]}}],"collection":[{"href":"https:\/\/sklep.thepartners.pl\/cs\/wp-json\/wp\/v2\/product"}],"about":[{"href":"https:\/\/sklep.thepartners.pl\/cs\/wp-json\/wp\/v2\/types\/product"}],"replies":[{"embeddable":true,"href":"https:\/\/sklep.thepartners.pl\/cs\/wp-json\/wp\/v2\/comments?post=10356"}],"wp:featuredmedia":[{"embeddable":true,"href":"https:\/\/sklep.thepartners.pl\/cs\/wp-json\/wp\/v2\/media\/10355"}],"wp:attachment":[{"href":"https:\/\/sklep.thepartners.pl\/cs\/wp-json\/wp\/v2\/media?parent=10356"}],"wp:term":[{"taxonomy":"product_brand","embeddable":true,"href":"https:\/\/sklep.thepartners.pl\/cs\/wp-json\/wp\/v2\/product_brand?post=10356"},{"taxonomy":"product_cat","embeddable":true,"href":"https:\/\/sklep.thepartners.pl\/cs\/wp-json\/wp\/v2\/product_cat?post=10356"},{"taxonomy":"product_tag","embeddable":true,"href":"https:\/\/sklep.thepartners.pl\/cs\/wp-json\/wp\/v2\/product_tag?post=10356"}],"curies":[{"name":"wp","href":"https:\/\/api.w.org\/{rel}","templated":true}]}}