{"id":10362,"date":"2025-05-26T13:51:16","date_gmt":"2025-05-26T11:51:16","guid":{"rendered":"https:\/\/sklep.thepartners.pl\/produkt\/jurga-clean-czyste-narzedzia-05l-srodek-do-czyszczenia-narzedzi-malarskich-i-budowlanych\/"},"modified":"2025-05-26T14:00:05","modified_gmt":"2025-05-26T12:00:05","slug":"jurga-clean-czyste-narzedzia-05l-srodek-do-czyszczenia-narzedzi-malarskich-i-budowlanych","status":"publish","type":"product","link":"https:\/\/sklep.thepartners.pl\/cs\/produkt\/jurga-clean-czyste-narzedzia-05l-srodek-do-czyszczenia-narzedzi-malarskich-i-budowlanych\/","title":{"rendered":"JURGA CLEAN \u010cIST\u00c9 N\u00c1\u0158AD\u00cd 0,5L \u2013 \u010cisti\u010d pro mal\u00ed\u0159sk\u00e9 a stavebn\u00ed n\u00e1\u0159ad\u00ed"},"content":{"rendered":"<p data-start=\"1121\" data-end=\"1334\">JURGA CLEAN \u010cIST\u00c9 N\u00c1\u0158AD\u00cd je \u00fa\u010dinn\u00fd prost\u0159edek pro \u010di\u0161t\u011bn\u00ed \u0161t\u011btc\u016f, v\u00e1le\u010dk\u016f, st\u011brek a dal\u0161\u00edho ru\u010dn\u00edho n\u00e1\u0159ad\u00ed od zbytk\u016f barev, lepidel, p\u011bn a silikon\u016f. Vhodn\u00fd pro profesion\u00e1ln\u00ed i dom\u00e1c\u00ed pou\u017eit\u00ed.<\/p>\n<p data-start=\"1470\" data-end=\"1483\"><strong data-start=\"1470\" data-end=\"1481\">V\u00fdhody:<\/strong><\/p>\n<ul data-start=\"1484\" data-end=\"1595\">\n<li data-start=\"1484\" data-end=\"1509\">\n<p data-start=\"1486\" data-end=\"1509\">Siln\u00fd a rychl\u00fd \u00fa\u010dinek<\/p>\n<\/li>\n<li data-start=\"1510\" data-end=\"1544\">\n<p data-start=\"1512\" data-end=\"1544\">P\u0159ipraven k okam\u017eit\u00e9mu pou\u017eit\u00ed<\/p>\n<\/li>\n<li data-start=\"1545\" data-end=\"1566\">\n<p data-start=\"1547\" data-end=\"1566\">\u0160etrn\u00fd k povrch\u016fm<\/p>\n<\/li>\n<li data-start=\"1567\" data-end=\"1595\">\n<p data-start=\"1569\" data-end=\"1595\">Zvy\u0161uje \u017eivotnost n\u00e1\u0159ad\u00ed<\/p>\n<\/li>\n<\/ul>\n","protected":false},"excerpt":{"rendered":"<blockquote>\n<p data-start=\"1336\" data-end=\"1350\"><strong data-start=\"1336\" data-end=\"1348\">Pou\u017eit\u00ed:<\/strong><\/p>\n<ul data-start=\"1351\" data-end=\"1468\">\n<li data-start=\"1351\" data-end=\"1393\">\n<p data-start=\"1353\" data-end=\"1393\">\u010ci\u0161t\u011bn\u00ed mal\u00ed\u0159sk\u00e9ho a stavebn\u00edho n\u00e1\u0159ad\u00ed<\/p>\n<\/li>\n<li data-start=\"1394\" data-end=\"1441\">\n<p data-start=\"1396\" data-end=\"1441\">Odstra\u0148ov\u00e1n\u00ed \u010derstv\u00fdch i zaschl\u00fdch ne\u010distot<\/p>\n<\/li>\n<li data-start=\"1442\" data-end=\"1468\">\n<p data-start=\"1444\" data-end=\"1468\">\u00dadr\u017eba n\u00e1\u0159ad\u00ed po pr\u00e1ci<\/p>\n<\/li>\n<\/ul>\n<\/blockquote>\n","protected":false},"featured_media":10361,"comment_status":"open","ping_status":"closed","template":"","meta":{"_acf_changed":false},"product_brand":[],"product_cat":[137,591],"product_tag":[1373],"class_list":{"0":"post-10362","1":"product","2":"type-product","3":"status-publish","4":"has-post-thumbnail","6":"product_cat-stavebni-chemie","7":"product_cat-chemikalie","8":"product_tag-jurga-clean-cs","9":"product_shipping_class-kurier-cs","10":"pa_producent-jurga-cs","12":"first","13":"instock","14":"taxable","15":"shipping-taxable","16":"purchasable","17":"product-type-simple"},"acf":[],"_links":{"self":[{"href":"https:\/\/sklep.thepartners.pl\/cs\/wp-json\/wp\/v2\/product\/10362","targetHints":{"allow":["GET"]}}],"collection":[{"href":"https:\/\/sklep.thepartners.pl\/cs\/wp-json\/wp\/v2\/product"}],"about":[{"href":"https:\/\/sklep.thepartners.pl\/cs\/wp-json\/wp\/v2\/types\/product"}],"replies":[{"embeddable":true,"href":"https:\/\/sklep.thepartners.pl\/cs\/wp-json\/wp\/v2\/comments?post=10362"}],"wp:featuredmedia":[{"embeddable":true,"href":"https:\/\/sklep.thepartners.pl\/cs\/wp-json\/wp\/v2\/media\/10361"}],"wp:attachment":[{"href":"https:\/\/sklep.thepartners.pl\/cs\/wp-json\/wp\/v2\/media?parent=10362"}],"wp:term":[{"taxonomy":"product_brand","embeddable":true,"href":"https:\/\/sklep.thepartners.pl\/cs\/wp-json\/wp\/v2\/product_brand?post=10362"},{"taxonomy":"product_cat","embeddable":true,"href":"https:\/\/sklep.thepartners.pl\/cs\/wp-json\/wp\/v2\/product_cat?post=10362"},{"taxonomy":"product_tag","embeddable":true,"href":"https:\/\/sklep.thepartners.pl\/cs\/wp-json\/wp\/v2\/product_tag?post=10362"}],"curies":[{"name":"wp","href":"https:\/\/api.w.org\/{rel}","templated":true}]}}