{"id":10367,"date":"2025-05-26T14:01:02","date_gmt":"2025-05-26T12:01:02","guid":{"rendered":"https:\/\/sklep.thepartners.pl\/produkt\/jurga-cleaner-remont-05-l-srodek-do-usuwania-zabrudzen-po-remoncie\/"},"modified":"2025-05-26T14:20:03","modified_gmt":"2025-05-26T12:20:03","slug":"jurga-cleaner-remont-05-l-srodek-do-usuwania-zabrudzen-po-remoncie","status":"publish","type":"product","link":"https:\/\/sklep.thepartners.pl\/cs\/produkt\/jurga-cleaner-remont-05-l-srodek-do-usuwania-zabrudzen-po-remoncie\/","title":{"rendered":"JURGA CLEANER REMONT 0,5 L \u2013 \u010cisti\u010d po stavebn\u00edch a renova\u010dn\u00edch prac\u00edch"},"content":{"rendered":"<p data-start=\"1161\" data-end=\"1392\">JURGA CLEANER REMONT je siln\u00fd \u010distic\u00ed prost\u0159edek ur\u010den\u00fd k odstran\u011bn\u00ed ne\u010distot po rekonstrukc\u00edch a stavebn\u00edch prac\u00edch. Efektivn\u011b \u010dist\u00ed zbytky malty, lepidel, tmel\u016f, prachu a cementu z dla\u017eby, keramiky a n\u00e1\u0159ad\u00ed.<\/p>\n<p data-start=\"1540\" data-end=\"1553\"><strong data-start=\"1540\" data-end=\"1551\">V\u00fdhody:<\/strong><\/p>\n<ul data-start=\"1554\" data-end=\"1655\">\n<li data-start=\"1554\" data-end=\"1579\">\n<p data-start=\"1556\" data-end=\"1579\">Rychl\u00fd a siln\u00fd \u00fa\u010dinek<\/p>\n<\/li>\n<li data-start=\"1580\" data-end=\"1603\">\n<p data-start=\"1582\" data-end=\"1603\">P\u0159ipraven k pou\u017eit\u00ed<\/p>\n<\/li>\n<li data-start=\"1604\" data-end=\"1627\">\n<p data-start=\"1606\" data-end=\"1627\">\u0160etrn\u00fd k materi\u00e1l\u016fm<\/p>\n<\/li>\n<li data-start=\"1628\" data-end=\"1655\">\n<p data-start=\"1630\" data-end=\"1655\">Usnad\u0148uje fin\u00e1ln\u00ed \u00faklid<\/p>\n<\/li>\n<\/ul>\n","protected":false},"excerpt":{"rendered":"<blockquote>\n<p data-start=\"1394\" data-end=\"1408\"><strong data-start=\"1394\" data-end=\"1406\">Pou\u017eit\u00ed:<\/strong><\/p>\n<ul data-start=\"1409\" data-end=\"1538\">\n<li data-start=\"1409\" data-end=\"1451\">\n<p data-start=\"1411\" data-end=\"1451\">\u010ci\u0161t\u011bn\u00ed obklad\u016f a sp\u00e1r po rekonstrukci<\/p>\n<\/li>\n<li data-start=\"1452\" data-end=\"1496\">\n<p data-start=\"1454\" data-end=\"1496\">Odstra\u0148ov\u00e1n\u00ed zbytk\u016f stavebn\u00edch materi\u00e1l\u016f<\/p>\n<\/li>\n<li data-start=\"1497\" data-end=\"1538\">\n<p data-start=\"1499\" data-end=\"1538\">Z\u00e1v\u011bre\u010dn\u00fd \u00faklid po stavebn\u00edch prac\u00edch<\/p>\n<\/li>\n<\/ul>\n<\/blockquote>\n","protected":false},"featured_media":10366,"comment_status":"open","ping_status":"closed","template":"","meta":{"_acf_changed":false},"product_brand":[],"product_cat":[137,591],"product_tag":[1373],"class_list":{"0":"post-10367","1":"product","2":"type-product","3":"status-publish","4":"has-post-thumbnail","6":"product_cat-stavebni-chemie","7":"product_cat-chemikalie","8":"product_tag-jurga-clean-cs","9":"product_shipping_class-kurier-cs","10":"pa_producent-jurga-cs","12":"first","13":"instock","14":"taxable","15":"shipping-taxable","16":"purchasable","17":"product-type-simple"},"acf":[],"_links":{"self":[{"href":"https:\/\/sklep.thepartners.pl\/cs\/wp-json\/wp\/v2\/product\/10367","targetHints":{"allow":["GET"]}}],"collection":[{"href":"https:\/\/sklep.thepartners.pl\/cs\/wp-json\/wp\/v2\/product"}],"about":[{"href":"https:\/\/sklep.thepartners.pl\/cs\/wp-json\/wp\/v2\/types\/product"}],"replies":[{"embeddable":true,"href":"https:\/\/sklep.thepartners.pl\/cs\/wp-json\/wp\/v2\/comments?post=10367"}],"wp:featuredmedia":[{"embeddable":true,"href":"https:\/\/sklep.thepartners.pl\/cs\/wp-json\/wp\/v2\/media\/10366"}],"wp:attachment":[{"href":"https:\/\/sklep.thepartners.pl\/cs\/wp-json\/wp\/v2\/media?parent=10367"}],"wp:term":[{"taxonomy":"product_brand","embeddable":true,"href":"https:\/\/sklep.thepartners.pl\/cs\/wp-json\/wp\/v2\/product_brand?post=10367"},{"taxonomy":"product_cat","embeddable":true,"href":"https:\/\/sklep.thepartners.pl\/cs\/wp-json\/wp\/v2\/product_cat?post=10367"},{"taxonomy":"product_tag","embeddable":true,"href":"https:\/\/sklep.thepartners.pl\/cs\/wp-json\/wp\/v2\/product_tag?post=10367"}],"curies":[{"name":"wp","href":"https:\/\/api.w.org\/{rel}","templated":true}]}}