{"id":10445,"date":"2025-06-04T14:19:10","date_gmt":"2025-06-04T12:19:10","guid":{"rendered":"https:\/\/sklep.thepartners.pl\/produkt\/jurga-clean-zestaw-srodkow-czyszczacych-gratis-sciereczki\/"},"modified":"2025-06-04T14:24:28","modified_gmt":"2025-06-04T12:24:28","slug":"jurga-clean-zestaw-srodkow-czyszczacych-gratis-sciereczki","status":"publish","type":"product","link":"https:\/\/sklep.thepartners.pl\/cs\/produkt\/jurga-clean-zestaw-srodkow-czyszczacych-gratis-sciereczki\/","title":{"rendered":"Jurga Clean \u2013 Sada 5 produkt\u016f + UT\u011aRKY ZDARMA"},"content":{"rendered":"<h3 data-start=\"1778\" data-end=\"1817\">Kompletn\u00ed \u010distota v ka\u017ed\u00e9 m\u00edstnosti<\/h3>\n<p data-start=\"1819\" data-end=\"2022\"><strong data-start=\"1819\" data-end=\"1847\">\u010cistic\u00ed sada Jurga Clean<\/strong> obsahuje 5 \u00fa\u010dinn\u00fdch p\u0159\u00edpravk\u016f pro dom\u00e1cnost a univerz\u00e1ln\u00ed ut\u011brky zdarma. Pom\u00e1h\u00e1 udr\u017eet \u010distotu v koupeln\u011b, kuchyni i na skle a armatur\u00e1ch \u2013 bez n\u00e1mahy a s perfektn\u00edm efektem.<\/p>\n<hr data-start=\"2024\" data-end=\"2027\" \/>\n<h3 data-start=\"2029\" data-end=\"2053\">\ud83e\uddf4 <strong data-start=\"2036\" data-end=\"2053\">Obsah balen\u00ed:<\/strong><\/h3>\n<ol data-start=\"2055\" data-end=\"2326\">\n<li data-start=\"2055\" data-end=\"2109\">\n<p data-start=\"2058\" data-end=\"2109\"><strong data-start=\"2058\" data-end=\"2109\">\u010cist\u00e9 zrcadlo a sklo s efektem proti zaml\u017eov\u00e1n\u00ed<\/strong><\/p>\n<\/li>\n<li data-start=\"2110\" data-end=\"2162\">\n<p data-start=\"2113\" data-end=\"2162\"><strong data-start=\"2113\" data-end=\"2162\">\u010cisti\u010d trouby a grilu \u2013 rozpou\u0161t\u00ed p\u0159ip\u00e1leniny<\/strong><\/p>\n<\/li>\n<li data-start=\"2163\" data-end=\"2215\">\n<p data-start=\"2166\" data-end=\"2215\"><strong data-start=\"2166\" data-end=\"2215\">Univerz\u00e1ln\u00ed odma\u0161\u0165ova\u010d \u2013 na kuchy\u0148sk\u00e9 povrchy<\/strong><\/p>\n<\/li>\n<li data-start=\"2216\" data-end=\"2274\">\n<p data-start=\"2219\" data-end=\"2274\"><strong data-start=\"2219\" data-end=\"2274\">Odstra\u0148ova\u010d pl\u00edsn\u00ed a hub \u2013 na sp\u00e1ry, silikon, st\u011bny<\/strong><\/p>\n<\/li>\n<li data-start=\"2275\" data-end=\"2326\">\n<p data-start=\"2278\" data-end=\"2326\"><strong data-start=\"2278\" data-end=\"2326\">\u010cisti\u010d sprchov\u00fdch kout\u016f a koupelnov\u00e9 baterie<\/strong><\/p>\n<\/li>\n<\/ol>\n<p data-start=\"2328\" data-end=\"2404\">\ud83c\udf81 <strong data-start=\"2331\" data-end=\"2369\">ZDARMA: univerz\u00e1ln\u00ed \u010distic\u00ed ut\u011brky<\/strong> \u2013 vhodn\u00e9 pro v\u0161echny typy povrch\u016f.<\/p>\n<hr data-start=\"2406\" data-end=\"2409\" \/>\n<h3 data-start=\"2411\" data-end=\"2428\">\u2705 <strong data-start=\"2417\" data-end=\"2428\">V\u00fdhody:<\/strong><\/h3>\n<ul data-start=\"2429\" data-end=\"2557\">\n<li data-start=\"2429\" data-end=\"2459\">\n<p data-start=\"2431\" data-end=\"2459\">Efektivn\u00ed a rychl\u00e9 \u010di\u0161t\u011bn\u00ed<\/p>\n<\/li>\n<li data-start=\"2460\" data-end=\"2488\">\n<p data-start=\"2462\" data-end=\"2488\">Pro dom\u00e1cnost i kancel\u00e1\u0159<\/p>\n<\/li>\n<li data-start=\"2489\" data-end=\"2526\">\n<p data-start=\"2491\" data-end=\"2526\">Snadn\u00e9 pou\u017eit\u00ed, okam\u017eit\u00fd v\u00fdsledek<\/p>\n<\/li>\n<li data-start=\"2527\" data-end=\"2557\">\n<p data-start=\"2529\" data-end=\"2557\">Ide\u00e1ln\u00ed jako praktick\u00fd d\u00e1rek<\/p>\n<\/li>\n<\/ul>\n","protected":false},"excerpt":{"rendered":"<blockquote><p>\u2705 <strong data-start=\"664\" data-end=\"687\">Univerz\u00e1ln\u00ed pou\u017eit\u00ed<\/strong> \u2013 kuchyn\u011b, koupelna, zrcadla i baterie.<\/p>\n<p>\u2705 <strong data-start=\"735\" data-end=\"759\">P\u0159ipraveno k pou\u017eit\u00ed<\/strong> \u2013 \u017e\u00e1dn\u00e9 \u0159ed\u011bn\u00ed, \u017e\u00e1dn\u00e9 zbyte\u010dn\u00e9 n\u00e1stroje.<\/p>\n<p>\u2705 <strong data-start=\"808\" data-end=\"824\">Siln\u00e9 \u00fa\u010dinky<\/strong> \u2013 odstran\u00ed mastnotu, p\u0159ip\u00e1leniny, pl\u00edsn\u011b i vodn\u00ed k\u00e1men.<\/p>\n<p>\u2705 <strong data-start=\"888\" data-end=\"917\">Rychl\u00fd v\u00fdsledek bez \u0161mouh<\/strong> \u2013 \u010distota a lesk b\u011bhem chvilky.<\/p>\n<p>\u2705 <strong data-start=\"957\" data-end=\"974\">Ut\u011brky zdarma<\/strong> \u2013 praktick\u00fd bonus pro pohodln\u00e9 \u010di\u0161t\u011bn\u00ed.<\/p><\/blockquote>\n","protected":false},"featured_media":10438,"comment_status":"open","ping_status":"closed","template":"","meta":{"_acf_changed":false},"product_brand":[],"product_cat":[137,591],"product_tag":[1373],"class_list":{"0":"post-10445","1":"product","2":"type-product","3":"status-publish","4":"has-post-thumbnail","6":"product_cat-stavebni-chemie","7":"product_cat-chemikalie","8":"product_tag-jurga-clean-cs","9":"product_shipping_class-transport-gratis-cs","10":"pa_darmowa-dostawa-ano","11":"pa_producent-jurga-cs","13":"first","14":"instock","15":"taxable","16":"shipping-taxable","17":"purchasable","18":"product-type-simple"},"acf":[],"_links":{"self":[{"href":"https:\/\/sklep.thepartners.pl\/cs\/wp-json\/wp\/v2\/product\/10445","targetHints":{"allow":["GET"]}}],"collection":[{"href":"https:\/\/sklep.thepartners.pl\/cs\/wp-json\/wp\/v2\/product"}],"about":[{"href":"https:\/\/sklep.thepartners.pl\/cs\/wp-json\/wp\/v2\/types\/product"}],"replies":[{"embeddable":true,"href":"https:\/\/sklep.thepartners.pl\/cs\/wp-json\/wp\/v2\/comments?post=10445"}],"wp:featuredmedia":[{"embeddable":true,"href":"https:\/\/sklep.thepartners.pl\/cs\/wp-json\/wp\/v2\/media\/10438"}],"wp:attachment":[{"href":"https:\/\/sklep.thepartners.pl\/cs\/wp-json\/wp\/v2\/media?parent=10445"}],"wp:term":[{"taxonomy":"product_brand","embeddable":true,"href":"https:\/\/sklep.thepartners.pl\/cs\/wp-json\/wp\/v2\/product_brand?post=10445"},{"taxonomy":"product_cat","embeddable":true,"href":"https:\/\/sklep.thepartners.pl\/cs\/wp-json\/wp\/v2\/product_cat?post=10445"},{"taxonomy":"product_tag","embeddable":true,"href":"https:\/\/sklep.thepartners.pl\/cs\/wp-json\/wp\/v2\/product_tag?post=10445"}],"curies":[{"name":"wp","href":"https:\/\/api.w.org\/{rel}","templated":true}]}}