{"id":10465,"date":"2025-06-26T14:46:03","date_gmt":"2025-06-26T12:46:03","guid":{"rendered":"https:\/\/sklep.thepartners.pl\/produkt\/plyn-do-mycia-szyb-clean-czysta-szyba-i-lustro-jurga-05l\/"},"modified":"2025-06-26T14:50:13","modified_gmt":"2025-06-26T12:50:13","slug":"plyn-do-mycia-szyb-clean-czysta-szyba-i-lustro-jurga-05l","status":"publish","type":"product","link":"https:\/\/sklep.thepartners.pl\/cs\/produkt\/plyn-do-mycia-szyb-clean-czysta-szyba-i-lustro-jurga-05l\/","title":{"rendered":"Jurga Clean \u010cist\u00e9 Sklo a Zrcadlo 0,5L \u2013 \u010cisti\u010d skel s efektem proti zaml\u017eov\u00e1n\u00ed"},"content":{"rendered":"<p data-start=\"1320\" data-end=\"1570\"><strong data-start=\"1320\" data-end=\"1362\">Z\u00e1\u0159iv\u011b \u010dist\u00e1 okna a zrcadla bez \u0161mouh!<\/strong><br data-start=\"1362\" data-end=\"1365\" \/><strong data-start=\"1365\" data-end=\"1401\">Jurga Clean \u010cist\u00e9 Sklo a Zrcadlo<\/strong> je hotov\u00fd \u010distic\u00ed prost\u0159edek ur\u010den\u00fd k myt\u00ed sklen\u011bn\u00fdch ploch, zrcadel a sprchov\u00fdch kout\u016f. Efektivn\u011b odstra\u0148uje prach, otisky prst\u016f i mastnotu a nezanech\u00e1v\u00e1 \u017e\u00e1dn\u00e9 \u0161mouhy.<\/p>\n<p data-start=\"1572\" data-end=\"1669\">Nav\u00edc obsahuje <strong data-start=\"1587\" data-end=\"1609\">protiml\u017e\u00edc\u00ed slo\u017eku<\/strong>, kter\u00e1 zabra\u0148uje zaml\u017eov\u00e1n\u00ed povrchu \u2013 ide\u00e1ln\u00ed pro koupelny.<\/p>\n<hr data-start=\"1671\" data-end=\"1674\" \/>\n<h3 data-start=\"1676\" data-end=\"1700\">\u2705 <strong data-start=\"1682\" data-end=\"1700\">Hlavn\u00ed v\u00fdhody:<\/strong><\/h3>\n<ul data-start=\"1701\" data-end=\"1861\">\n<li data-start=\"1701\" data-end=\"1725\">\n<p data-start=\"1703\" data-end=\"1725\">P\u0159ipraveno k pou\u017eit\u00ed<\/p>\n<\/li>\n<li data-start=\"1726\" data-end=\"1748\">\n<p data-start=\"1728\" data-end=\"1748\">Beze \u0161mouh a kapek<\/p>\n<\/li>\n<li data-start=\"1749\" data-end=\"1775\">\n<p data-start=\"1751\" data-end=\"1775\">Efekt proti zaml\u017eov\u00e1n\u00ed<\/p>\n<\/li>\n<li data-start=\"1776\" data-end=\"1822\">\n<p data-start=\"1778\" data-end=\"1822\">Ide\u00e1ln\u00ed pro koupelny, skla, sprchov\u00e9 kouty<\/p>\n<\/li>\n<li data-start=\"1823\" data-end=\"1861\">\n<p data-start=\"1825\" data-end=\"1861\">P\u0159\u00edjemn\u00e1 v\u016fn\u011b a pohodln\u00fd rozpra\u0161ova\u010d<\/p>\n<\/li>\n<\/ul>\n<p data-start=\"1863\" data-end=\"1935\"><strong data-start=\"1863\" data-end=\"1873\">Objem:<\/strong> 500 ml<br data-start=\"1880\" data-end=\"1883\" \/><strong data-start=\"1883\" data-end=\"1895\">Pou\u017eit\u00ed:<\/strong> Dom\u00e1cnosti, kancel\u00e1\u0159e, hotely, wellness<\/p>\n","protected":false},"excerpt":{"rendered":"<p>Z\u00e1\u0159iv\u011b \u010dist\u00e1 okna a zrcadla bez \u0161mouh!Jurga Clean \u010cist\u00e9 Sklo a Zrcadlo je hotov\u00fd \u010distic\u00ed prost\u0159edek ur\u010den\u00fd k myt\u00ed sklen\u011bn\u00fdch<\/p>\n","protected":false},"featured_media":9853,"comment_status":"open","ping_status":"closed","template":"","meta":{"_acf_changed":false},"product_brand":[],"product_cat":[591,137],"product_tag":[],"class_list":{"0":"post-10465","1":"product","2":"type-product","3":"status-publish","4":"has-post-thumbnail","6":"product_cat-chemikalie","7":"product_cat-stavebni-chemie","9":"first","10":"instock","11":"taxable","12":"shipping-taxable","13":"purchasable","14":"product-type-simple"},"acf":[],"_links":{"self":[{"href":"https:\/\/sklep.thepartners.pl\/cs\/wp-json\/wp\/v2\/product\/10465","targetHints":{"allow":["GET"]}}],"collection":[{"href":"https:\/\/sklep.thepartners.pl\/cs\/wp-json\/wp\/v2\/product"}],"about":[{"href":"https:\/\/sklep.thepartners.pl\/cs\/wp-json\/wp\/v2\/types\/product"}],"replies":[{"embeddable":true,"href":"https:\/\/sklep.thepartners.pl\/cs\/wp-json\/wp\/v2\/comments?post=10465"}],"wp:featuredmedia":[{"embeddable":true,"href":"https:\/\/sklep.thepartners.pl\/cs\/wp-json\/wp\/v2\/media\/9853"}],"wp:attachment":[{"href":"https:\/\/sklep.thepartners.pl\/cs\/wp-json\/wp\/v2\/media?parent=10465"}],"wp:term":[{"taxonomy":"product_brand","embeddable":true,"href":"https:\/\/sklep.thepartners.pl\/cs\/wp-json\/wp\/v2\/product_brand?post=10465"},{"taxonomy":"product_cat","embeddable":true,"href":"https:\/\/sklep.thepartners.pl\/cs\/wp-json\/wp\/v2\/product_cat?post=10465"},{"taxonomy":"product_tag","embeddable":true,"href":"https:\/\/sklep.thepartners.pl\/cs\/wp-json\/wp\/v2\/product_tag?post=10465"}],"curies":[{"name":"wp","href":"https:\/\/api.w.org\/{rel}","templated":true}]}}