{"id":1326,"date":"2024-06-13T13:51:03","date_gmt":"2024-06-13T11:51:03","guid":{"rendered":"https:\/\/www.partners.proadax-dev.pl\/p\/tynk-silikonowy-silver-to-tss\/"},"modified":"2024-10-01T13:06:50","modified_gmt":"2024-10-01T11:06:50","slug":"tynk-silikonowy-silver-to-tss","status":"publish","type":"product","link":"https:\/\/sklep.thepartners.pl\/cs\/produkt\/tynk-silikonowy-silver-to-tss\/","title":{"rendered":"Silikonov\u00e1 om\u00edtka SILVER TO-TSS zrnit\u00e11,5 B\u00cdL\u00dd 25kg"},"content":{"rendered":"<p>Silikonov\u00e1 om\u00edtka SILVER TO-TSS je sou\u010d\u00e1st\u00ed syst\u00e9mu zateplen\u00ed Termo Organika\u00ae a m\u016f\u017ee b\u00fdt aplikov\u00e1na na r\u016fzn\u00e9 podklady, jako jsou beton, star\u00e9 cementov\u00e9 a cementov\u011b-v\u00e1penn\u00e9 om\u00edtky, malovan\u00e9 povrchy, s\u00e1drokartonov\u00e9 desky a d\u0159evodekorativn\u00ed desky.<\/p>\n<p><strong>Pou\u017eit\u00ed a vlastnosti:<\/strong><\/p>\n<ul>\n<li><strong>P\u0159ipraven k pou\u017eit\u00ed:<\/strong> Om\u00edtka nevy\u017eaduje p\u0159ed\u00fapravu.<\/li>\n<li><strong>Velmi dobr\u00e9 pracovn\u00ed vlastnosti (Easy Apply):<\/strong> Snadn\u00e1 aplikace.<\/li>\n<li><strong>Struktura:<\/strong> Baranek 1,5 mm.<\/li>\n<li><strong>Barvy:<\/strong> V\u00edce ne\u017e 250 standardn\u00edch barev podle vzorn\u00edku Colors of Termo Organika; mo\u017enost vyrobit barvy na zak\u00e1zku.<\/li>\n<li><strong>Hydrofobn\u00ed:<\/strong> Odrzuje vodu.<\/li>\n<li><strong>Samo\u010dist\u00edc\u00ed (DustClean):<\/strong> Usnad\u0148uje odstra\u0148ov\u00e1n\u00ed ne\u010distot.<\/li>\n<li><strong>Odolnost v\u016f\u010di pov\u011btrnostn\u00edm podm\u00ednk\u00e1m:<\/strong> Odolnost proti m\u011bn\u00edc\u00edm se pov\u011btrnostn\u00edm podm\u00ednk\u00e1m.<\/li>\n<li><strong>Odolnost v\u016f\u010di UV:<\/strong> Velmi vysok\u00e1 odolnost barev proti vyblednut\u00ed.<\/li>\n<li><strong>Dlouhotrvaj\u00edc\u00ed odolnost proti biologick\u00e9 korozi (BioProtect):<\/strong> Ochrana proti pl\u00edsn\u00edm a houb\u00e1m.<\/li>\n<li><strong>Formule TMT:<\/strong> P\u0159izp\u016fsobena ostatn\u00edm komponent\u016fm syst\u00e9mu zateplen\u00ed Termo Organika.<\/li>\n<li><strong>Venkovn\u00ed pou\u017eit\u00ed:<\/strong> Ur\u010deno pro pou\u017eit\u00ed na fas\u00e1d\u00e1ch.<\/li>\n<\/ul>\n<p><strong>P\u0159\u00edprava podkladu:<\/strong><\/p>\n<ol>\n<li><strong>Podklad:<\/strong> Mus\u00ed b\u00fdt pevn\u00fd, rovn\u00fd, nosn\u00fd, such\u00fd, \u010dist\u00fd a bez vrstev sni\u017euj\u00edc\u00edch p\u0159ilnavost, jako jsou tuky, prach, ne\u010distoty atd.<\/li>\n<li><strong>Syst\u00e9m zateplen\u00ed:<\/strong> Om\u00edtku je t\u0159eba aplikovat na vyztu\u017eenou vrstvu nanesenou univerz\u00e1ln\u00edm lepidlem TO-KU nebo TO-KUB a n\u00e1sledn\u011b o\u0161et\u0159enou adhezn\u00edm primerem TO GS. Primerov\u00e1n\u00ed lze prov\u00e9st nejd\u0159\u00edve 3 dny po aplikaci vyztu\u017een\u00e9 vrstvy.<\/li>\n<li><strong>\u010cas schnut\u00ed:<\/strong> Om\u00edtku nan\u00e1\u0161ejte a\u017e po \u00fapln\u00e9m vytvrzen\u00ed primeru, co\u017e by nem\u011blo b\u00fdt d\u0159\u00edve ne\u017e p\u0159ibli\u017en\u011b 24 hodin po skon\u010den\u00ed primerov\u00e1n\u00ed. Doba schnut\u00ed se m\u016f\u017ee prodlou\u017eit za nep\u0159\u00edzniv\u00fdch podm\u00ednek.<\/li>\n<li><strong>Jin\u00e9 podklady:<\/strong> Je t\u0159eba je o\u010distit, vyrovnat a odstranit star\u00e9, \u201euvoln\u011bn\u00e9\u201c om\u00edtky a n\u00e1t\u011bry. Mal\u00e9 nerovnosti lze opravit univerz\u00e1ln\u00edm lepidlem TO-KU.<\/li>\n<li><strong>Doba aplikace:<\/strong> Na cementov\u00e9 nebo cementov\u011b-v\u00e1penn\u00e9 om\u00edtky lze aplikovat po p\u0159ibli\u017en\u011b 28 dnech, na betonov\u00e9 po p\u0159ibli\u017en\u011b 3 m\u011bs\u00edc\u00edch. Vlhkost podkladu by nem\u011bla p\u0159ekro\u010dit 4 %. P\u0159ed nanesen\u00edm silikonov\u00e9 om\u00edtky je t\u0159eba nas\u00e1kav\u00e9 podklady (nap\u0159. plynosilik\u00e1t) zagruntovat univerz\u00e1ln\u00edm primerem TO-GU a nenasiakav\u00e9 (nap\u0159. beton, \u017eelezobeton) adhezn\u00edm primerem TO GS. Primerov\u00e1n\u00ed prov\u00e9st nejm\u00e9n\u011b 24 hodin p\u0159ed zah\u00e1jen\u00edm om\u00edt\u00e1n\u00ed.<\/li>\n<\/ol>\n<p><strong>Cena:<\/strong> Z\u00e1kladn\u00ed cena se vztahuje na b\u00edlou barvu. Pro cenu om\u00edtky v jin\u00e9 barv\u011b je t\u0159eba vypracovat cenovou nab\u00eddku na po\u017eadovanou barvu.<\/p>\n","protected":false},"excerpt":{"rendered":"<p><strong>Z\u00e1kladn\u00ed cena za b\u00edlou barvu, barvy na individu\u00e1ln\u00ed nacen\u011bn\u00ed n\u00ed\u017ee.<\/strong><\/p>\n<p><strong>Technick\u00e1 data:<\/strong><\/p>\n<p><strong>Spot\u0159eba:<\/strong> 2,3 \u2013 2,8 kg\/m2<\/p>\n<p><strong>Doba schnut\u00ed:<\/strong> P\u0159ibl. 24 hodin<\/p>\n<p><strong>\u00dapln\u00e9 vytvrzen\u00ed:<\/strong> P\u0159ibl. 48 hodin<\/p>\n<p><strong>Tlou\u0161\u0165ka zrna:<\/strong> 1,5 mm<\/p>\n<p><strong>Aplikace:<\/strong> Ru\u010dn\u00ed<\/p>\n<p><strong>Teplota zpracov\u00e1n\u00ed a podkladu:<\/strong> +5\u00b0C \u00f7 +25\u00b0C<\/p>\n","protected":false},"featured_media":6000,"comment_status":"open","ping_status":"closed","template":"","meta":{"_acf_changed":false},"product_brand":[],"product_cat":[143,149,162,170],"product_tag":[],"class_list":{"0":"post-1326","1":"product","2":"type-product","3":"status-publish","4":"has-post-thumbnail","6":"product_cat-tepelne-izolace","7":"product_cat-fasadni-omitky","8":"product_cat-micharna-barev-a-omitek","9":"product_cat-fasadni-omitky-cs","10":"product_shipping_class-kurier-cs","11":"pa_kolor-bialy-cs","12":"pa_producent-termo-organika-cs","14":"first","15":"instock","16":"taxable","17":"shipping-taxable","18":"purchasable","19":"product-type-simple"},"acf":[],"_links":{"self":[{"href":"https:\/\/sklep.thepartners.pl\/cs\/wp-json\/wp\/v2\/product\/1326","targetHints":{"allow":["GET"]}}],"collection":[{"href":"https:\/\/sklep.thepartners.pl\/cs\/wp-json\/wp\/v2\/product"}],"about":[{"href":"https:\/\/sklep.thepartners.pl\/cs\/wp-json\/wp\/v2\/types\/product"}],"replies":[{"embeddable":true,"href":"https:\/\/sklep.thepartners.pl\/cs\/wp-json\/wp\/v2\/comments?post=1326"}],"wp:featuredmedia":[{"embeddable":true,"href":"https:\/\/sklep.thepartners.pl\/cs\/wp-json\/wp\/v2\/media\/6000"}],"wp:attachment":[{"href":"https:\/\/sklep.thepartners.pl\/cs\/wp-json\/wp\/v2\/media?parent=1326"}],"wp:term":[{"taxonomy":"product_brand","embeddable":true,"href":"https:\/\/sklep.thepartners.pl\/cs\/wp-json\/wp\/v2\/product_brand?post=1326"},{"taxonomy":"product_cat","embeddable":true,"href":"https:\/\/sklep.thepartners.pl\/cs\/wp-json\/wp\/v2\/product_cat?post=1326"},{"taxonomy":"product_tag","embeddable":true,"href":"https:\/\/sklep.thepartners.pl\/cs\/wp-json\/wp\/v2\/product_tag?post=1326"}],"curies":[{"name":"wp","href":"https:\/\/api.w.org\/{rel}","templated":true}]}}