{"id":1337,"date":"2024-06-13T10:01:23","date_gmt":"2024-06-13T08:01:23","guid":{"rendered":"https:\/\/www.partners.proadax-dev.pl\/p\/klej-uniwersalny-do-styropianu-to-ku\/"},"modified":"2024-10-01T10:24:42","modified_gmt":"2024-10-01T08:24:42","slug":"klej-uniwersalny-do-styropianu-to-ku","status":"publish","type":"product","link":"https:\/\/sklep.thepartners.pl\/cs\/produkt\/klej-uniwersalny-do-styropianu-to-ku\/","title":{"rendered":"Lepidlo na polystyren a s\u00ed\u0165 UNIVERZ\u00c1LN\u00cd TO-KU Termo Organika"},"content":{"rendered":"<p>Univerz\u00e1ln\u00ed lepidlo TO-KU je z\u00e1kladn\u00edm prvkem izola\u010dn\u00edho syst\u00e9mu Termo Organika\u00ae. Pou\u017eit\u00ed lepidla zahrnuje lepen\u00ed polystyrenu v\u010detn\u011b grafitu na r\u016fzn\u00e9 miner\u00e1ln\u00ed podklady, jako jsou prefabrikovan\u00e9 \u017eelezobetonov\u00e9 prvky, beton, keramick\u00e9 prvky, keramzit, p\u00f3robeton, p\u0159\u00edrodn\u00ed k\u00e1men a cementov\u00e9, v\u00e1penn\u00e9 a cementovo-v\u00e1penn\u00e9 om\u00edtky. Lepidlo se vyzna\u010duje velmi dobrou p\u0159ilnavost\u00ed a vysokou \u017eivotnost\u00ed, odolnost\u00ed v\u016f\u010di pov\u011btrnostn\u00edm vliv\u016fm (v\u010detn\u011b mrazuvzdornosti a vod\u011bodolnosti) a snadno se pou\u017e\u00edv\u00e1 jak uvnit\u0159, tak vn\u011b budov.<\/p>\n<p><strong>Aplikace a vlastnosti:<\/strong><\/p>\n<ul>\n<li>Pro lepen\u00ed v\u0161ech typ\u016f polystyrenu v\u010detn\u011b grafitu a pro zhotoven\u00ed zes\u00edlen\u00e9 vrstvy.<\/li>\n<li>Vyztu\u017eeno disperzn\u00edmi polypropylenov\u00fdmi vl\u00e1kny.<\/li>\n<li>Doporu\u010deno pro lepen\u00ed grafitov\u00e9ho polystyrenu.<\/li>\n<li>P\u0159\u00edprava podkladu: podklad mus\u00ed b\u00fdt kompaktn\u00ed, rovn\u00fd, nosn\u00fd, such\u00fd, \u010dist\u00fd a bez vrstev sni\u017euj\u00edc\u00edch p\u0159ilnavost (mastnota, prach apod.). Odstra\u0148te starou uvoln\u011bnou om\u00edtku, opr\u00fdskanou barvu a dal\u0161\u00ed ne\u010distoty. Drobn\u00e9 nerovnosti a vady lze opravit lepidlem TO-KS nebo TO-KU.<\/li>\n<li>Doporu\u010den\u00ed pro pokl\u00e1dku: lepidlo rozet\u0159ete v tenk\u00e9 vrstv\u011b na polystyrenovou desku pomoc\u00ed zubov\u00e9 st\u011brky se zuby 10-12 mm. P\u0159ilepte polystyrenov\u00e9 desky t\u011bsn\u011b k sob\u011b, zachov\u00e1vejte odstup\u0148ovan\u00e9 uspo\u0159\u00e1d\u00e1n\u00ed. Jak\u00e9koli \u0161pendlen\u00ed a brou\u0161en\u00ed desek a tak\u00e9 lepen\u00ed v\u00fdztu\u017en\u00e9 s\u00edt\u011b by m\u011blo za\u010d\u00edt nejd\u0159\u00edve dva dny po nalepen\u00ed polystyrenu.<\/li>\n<li>Teplota podkladu a okol\u00ed b\u011bhem provozu by se m\u011bla pohybovat mezi +5\u00b0C a +30\u00b0C<\/li>\n<\/ul>\n","protected":false},"excerpt":{"rendered":"<blockquote><p><strong>Balen\u00ed: 25 kg<\/strong><\/p>\n<p><strong>Spot\u0159eba: cca 4-5kg\/m2<\/strong><\/p>\n<p><strong>\u0160ed\u00e1 barva<\/strong><\/p>\n<p><strong>\u010ci\u0161t\u011bn\u00ed n\u00e1\u0159ad\u00ed: vodou ihned po ukon\u010den\u00ed pr\u00e1ce<\/strong><\/p>\n<p><strong>Dal\u0161\u00ed pr\u00e1ce po 48 hodin\u00e1ch<\/strong><\/p>\n<p><strong>Aplika\u010dn\u00ed teplota: 5-25\u00b0C<\/strong><\/p>\n<p><strong>Doporu\u010den\u00e1 tlou\u0161\u0165ka lepidla: 3-6mm<\/strong><\/p>\n<p><strong>Maxim\u00e1ln\u00ed tlou\u0161\u0165ka lepidla: 10 mm<\/strong><\/p><\/blockquote>\n","protected":false},"featured_media":5915,"comment_status":"open","ping_status":"closed","template":"","meta":{"_acf_changed":false},"product_brand":[],"product_cat":[143,145],"product_tag":[915],"class_list":{"0":"post-1337","1":"product","2":"type-product","3":"status-publish","4":"has-post-thumbnail","6":"product_cat-tepelne-izolace","7":"product_cat-lepidla-pro-tepelnou-izolaci","8":"product_tag-klej-cs","9":"product_shipping_class-kurier-cs","10":"pa_producent-termo-organika-cs","12":"first","13":"instock","14":"taxable","15":"shipping-taxable","16":"purchasable","17":"product-type-simple"},"acf":[],"_links":{"self":[{"href":"https:\/\/sklep.thepartners.pl\/cs\/wp-json\/wp\/v2\/product\/1337","targetHints":{"allow":["GET"]}}],"collection":[{"href":"https:\/\/sklep.thepartners.pl\/cs\/wp-json\/wp\/v2\/product"}],"about":[{"href":"https:\/\/sklep.thepartners.pl\/cs\/wp-json\/wp\/v2\/types\/product"}],"replies":[{"embeddable":true,"href":"https:\/\/sklep.thepartners.pl\/cs\/wp-json\/wp\/v2\/comments?post=1337"}],"wp:featuredmedia":[{"embeddable":true,"href":"https:\/\/sklep.thepartners.pl\/cs\/wp-json\/wp\/v2\/media\/5915"}],"wp:attachment":[{"href":"https:\/\/sklep.thepartners.pl\/cs\/wp-json\/wp\/v2\/media?parent=1337"}],"wp:term":[{"taxonomy":"product_brand","embeddable":true,"href":"https:\/\/sklep.thepartners.pl\/cs\/wp-json\/wp\/v2\/product_brand?post=1337"},{"taxonomy":"product_cat","embeddable":true,"href":"https:\/\/sklep.thepartners.pl\/cs\/wp-json\/wp\/v2\/product_cat?post=1337"},{"taxonomy":"product_tag","embeddable":true,"href":"https:\/\/sklep.thepartners.pl\/cs\/wp-json\/wp\/v2\/product_tag?post=1337"}],"curies":[{"name":"wp","href":"https:\/\/api.w.org\/{rel}","templated":true}]}}