{"id":1341,"date":"2024-06-13T09:44:24","date_gmt":"2024-06-13T07:44:24","guid":{"rendered":"https:\/\/www.partners.proadax-dev.pl\/p\/klej-poliuretanowy-do-styropianu-to-kps\/"},"modified":"2024-10-01T10:12:35","modified_gmt":"2024-10-01T08:12:35","slug":"klej-poliuretanowy-do-styropianu-to-kps","status":"publish","type":"product","link":"https:\/\/sklep.thepartners.pl\/cs\/produkt\/klej-poliuretanowy-do-styropianu-to-kps\/","title":{"rendered":"Polyuretanov\u00e9 lepidlo na polystyren TO-KPS 750ml"},"content":{"rendered":"<p>Polyuretanov\u00e9 lepidlo TO-KPS na polystyren je sou\u010d\u00e1st\u00ed izola\u010dn\u00edho syst\u00e9mu Termo Organika\u00ae. Slou\u017e\u00ed k lepen\u00ed polystyrenu (EPS) na miner\u00e1ln\u00ed podklady, nap\u0159. prefabrikovan\u00e9 \u017eelezobetonov\u00e9 prvky, beton, keramick\u00e9 prvky, keramzit, p\u00f3robeton, p\u0159\u00edrodn\u00ed k\u00e1men, cementov\u00e9, v\u00e1penn\u00e9 a v\u00e1penocementov\u00e9 om\u00edtky aj. povrchy. d\u0159evo, kovy, bitumenov\u00e9 membr\u00e1ny. Lze jej pou\u017e\u00edt v izola\u010dn\u00edch syst\u00e9mech jak v novostavb\u00e1ch, tak v budov\u00e1ch proch\u00e1zej\u00edc\u00edch rekonstrukc\u00ed. Polyuretanov\u00e9 lepidlo TO-KPS lze tak\u00e9 pou\u017e\u00edt k lepen\u00ed s\u00e1drokartonov\u00fdch desek, panel\u016f, kazet, parapet\u016f a prvk\u016f z extrudovan\u00e9ho polystyrenu (XPS), PU a miner\u00e1ln\u00ed vlny.<\/p>\n<h4>Aplikace a vlastnosti<\/h4>\n<ul>\n<li>snadn\u00e1, pohodln\u00e1 a rychl\u00e1 aplikace<\/li>\n<li>\u010dist\u00e9 k pou\u017eit\u00ed<\/li>\n<li>fixace ji\u017e po 2 hodin\u00e1ch<\/li>\n<li>vynikaj\u00edc\u00ed p\u0159ilnavost k miner\u00e1ln\u00edm polystyrenov\u00fdm (EPS) a XPS podklad\u016fm<\/li>\n<li>vysok\u00e1 odolnost<\/li>\n<li>vynikaj\u00edc\u00ed tepeln\u00e1 izolace<\/li>\n<li>eliminuje tepeln\u00e9 mosty<\/li>\n<li>odoln\u00fd proti vlhkosti<\/li>\n<li>neobsahuje rozpou\u0161t\u011bdla a freon<\/li>\n<\/ul>\n<h4>P\u0159\u00edprava podkladu<\/h4>\n<p>Ka\u017ed\u00fd podklad mus\u00ed b\u00fdt kompaktn\u00ed, rovn\u00fd, nosn\u00fd, such\u00fd, \u010dist\u00fd a bez vrstev sni\u017euj\u00edc\u00edch p\u0159ilnavost (mastnota, prach apod.). Odstra\u0148te star\u00e9, \u201euvoln\u011bn\u00e9\u201c om\u00edtky, opr\u00fdskan\u00e9 barvy a dal\u0161\u00ed ne\u010distoty. Drobn\u00e9 nerovnosti a vady opravte nap\u0159. lepidlem TO-KS nebo univerz\u00e1ln\u00edm lepidlem TO-KU. Opravy podkladu by m\u011bly b\u00fdt dokon\u010deny nejpozd\u011bji 1 den p\u0159ed lepen\u00edm polystyrenov\u00fdch desek.<\/p>\n<h4>Doporu\u010den\u00ed k instalaci<\/h4>\n<ul>\n<li>Plechovka a jej\u00ed obsah mus\u00ed m\u00edt p\u0159ed pou\u017eit\u00edm teplotu +5\u00b0C a\u017e +30\u00b0C<\/li>\n<li>N\u00e1dobu siln\u011b prot\u0159ep\u00e1vejte po dobu p\u0159ibli\u017en\u011b 30 sekund. B\u011bhem aplikace tak\u00e9 pravideln\u011b prot\u0159ep\u00e1vejte.<\/li>\n<li>Pevn\u011b \u200b\u200but\u00e1hn\u011bte pistoli (aplik\u00e1tor) k ventilu.<\/li>\n<li>Stiskn\u011bte spou\u0161\u0165 a upravte mno\u017estv\u00ed d\u00e1vkovan\u00e9ho lepidla.<\/li>\n<li>Plochy, na kter\u00e9 bude lepidlo nan\u00e1\u0161eno, lze navlh\u010dit, nikoli v\u0161ak mokr\u00e9.<\/li>\n<li>Neod\u0161roubov\u00e1vejte pistoli, dokud nen\u00ed plechovka zcela pr\u00e1zdn\u00e1<\/li>\n<li>Pistole \u010dist\u011bte speci\u00e1ln\u00edmi \u010distic\u00edmi prost\u0159edky, nap\u0159. \u010disti\u010dem polyuretanov\u00e9 p\u011bny Termo Organika<\/li>\n<\/ul>\n<p>V zateplovac\u00edch syst\u00e9mech se polyuretanov\u00e9 lepidlo TO-KPS nan\u00e1\u0161\u00ed na desku v cca 3 cm \u0161irok\u00e9m pruhu po obvodu cca 2 cm od okraje desky a jedn\u00edm pruhem st\u0159edem desky. rovnob\u011b\u017en\u011b s del\u0161\u00edmi stranami.<\/p>\n<p>Po nanesen\u00ed lepidla na desku po\u010dkejte asi 5 minut (teplota 20\u00b0C) nebo 7-8 minut (teplota -5\u00b0C), pot\u00e9 ji um\u00edst\u011bte na izolovanou st\u011bnu a opravte polohu pomoc\u00ed instala\u010dn\u00ed z\u00e1platy. Polohu desek lze korigovat cca 10 minut. Ve v\u00fdsledku by lepidlo m\u011blo pokr\u00fdvat alespo\u0148 40 % povrchu desky. Lepen\u00e9 desky by k sob\u011b m\u011bly t\u011bsn\u011b p\u0159il\u00e9hat. N\u00e1sleduj\u00edc\u00ed lepen\u00e9 \u0159ady prken by m\u011bly b\u00fdt posunuty oproti p\u0159edchoz\u00edm tak, aby svisl\u00e9 spoje prken zachovaly stup\u0148ovit\u00e9 uspo\u0159\u00e1d\u00e1n\u00ed. P\u0159\u00edpadn\u00e9 mezery lze pozd\u011bji vyplnit polyuretanov\u00fdm lepidlem TO-KPS. P\u0159i lepen\u00ed desek na svisl\u00e9 plochy by m\u011bly b\u00fdt pou\u017eity startovac\u00ed li\u0161ty. Lepen\u00e9 desky by m\u011bly b\u00fdt dodate\u010dn\u011b upevn\u011bny mechanicky hmo\u017edinkami (min. 4 hmo\u017edinky na 1 m2 plochy, tj. min. 2 hmo\u017edinky na jednu desku).<\/p>\n<p>P\u0159i lepen\u00ed desek na svisl\u00e9 plochy by m\u011bly b\u00fdt pou\u017eity startovac\u00ed li\u0161ty. Lepen\u00e9 desky by m\u011bly b\u00fdt dodate\u010dn\u011b upevn\u011bny mechanicky hmo\u017edinkami (min. 4 hmo\u017edinky na 1 m2 plochy, tj. min. 2 hmo\u017edinky na desku).<\/p>\n<p>P\u0159i pou\u017eit\u00ed polyuretanov\u00e9ho lepidla TO-KPS pro lepen\u00ed s\u00e1drokartonov\u00fdch desek nebo obvodov\u00fdch izola\u010dn\u00edch desek z\u00e1klad\u016f nan\u00e1\u0161ejte lepidlo na povrch st\u011bny v p\u00e1sech o \u0161\u00ed\u0159ce 3 cm ve vzd\u00e1lenosti cca 25 cm.<\/p>\n<p>Lepen\u00e9 z\u00e1kladov\u00e9 desky nespichujte.<br \/>\nP\u0159i pr\u00e1ci by teplota podkladu a okol\u00ed m\u011bla b\u00fdt od -5\u00b0C do +30\u00b0C.<\/p>\n","protected":false},"excerpt":{"rendered":"<blockquote><p><strong>M\u00edt na sob\u011b:<\/strong><\/p>\n<p><strong>Zalo\u017een\u00ed: do 18 m2<\/strong><br \/>\n<strong>Syst\u00e9m ETICS: do 8m2<\/strong><br \/>\n<strong>Lepen\u00ed s\u00e1drokartonov\u00fdch desek v z\u00e1vislosti na rovinnosti podkladu: do 15 m2<\/strong><\/p>\n<p><strong>Su\u0161en\u00ed:<\/strong><\/p>\n<p><strong>Doba korekce: do 10 minut<\/strong><br \/>\n<strong>Doba zap\u00edn\u00e1n\u00ed: cca 2 hodiny<\/strong><\/p>\n<p><strong>\u010ci\u0161t\u011bn\u00ed n\u00e1\u0159ad\u00ed \u010cisti\u010d, aceton &#8211; ihned po pou\u017eit\u00ed.<\/strong><\/p>\n<p><strong>Pozn\u00e1mka &#8211; \u010disti\u010d PUR p\u011bny nesm\u00ed p\u0159ij\u00edt do styku s polystyrenem, velmi rychle jej rozpou\u0161t\u00ed.<\/strong><\/p><\/blockquote>\n","protected":false},"featured_media":6384,"comment_status":"open","ping_status":"closed","template":"","meta":{"_acf_changed":false},"product_brand":[],"product_cat":[145,143],"product_tag":[915],"class_list":{"0":"post-1341","1":"product","2":"type-product","3":"status-publish","4":"has-post-thumbnail","6":"product_cat-lepidla-pro-tepelnou-izolaci","7":"product_cat-tepelne-izolace","8":"product_tag-klej-cs","9":"product_shipping_class-poslicek","10":"pa_pojemnosc-750ml-cs","11":"pa_producent-termo-organika-cs","13":"first","14":"instock","15":"taxable","16":"shipping-taxable","17":"purchasable","18":"product-type-simple"},"acf":[],"_links":{"self":[{"href":"https:\/\/sklep.thepartners.pl\/cs\/wp-json\/wp\/v2\/product\/1341","targetHints":{"allow":["GET"]}}],"collection":[{"href":"https:\/\/sklep.thepartners.pl\/cs\/wp-json\/wp\/v2\/product"}],"about":[{"href":"https:\/\/sklep.thepartners.pl\/cs\/wp-json\/wp\/v2\/types\/product"}],"replies":[{"embeddable":true,"href":"https:\/\/sklep.thepartners.pl\/cs\/wp-json\/wp\/v2\/comments?post=1341"}],"wp:featuredmedia":[{"embeddable":true,"href":"https:\/\/sklep.thepartners.pl\/cs\/wp-json\/wp\/v2\/media\/6384"}],"wp:attachment":[{"href":"https:\/\/sklep.thepartners.pl\/cs\/wp-json\/wp\/v2\/media?parent=1341"}],"wp:term":[{"taxonomy":"product_brand","embeddable":true,"href":"https:\/\/sklep.thepartners.pl\/cs\/wp-json\/wp\/v2\/product_brand?post=1341"},{"taxonomy":"product_cat","embeddable":true,"href":"https:\/\/sklep.thepartners.pl\/cs\/wp-json\/wp\/v2\/product_cat?post=1341"},{"taxonomy":"product_tag","embeddable":true,"href":"https:\/\/sklep.thepartners.pl\/cs\/wp-json\/wp\/v2\/product_tag?post=1341"}],"curies":[{"name":"wp","href":"https:\/\/api.w.org\/{rel}","templated":true}]}}