{"id":1345,"date":"2024-06-13T09:39:12","date_gmt":"2024-06-13T07:39:12","guid":{"rendered":"https:\/\/www.partners.proadax-dev.pl\/p\/klej-do-styropianu-to-ks\/"},"modified":"2024-10-01T10:25:01","modified_gmt":"2024-10-01T08:25:01","slug":"klej-do-styropianu-to-ks","status":"publish","type":"product","link":"https:\/\/sklep.thepartners.pl\/cs\/produkt\/klej-do-styropianu-to-ks\/","title":{"rendered":"Lepidlo na polystyren TO-KS 25kg"},"content":{"rendered":"<p>Lepidlo na polystyren TO-KS je sou\u010d\u00e1st\u00ed zateplovac\u00edho syst\u00e9mu Termo Organika\u00ae. Slou\u017e\u00ed k lepen\u00ed polystyrenu (v\u010detn\u011b grafitu) na miner\u00e1ln\u00ed podklady, nap\u0159. prefabrikovan\u00e9 \u017eelezobetonov\u00e9 prvky, beton, keramick\u00e9 prvky, keramzitbeton, p\u00f3robeton, p\u0159\u00edrodn\u00ed k\u00e1men, cementov\u00e9, v\u00e1penn\u00e9 a cementovo-v\u00e1penn\u00e9 om\u00edtky aj. povrchy. Lze jej pou\u017e\u00edt pro zateplen\u00ed jak novostaveb, tak budov proch\u00e1zej\u00edc\u00edch rekonstrukc\u00ed.<\/p>\n<p><strong>Aplikace a vlastnosti<\/strong><\/p>\n<ul>\n<li><span style=\"color: #1b1919; font-size: 18px;\">pro lepen\u00ed v\u0161ech p\u011bnov\u00fdch polystyren\u016f (v\u010detn\u011b grafitu)<br \/>\n<\/span><\/li>\n<li><span style=\"color: #1b1919; font-size: 18px;\">velmi dobr\u00e1 p\u0159ilnavost<br \/>\n<\/span><\/li>\n<li><span style=\"color: #1b1919; font-size: 18px;\">vysok\u00e1 odolnost<br \/>\n<\/span><\/li>\n<li><span style=\"color: #1b1919; font-size: 18px;\">odoln\u00fd v\u016f\u010di pov\u011btrnostn\u00edm vliv\u016fm (mrazuvzdorn\u00fd a vod\u011bodoln\u00fd)<br \/>\n<\/span><\/li>\n<li><span style=\"color: #1b1919; font-size: 18px;\">velmi dobr\u00e9 pracovn\u00ed vlastnosti<br \/>\n<\/span><\/li>\n<li><span style=\"color: #1b1919; font-size: 18px;\">snadn\u00e9 pou\u017eit\u00ed<br \/>\n<\/span><\/li>\n<li><span style=\"color: #1b1919; font-size: 18px;\">pro interi\u00e9ry i exteri\u00e9ry<\/span><\/li>\n<\/ul>\n<p>&nbsp;<\/p>\n<p><strong>P\u0159\u00edprava podkladu<\/strong><\/p>\n<p>Ka\u017ed\u00fd podklad mus\u00ed b\u00fdt kompaktn\u00ed, rovn\u00fd, nosn\u00fd, such\u00fd, \u010dist\u00fd a bez vrstev sni\u017euj\u00edc\u00edch p\u0159ilnavost (mastnota, prach apod.). Odstra\u0148te star\u00e9, \u201euvoln\u011bn\u00e9\u201c om\u00edtky, opr\u00fdskan\u00e9 barvy a dal\u0161\u00ed ne\u010distoty. Drobn\u00e9 nerovnosti a vady lze opravit lepidlem TO-KS. Opravy podkladu by m\u011bly b\u00fdt dokon\u010deny nejpozd\u011bji 1 den p\u0159ed lepen\u00edm polystyr\u00e9nov\u00fdch desek; \u010d\u00edm siln\u011bj\u0161\u00ed je vrstva malty, t\u00edm del\u0161\u00ed je doba pot\u0159ebn\u00e1 k lepen\u00ed polystyrenu (zpravidla cca 1 den na ka\u017ed\u00fd 1 mm tlou\u0161\u0165ky malty). Sav\u00e9 podklady (nap\u0159. p\u00f3robeton) napenetrujte univerz\u00e1ln\u00edm z\u00e1kladn\u00edm n\u00e1t\u011brem TO GU, hladk\u00e9 a\/nebo nesav\u00e9 podklady (nap\u0159. beton, \u017eelezobeton) penetra\u010dn\u00edm n\u00e1t\u011brem TO GS.<\/p>\n<p><strong>Doporu\u010den\u00ed k instalaci<\/strong><\/p>\n<p>Obsah s\u00e1\u010dku nasypte do n\u00e1doby s doporu\u010den\u00fdm mno\u017estv\u00edm vody a m\u00edchejte 3-5 minut n\u00edzkoot\u00e1\u010dkov\u00fdm elektrick\u00fdm m\u00edchadlem, dokud nez\u00edsk\u00e1te homogenn\u00ed konzistenci. Lepidlo odlo\u017ete na cca 2-3 minuty a znovu prom\u00edchejte. Malta je vhodn\u00e1 pro m\u00edch\u00e1n\u00ed v m\u00edcha\u010dk\u00e1ch betonu. V tomto p\u0159\u00edpad\u011b by m\u011bla b\u00fdt doba m\u00edch\u00e1n\u00ed prodlou\u017eena na p\u0159ibli\u017en\u011b 10 minut. Konzistenci hmoty lze upravit p\u0159id\u00e1n\u00edm vody, av\u0161ak v mno\u017estv\u00ed nep\u0159esahuj\u00edc\u00edm horn\u00ed hranici. P\u0159ipravte si \u010d\u00e1sti malty, kter\u00e9 budou spot\u0159ebov\u00e1ny p\u0159ibli\u017en\u011b do 2 hodin. Malta, kter\u00e1 b\u011bhem t\u00e9to doby zhoustne, by m\u011bla b\u00fdt m\u00edch\u00e1na bez p\u0159id\u00e1n\u00ed vody.<\/p>\n<p>&nbsp;<\/p>\n<p>Pokud je podklad rovn\u00fd, naneste lepidlo TO KS polystyren v tenk\u00e9 vrstv\u011b na polystyrenovou desku a rovnom\u011brn\u011b rozet\u0159ete zubovou st\u011brkou se zuby 10-12 mm. V ostatn\u00edch p\u0159\u00edpadech je t\u0159eba maltu rozet\u0159\u00edt po obvodu ve vzd\u00e1lenosti cca 5 cm od okraje desek a dodate\u010dn\u011b na jej\u00ed povrch nan\u00e9st rovnom\u011brn\u011b 3 a\u017e 6 z\u00e1plat. V d\u016fsledku toho by malta m\u011bla pokr\u00fdvat alespo\u0148 40 % desky. Pot\u00e9 p\u0159ilepte polystyrenovou desku lehk\u00fdm p\u0159itla\u010den\u00edm ke st\u011bn\u011b a vyrovnejte ji tak, aby pevn\u011b p\u0159ilnula k sousedn\u00edm desk\u00e1m. N\u00e1sleduj\u00edc\u00ed lepen\u00e9 \u0159ady prken by m\u011bly b\u00fdt posunuty oproti p\u0159edchoz\u00edm tak, aby svisl\u00e9 spoje prken zachovaly stup\u0148ovit\u00e9 uspo\u0159\u00e1d\u00e1n\u00ed. Desky by m\u011bly b\u00fdt lepeny po\u010d\u00ednaje startovac\u00edm p\u00e1sem ve spodn\u00ed \u010d\u00e1sti fas\u00e1dy. Jak\u00e9koli \u0161pendlen\u00ed, brou\u0161en\u00ed desek a lepen\u00ed v\u00fdztu\u017en\u00e9 s\u00edt\u011b by m\u011blo za\u010d\u00edt nejd\u0159\u00edve dva dny po nalepen\u00ed polystyrenu. Pou\u017eit\u00e9 mechanick\u00e9 spojky mus\u00ed b\u00fdt vhodn\u011b zvoleny pro typ podkladu a v souladu s technick\u00fdm n\u00e1vrhem izolace. Nepou\u017e\u00edvejte rezav\u00e9 nebo \u0161pinav\u00e9 n\u00e1stroje. \u010cerstv\u00e9 skvrny od malty o\u010dist\u011bte vodou. Po vytvrdnut\u00ed lze maltu odstranit pouze mechanicky. Lepidlo se nesm\u00ed m\u00edchat s cementem, v\u00e1pnem, p\u00edskem, jin\u00fdmi lepidly, maltami a chemick\u00fdmi p\u0159\u00edsadami. P\u0159i pr\u00e1ci by se teplota podkladu a okol\u00ed m\u011bla pohybovat mezi +5\u00b0C a +30\u00b0C.<\/p>\n","protected":false},"excerpt":{"rendered":"<blockquote><p><strong>Balen\u00ed: 25 kg<\/strong><\/p>\n<p><strong>Spot\u0159eba: cca 4-5kg\/m2<\/strong><\/p>\n<p><strong>\u0160ed\u00e1 barva<\/strong><\/p>\n<p><strong>\u010ci\u0161t\u011bn\u00ed n\u00e1\u0159ad\u00ed: vodou ihned po ukon\u010den\u00ed pr\u00e1ce<\/strong><\/p>\n<p><strong>Dal\u0161\u00ed pr\u00e1ce po 48 hodin\u00e1ch<\/strong><\/p>\n<p><strong>Aplika\u010dn\u00ed teplota: -5 a\u017e +30\u00b0C<\/strong><\/p>\n<p><strong>Doporu\u010den\u00e1 tlou\u0161\u0165ka lepidla: 3-6mm<\/strong><\/p>\n<p><strong>Maxim\u00e1ln\u00ed tlou\u0161\u0165ka lepidla: 10 mm<\/strong><\/p>\n<p><strong>Doba no\u0161en\u00ed: a\u017e 2 hodiny<\/strong><\/p><\/blockquote>\n","protected":false},"featured_media":5917,"comment_status":"open","ping_status":"closed","template":"","meta":{"_acf_changed":false},"product_brand":[],"product_cat":[143,145],"product_tag":[915],"class_list":{"0":"post-1345","1":"product","2":"type-product","3":"status-publish","4":"has-post-thumbnail","6":"product_cat-tepelne-izolace","7":"product_cat-lepidla-pro-tepelnou-izolaci","8":"product_tag-klej-cs","9":"product_shipping_class-kurier-cs","10":"pa_producent-termo-organika-cs","12":"first","13":"instock","14":"taxable","15":"shipping-taxable","16":"purchasable","17":"product-type-simple"},"acf":[],"_links":{"self":[{"href":"https:\/\/sklep.thepartners.pl\/cs\/wp-json\/wp\/v2\/product\/1345","targetHints":{"allow":["GET"]}}],"collection":[{"href":"https:\/\/sklep.thepartners.pl\/cs\/wp-json\/wp\/v2\/product"}],"about":[{"href":"https:\/\/sklep.thepartners.pl\/cs\/wp-json\/wp\/v2\/types\/product"}],"replies":[{"embeddable":true,"href":"https:\/\/sklep.thepartners.pl\/cs\/wp-json\/wp\/v2\/comments?post=1345"}],"wp:featuredmedia":[{"embeddable":true,"href":"https:\/\/sklep.thepartners.pl\/cs\/wp-json\/wp\/v2\/media\/5917"}],"wp:attachment":[{"href":"https:\/\/sklep.thepartners.pl\/cs\/wp-json\/wp\/v2\/media?parent=1345"}],"wp:term":[{"taxonomy":"product_brand","embeddable":true,"href":"https:\/\/sklep.thepartners.pl\/cs\/wp-json\/wp\/v2\/product_brand?post=1345"},{"taxonomy":"product_cat","embeddable":true,"href":"https:\/\/sklep.thepartners.pl\/cs\/wp-json\/wp\/v2\/product_cat?post=1345"},{"taxonomy":"product_tag","embeddable":true,"href":"https:\/\/sklep.thepartners.pl\/cs\/wp-json\/wp\/v2\/product_tag?post=1345"}],"curies":[{"name":"wp","href":"https:\/\/api.w.org\/{rel}","templated":true}]}}