{"id":1348,"date":"2024-06-13T09:28:54","date_gmt":"2024-06-13T07:28:54","guid":{"rendered":"https:\/\/www.partners.proadax-dev.pl\/p\/grunt-sczepny-to-gs-15kg\/"},"modified":"2024-10-01T13:05:45","modified_gmt":"2024-10-01T11:05:45","slug":"grunt-sczepny-to-gs-15kg","status":"publish","type":"product","link":"https:\/\/sklep.thepartners.pl\/cs\/produkt\/grunt-sczepny-to-gs-15kg\/","title":{"rendered":"Z\u00e1kladn\u00ed n\u00e1t\u011br TO-GS 15kg"},"content":{"rendered":"<div class=\"desc \">\n<p>Z\u00e1kladov\u00fd n\u00e1t\u011br TERMONIUM je kl\u00ed\u010dovou sou\u010d\u00e1st\u00ed izola\u010dn\u00edho syst\u00e9mu Termo Organika TERMONIUM. Je ur\u010den k n\u00e1t\u011bru vyztu\u017een\u00e9 vrstvy p\u0159ed aplikac\u00ed om\u00edtky TERMONIUM. Skv\u011ble se osv\u011bd\u010duje tak\u00e9 p\u0159i p\u0159\u00edprav\u011b hladk\u00fdch a\/nebo nenas\u00e1kav\u00fdch povrch\u016f, jako jsou beton, s\u00e1drokartonov\u00e9 desky, d\u0159evot\u0159\u00edskov\u00e9 desky a malovan\u00e9 plochy p\u0159ed aplikac\u00ed tenkovrstvov\u00fdch om\u00edtek Termo Organika.<\/p>\n<p><strong>Pou\u017eit\u00ed a vlastnosti:<\/strong><\/p>\n<ul>\n<li>P\u0159ipraven k okam\u017eit\u00e9mu pou\u017eit\u00ed.<\/li>\n<li>Zvy\u0161uje p\u0159ilnavost om\u00edtky TERMONIUM k hladk\u00fdm a\/nebo nenas\u00e1kav\u00fdm povrch\u016fm.<\/li>\n<li>Zabra\u0148uje vzniku v\u00fdkv\u011bt\u016f a skvrn na povrchu om\u00edtky.<\/li>\n<li>Obsahuje jemnozrnn\u00e9 miner\u00e1ln\u00ed plnidlo.<\/li>\n<li>Neobsahuje rozpou\u0161t\u011bdla.<\/li>\n<li>Pou\u017eiteln\u00fd jak v interi\u00e9ru, tak v exteri\u00e9ru budov.<\/li>\n<\/ul>\n<p><strong>P\u0159\u00edprava podkladu:<\/strong><\/p>\n<ul>\n<li>Ka\u017ed\u00fd podklad mus\u00ed b\u00fdt pevn\u00fd, rovn\u00fd, nosn\u00fd, such\u00fd, \u010dist\u00fd a bez vrstev sni\u017euj\u00edc\u00edch p\u0159ilnavost (tuk, prach, ne\u010distoty apod.).<\/li>\n<li>N\u00e1t\u011br vyztu\u017een\u00e9 vrstvy je mo\u017en\u00e9 prov\u00e9st nejd\u0159\u00edve 3 dny po jej\u00edm dokon\u010den\u00ed. P\u0159ed aplikac\u00ed z\u00e1kladn\u00edho n\u00e1t\u011bru TERMONIUM je t\u0159eba ostatn\u00ed podklady d\u016fkladn\u011b vy\u010distit a vyrovnat. Star\u00e9, voln\u00e9 om\u00edtky, odlupuj\u00edc\u00ed se barvy a jin\u00e9 ne\u010distoty je t\u0159eba odstranit. Men\u0161\u00ed nerovnosti a po\u0161kozen\u00ed je nutn\u00e9 opravit univerz\u00e1ln\u00edm lepidlem TERMONIUM. Nepou\u017e\u00edvat na siln\u011b vlhk\u00e9 a zmrzl\u00e9 povrchy.<\/li>\n<\/ul>\n<p><strong>Mont\u00e1\u017en\u00ed doporu\u010den\u00ed:<\/strong><\/p>\n<ul>\n<li>Obsah n\u00e1doby d\u016fkladn\u011b prom\u00edchat.<\/li>\n<li>Z\u00e1kladn\u00ed n\u00e1t\u011br TERMONIUM aplikovat jednor\u00e1zov\u011b \u0161t\u011btcem nebo v\u00e1le\u010dkem.<\/li>\n<li>Om\u00edtku je mo\u017en\u00e9 za\u010d\u00edt nan\u00e1\u0161et a\u017e po \u00fapln\u00e9m spojen\u00ed n\u00e1t\u011bru s podkladem, ale ne d\u0159\u00edve ne\u017e po cca 24 hodin\u00e1ch od dokon\u010den\u00ed n\u00e1t\u011bru (v nep\u0159\u00edzniv\u00fdch podm\u00ednk\u00e1ch se tento \u010das m\u016f\u017ee prodlou\u017eit).<\/li>\n<li>Nepou\u017e\u00edvat zreziv\u011bl\u00e9 nebo za\u0161pin\u011bn\u00e9 n\u00e1stroje. \u010cerstv\u00e9 zne\u010di\u0161t\u011bn\u00ed n\u00e1t\u011brem opl\u00e1chn\u011bte vodou a po vyschnut\u00ed je mo\u017en\u00e9 odstranit mechanicky.<\/li>\n<li>Nenam\u00edchat z\u00e1kladn\u00ed n\u00e1t\u011br TERMONIUM s jin\u00fdmi p\u0159\u00edpravky, om\u00edtkami, maltami, pigmenty nebo p\u0159\u00edsadami.<\/li>\n<li>P\u0159i aplikaci a schnut\u00ed n\u00e1t\u011bru mus\u00ed b\u00fdt teplota podkladu a okoln\u00edho prost\u0159ed\u00ed nejm\u00e9n\u011b +5\u00b0C.<\/li>\n<\/ul>\n<p><strong>Skladov\u00e1n\u00ed:<\/strong><\/p>\n<ul>\n<li>Skladovac\u00ed doba je 24 m\u011bs\u00edc\u016f od data v\u00fdroby za podm\u00ednky skladov\u00e1n\u00ed v origin\u00e1ln\u00edm uzav\u0159en\u00e9m obalu v such\u00fdch podm\u00ednk\u00e1ch.<\/li>\n<li>Skladovat a p\u0159epravovat v tov\u00e1rn\u011b uzav\u0159en\u00fdch obalech p\u0159i teplot\u011b od +5\u00baC do +25\u00baC.<\/li>\n<li>Nepo\u0159izovat palety jednu na druhou. Chr\u00e1nit p\u0159ed mrazem a p\u0159\u00edm\u00fdm slune\u010dn\u00edm z\u00e1\u0159en\u00edm.<\/li>\n<\/ul>\n<\/div>\n","protected":false},"excerpt":{"rendered":"<blockquote><p><strong>Technick\u00e1 data:<\/strong><\/p>\n<p><strong>Spot\u0159eba: 0,5 kg\/m2<\/strong><\/p>\n<p><strong>Doba schnut\u00ed: P\u0159ibl. 12 hodin<\/strong><\/p>\n<p><strong>Aplikace: \u0161t\u011btcem<\/strong><\/p><\/blockquote>\n<p>&nbsp;<\/p>\n","protected":false},"featured_media":10474,"comment_status":"open","ping_status":"closed","template":"","meta":{"_acf_changed":false},"product_brand":[],"product_cat":[143,933,162,934,140],"product_tag":[471,649],"class_list":{"0":"post-1348","1":"product","2":"type-product","3":"status-publish","4":"has-post-thumbnail","6":"product_cat-tepelne-izolace","7":"product_cat-zakladni-natery-na-omitky","8":"product_cat-micharna-barev-a-omitek","9":"product_cat-zakladni-natery-na-omitky-cs","10":"product_cat-plastifikatory-a-zakladni-natery","11":"product_tag-grunt-cs","12":"product_tag-primer-cs","13":"product_shipping_class-kurier-cs","14":"pa_pojemnosc-10l-cs","15":"pa_producent-termo-organika-cs","17":"first","18":"instock","19":"taxable","20":"shipping-taxable","21":"purchasable","22":"product-type-simple"},"acf":[],"_links":{"self":[{"href":"https:\/\/sklep.thepartners.pl\/cs\/wp-json\/wp\/v2\/product\/1348","targetHints":{"allow":["GET"]}}],"collection":[{"href":"https:\/\/sklep.thepartners.pl\/cs\/wp-json\/wp\/v2\/product"}],"about":[{"href":"https:\/\/sklep.thepartners.pl\/cs\/wp-json\/wp\/v2\/types\/product"}],"replies":[{"embeddable":true,"href":"https:\/\/sklep.thepartners.pl\/cs\/wp-json\/wp\/v2\/comments?post=1348"}],"wp:featuredmedia":[{"embeddable":true,"href":"https:\/\/sklep.thepartners.pl\/cs\/wp-json\/wp\/v2\/media\/10474"}],"wp:attachment":[{"href":"https:\/\/sklep.thepartners.pl\/cs\/wp-json\/wp\/v2\/media?parent=1348"}],"wp:term":[{"taxonomy":"product_brand","embeddable":true,"href":"https:\/\/sklep.thepartners.pl\/cs\/wp-json\/wp\/v2\/product_brand?post=1348"},{"taxonomy":"product_cat","embeddable":true,"href":"https:\/\/sklep.thepartners.pl\/cs\/wp-json\/wp\/v2\/product_cat?post=1348"},{"taxonomy":"product_tag","embeddable":true,"href":"https:\/\/sklep.thepartners.pl\/cs\/wp-json\/wp\/v2\/product_tag?post=1348"}],"curies":[{"name":"wp","href":"https:\/\/api.w.org\/{rel}","templated":true}]}}