{"id":1351,"date":"2024-06-12T15:12:15","date_gmt":"2024-06-12T13:12:15","guid":{"rendered":"https:\/\/www.partners.proadax-dev.pl\/p\/tesoromont-wm-200-wm-200-igloo-zaprawa-klejaco-zbrojaca-do-plyt-z-welny-mineralnej-i-zatapiania-siatki\/"},"modified":"2024-10-01T10:18:06","modified_gmt":"2024-10-01T08:18:06","slug":"tesoromont-wm-200-wm-200-igloo-zaprawa-klejaco-zbrojaca-do-plyt-z-welny-mineralnej-i-zatapiania-siatki","status":"publish","type":"product","link":"https:\/\/sklep.thepartners.pl\/cs\/produkt\/tesoromont-wm-200-wm-200-igloo-zaprawa-klejaco-zbrojaca-do-plyt-z-welny-mineralnej-i-zatapiania-siatki\/","title":{"rendered":"Lepidlo na skelnou vatu a sit TESOROMONT WM-200 25kg"},"content":{"rendered":"<p>Lepic\u00ed a st\u011brkov\u00e1 malta SEMPER TERM WM je ur\u010dena pro mont\u00e1\u017e izola\u010dn\u00edch desek z miner\u00e1ln\u00ed vlny a pro zapu\u0161t\u011bn\u00ed s\u00ed\u0165oviny do vrchn\u00ed v\u00fdztu\u017en\u00e9 vrstvy ve stavebn\u00edm zateplovac\u00edm syst\u00e9mu. V\u00fdrobek je dod\u00e1v\u00e1n jako such\u00e1 sm\u011bs p\u0159ipraven\u00e1 k pou\u017eit\u00ed po rozpu\u0161t\u011bn\u00ed ve vod\u011b. Po vytvrzen\u00ed je pru\u017en\u00fd, mrazuvzdorn\u00fd a d\u00edky obsahu vl\u00e1ken se vyzna\u010duje vysokou r\u00e1zovou hou\u017eevnatost\u00ed.<\/p>\n<p><strong>Funkce:<\/strong><\/p>\n<p>Flexibiln\u00ed po nastaven\u00ed<br \/>\nVysok\u00e1 odolnost proti n\u00e1razu<br \/>\nObsahuje vl\u00e1kna pro dodate\u010dn\u00e9 zpevn\u011bn\u00ed konstrukce<br \/>\nVhodn\u00e9 pro instalaci izola\u010dn\u00edch desek z miner\u00e1ln\u00ed vlny<br \/>\nDoporu\u010duje se pro zabudov\u00e1n\u00ed s\u00ed\u0165oviny do zateplovac\u00edho syst\u00e9mu budovy<br \/>\nAplikace:<br \/>\nMalta je ide\u00e1ln\u00ed pro instalaci izola\u010dn\u00edch desek z miner\u00e1ln\u00ed vlny a pro ulo\u017een\u00ed s\u00ed\u0165oviny do vrchn\u00ed v\u00fdztu\u017en\u00e9 vrstvy vn\u011bj\u0161\u00edch zateplovac\u00edch syst\u00e9m\u016f st\u011bn. Poskytuje trvanliv\u00e9 a flexibiln\u00ed spoje, odoln\u011bj\u0161\u00ed v\u016f\u010di m\u011bn\u00edc\u00edm se pov\u011btrnostn\u00edm podm\u00ednk\u00e1m.<\/p>\n<p><strong>Technick\u00e1 data:<\/strong><\/p>\n<p>Typ v\u00fdrobku: Lepic\u00ed a st\u011brkov\u00e1 malta pro zateplovac\u00ed syst\u00e9my<br \/>\nSlo\u017een\u00ed: Such\u00e1 pr\u00e1\u0161kov\u00e1 sm\u011bs s vl\u00e1kny<br \/>\nP\u0159ipraveno k pou\u017eit\u00ed po sm\u00edch\u00e1n\u00ed s vodou<br \/>\nMrazuvzdornost: Ano<br \/>\nPozornost:<br \/>\nObsah a spot\u0159eba by m\u011bly b\u00fdt p\u0159izp\u016fsobeny specifick\u00fdm po\u017eadavk\u016fm aplikace. Skute\u010dn\u00e1 spot\u0159eba se m\u016f\u017ee li\u0161it v z\u00e1vislosti na podm\u00ednk\u00e1ch aplikace.<\/p>\n<p>&nbsp;<\/p>\n","protected":false},"excerpt":{"rendered":"<blockquote><p><strong>Balen\u00ed: 25 kg<\/strong><\/p>\n<p><strong>Spot\u0159eba: cca 4kg\/m2<\/strong><\/p>\n<p><strong>\u0160ed\u00e1 barva<\/strong><\/p>\n<p><strong>\u010ci\u0161t\u011bn\u00ed n\u00e1\u0159ad\u00ed: vodou ihned po ukon\u010den\u00ed pr\u00e1ce<\/strong><\/p>\n<p><strong>Dal\u0161\u00ed pr\u00e1ce po 24 hodin\u00e1ch<\/strong><\/p>\n<p><strong>Teplota p\u0159i aplikaci: 1-25\u00b0C<\/strong><\/p>\n<p><strong>Doba no\u0161en\u00ed: a\u017e 2 hodiny<\/strong><\/p><\/blockquote>\n","protected":false},"featured_media":1250,"comment_status":"open","ping_status":"closed","template":"","meta":{"_acf_changed":false},"product_brand":[],"product_cat":[143,145],"product_tag":[915],"class_list":{"0":"post-1351","1":"product","2":"type-product","3":"status-publish","4":"has-post-thumbnail","6":"product_cat-tepelne-izolace","7":"product_cat-lepidla-pro-tepelnou-izolaci","8":"product_tag-klej-cs","9":"product_shipping_class-osobna-paczka","10":"pa_producent-sempre-cs","12":"first","13":"instock","14":"taxable","15":"shipping-taxable","16":"purchasable","17":"product-type-simple"},"acf":[],"_links":{"self":[{"href":"https:\/\/sklep.thepartners.pl\/cs\/wp-json\/wp\/v2\/product\/1351","targetHints":{"allow":["GET"]}}],"collection":[{"href":"https:\/\/sklep.thepartners.pl\/cs\/wp-json\/wp\/v2\/product"}],"about":[{"href":"https:\/\/sklep.thepartners.pl\/cs\/wp-json\/wp\/v2\/types\/product"}],"replies":[{"embeddable":true,"href":"https:\/\/sklep.thepartners.pl\/cs\/wp-json\/wp\/v2\/comments?post=1351"}],"wp:featuredmedia":[{"embeddable":true,"href":"https:\/\/sklep.thepartners.pl\/cs\/wp-json\/wp\/v2\/media\/1250"}],"wp:attachment":[{"href":"https:\/\/sklep.thepartners.pl\/cs\/wp-json\/wp\/v2\/media?parent=1351"}],"wp:term":[{"taxonomy":"product_brand","embeddable":true,"href":"https:\/\/sklep.thepartners.pl\/cs\/wp-json\/wp\/v2\/product_brand?post=1351"},{"taxonomy":"product_cat","embeddable":true,"href":"https:\/\/sklep.thepartners.pl\/cs\/wp-json\/wp\/v2\/product_cat?post=1351"},{"taxonomy":"product_tag","embeddable":true,"href":"https:\/\/sklep.thepartners.pl\/cs\/wp-json\/wp\/v2\/product_tag?post=1351"}],"curies":[{"name":"wp","href":"https:\/\/api.w.org\/{rel}","templated":true}]}}