{"id":1356,"date":"2024-06-13T08:05:33","date_gmt":"2024-06-13T06:05:33","guid":{"rendered":"https:\/\/www.partners.proadax-dev.pl\/p\/siatka-ake-145-sempre-11x50-podtynkowa\/"},"modified":"2024-10-01T10:06:37","modified_gmt":"2024-10-01T08:06:37","slug":"siatka-ake-145-sempre-11x50-podtynkowa","status":"publish","type":"product","link":"https:\/\/sklep.thepartners.pl\/cs\/produkt\/siatka-ake-145-sempre-11x50-podtynkowa\/","title":{"rendered":"Fas\u00e1dn\u00ed podom\u00edtkov\u00e1 s\u00ed\u0165 na polystyren AKE 145 Sempre 1,1&#215;50"},"content":{"rendered":"<div class=\"row\">\n<div class=\"col-md-12\">\n<p>Fas\u00e1dn\u00ed s\u00ed\u0165 pod om\u00edtku SRMPRE AKE 145 je kl\u00ed\u010dov\u00fdm prvkem komplexn\u00edho syst\u00e9mu zateplov\u00e1n\u00ed budov. Ide\u00e1ln\u011b se hod\u00ed pro vytvo\u0159en\u00ed v\u00fdztu\u017en\u00e9 vrstvy, kter\u00e1 je zan\u00e1\u0161ena do vrstvy lepidla p\u0159i aplikaci tepeln\u00e9 izolace s pou\u017eit\u00edm polystyrenu nebo miner\u00e1ln\u00ed vlny. Poskytuje pevn\u00fd podklad pro om\u00edtku, je v\u00fdrazn\u011b odoln\u00e1 v\u016f\u010di alkalick\u00e9mu prost\u0159ed\u00ed d\u00edky akryl\u00e1tov\u00e9 koupeli chr\u00e1n\u00edc\u00ed skeln\u00e1 vl\u00e1kna.<\/p>\n<\/div>\n<\/div>\n","protected":false},"excerpt":{"rendered":"<blockquote><p><strong>Pro vnit\u0159n\u00ed i venkovn\u00ed pou\u017eit\u00ed<\/strong><\/p>\n<p><strong>M\u00e1 g\u00e1zovou vazbu<\/strong><\/p>\n<p><strong>Odoln\u00fd v\u016f\u010di alk\u00e1li\u00edm<\/strong><\/p>\n<p><strong>Vod\u011bodoln\u00fd<\/strong><\/p>\n<p><strong>Mrazuvzdorn\u00fd<\/strong><\/p>\n<p><strong>Snadn\u00e9 pou\u017eit\u00ed<\/strong><\/p><\/blockquote>\n","protected":false},"featured_media":1269,"comment_status":"open","ping_status":"closed","template":"","meta":{"_acf_changed":false},"product_brand":[],"product_cat":[143,144],"product_tag":[490],"class_list":{"0":"post-1356","1":"product","2":"type-product","3":"status-publish","4":"has-post-thumbnail","6":"product_cat-tepelne-izolace","7":"product_cat-prislusenstvi","8":"product_tag-sempre-cs","9":"product_shipping_class-transport-gratis-cs","10":"pa_darmowa-dostawa-ano","11":"pa_producent-sempre-cs","13":"first","14":"instock","15":"taxable","16":"shipping-taxable","17":"purchasable","18":"product-type-simple"},"acf":[],"_links":{"self":[{"href":"https:\/\/sklep.thepartners.pl\/cs\/wp-json\/wp\/v2\/product\/1356","targetHints":{"allow":["GET"]}}],"collection":[{"href":"https:\/\/sklep.thepartners.pl\/cs\/wp-json\/wp\/v2\/product"}],"about":[{"href":"https:\/\/sklep.thepartners.pl\/cs\/wp-json\/wp\/v2\/types\/product"}],"replies":[{"embeddable":true,"href":"https:\/\/sklep.thepartners.pl\/cs\/wp-json\/wp\/v2\/comments?post=1356"}],"wp:featuredmedia":[{"embeddable":true,"href":"https:\/\/sklep.thepartners.pl\/cs\/wp-json\/wp\/v2\/media\/1269"}],"wp:attachment":[{"href":"https:\/\/sklep.thepartners.pl\/cs\/wp-json\/wp\/v2\/media?parent=1356"}],"wp:term":[{"taxonomy":"product_brand","embeddable":true,"href":"https:\/\/sklep.thepartners.pl\/cs\/wp-json\/wp\/v2\/product_brand?post=1356"},{"taxonomy":"product_cat","embeddable":true,"href":"https:\/\/sklep.thepartners.pl\/cs\/wp-json\/wp\/v2\/product_cat?post=1356"},{"taxonomy":"product_tag","embeddable":true,"href":"https:\/\/sklep.thepartners.pl\/cs\/wp-json\/wp\/v2\/product_tag?post=1356"}],"curies":[{"name":"wp","href":"https:\/\/api.w.org\/{rel}","templated":true}]}}