{"id":1359,"date":"2024-06-12T15:09:48","date_gmt":"2024-06-12T13:09:48","guid":{"rendered":"https:\/\/www.partners.proadax-dev.pl\/p\/tesoromont-uniwersalny-tu-200-tu-200-igloo-zaprawa-klejaco-zbrojaca-do-plyt-styropianowych-i-zatapiania-siatki\/"},"modified":"2024-10-01T10:17:41","modified_gmt":"2024-10-01T08:17:41","slug":"tesoromont-uniwersalny-tu-200-tu-200-igloo-zaprawa-klejaco-zbrojaca-do-plyt-styropianowych-i-zatapiania-siatki","status":"publish","type":"product","link":"https:\/\/sklep.thepartners.pl\/cs\/produkt\/tesoromont-uniwersalny-tu-200-tu-200-igloo-zaprawa-klejaco-zbrojaca-do-plyt-styropianowych-i-zatapiania-siatki\/","title":{"rendered":"Lepidlo na polystyren a sit TESOROMONT UNIVERZ\u00c1LN\u00cd TU-200 25kg"},"content":{"rendered":"<p>Lep\u00edc\u00ed a \u0161pachtluj\u00edc\u00ed malta SEMPRE TERM ST je ur\u010dena k zat\u00e1p\u011bn\u00ed s\u00edt\u011b ve vrchn\u00ed vrstv\u011b zbrojen\u00ed a k lepen\u00ed b\u00edl\u00fdch a grafitov\u00fdch polystyrenov\u00fdch desek v syst\u00e9mech zateplov\u00e1n\u00ed budov. Dod\u00e1v\u00e1 se ve form\u011b such\u00e9 sm\u011bsi pr\u00e1\u0161ku, kter\u00e1 je p\u0159ipravena k pou\u017eit\u00ed po rozpu\u0161t\u011bn\u00ed ve vod\u011b. Produkt je odoln\u00fd proti mrazu a po zatvrdnut\u00ed elastick\u00fd, co zaji\u0161\u0165uje dlouhodobou \u017eivotnost a odolnost v\u016f\u010di atmosf\u00e9rick\u00fdm podm\u00ednk\u00e1m.<\/p>\n<p><strong>Vlastnosti:<\/strong><\/p>\n<ul>\n<li>Elastick\u00e1 po zatvrdnut\u00ed<\/li>\n<li>Vysok\u00e1 odolnost proti n\u00e1razu<\/li>\n<li>Obsahuje vl\u00e1kna pro dodate\u010dn\u00e9 zpevn\u011bn\u00ed struktury<\/li>\n<li>Doporu\u010deno pro lepen\u00ed grafitov\u00e9ho polystyrenu<\/li>\n<\/ul>\n<p><strong>Pou\u017eit\u00ed:<\/strong> Malta je ide\u00e1ln\u00ed pro zat\u00e1p\u011bn\u00ed s\u00edt\u011b zbrojen\u00ed a lepen\u00ed polystyrenov\u00fdch desek v syst\u00e9mech zateplov\u00e1n\u00ed venkovn\u00edch st\u011bn budov. Zaji\u0161\u0165uje pevn\u00e1 a trval\u00e1 spojen\u00ed, chr\u00e1n\u00edc\u00ed budovy p\u0159ed tepeln\u00fdmi ztr\u00e1tami.<\/p>\n<p><strong>Technick\u00e9 \u00fadaje:<\/strong><\/p>\n<ul>\n<li>Typ produktu: Lep\u00edc\u00ed a \u0161pachtluj\u00edc\u00ed malta pro syst\u00e9my zateplov\u00e1n\u00ed<\/li>\n<li>Slo\u017een\u00ed: Such\u00e1 sm\u011bs pr\u00e1\u0161ku s vl\u00e1kny<\/li>\n<li>P\u0159ipraveno k pou\u017eit\u00ed po rozpu\u0161t\u011bn\u00ed ve vod\u011b<\/li>\n<li>Odolnost proti mrazu: Ano<\/li>\n<\/ul>\n<p><strong>Pozn\u00e1mka:<\/strong> Obsah a spot\u0159eba je t\u0159eba p\u0159izp\u016fsobit konkr\u00e9tn\u00edm aplik\u010dn\u00edm po\u017eadavk\u016fm. Skute\u010dn\u00e1 spot\u0159eba se m\u016f\u017ee li\u0161it v z\u00e1vislosti na aplik\u010dn\u00edch podm\u00ednk\u00e1ch.<\/p>\n","protected":false},"excerpt":{"rendered":"<blockquote><p><strong>Balen\u00ed: 25 kg<\/strong><\/p>\n<p><strong>Spot\u0159eba: cca 4kg\/m2<\/strong><\/p>\n<p><strong>\u0160ed\u00e1 barva<\/strong><\/p>\n<p><strong>\u010ci\u0161t\u011bn\u00ed n\u00e1\u0159ad\u00ed: vodou ihned po ukon\u010den\u00ed pr\u00e1ce<\/strong><\/p>\n<p><strong>Dal\u0161\u00ed pr\u00e1ce po 24 hodin\u00e1ch<\/strong><\/p>\n<p><strong>Doba no\u0161en\u00ed: a\u017e 2 hodiny<\/strong><\/p>\n<p><strong>Aplika\u010dn\u00ed teplota: 5-25\u00b0C<\/strong><\/p><\/blockquote>\n","protected":false},"featured_media":1247,"comment_status":"open","ping_status":"closed","template":"","meta":{"_acf_changed":false},"product_brand":[],"product_cat":[143,145],"product_tag":[915],"class_list":{"0":"post-1359","1":"product","2":"type-product","3":"status-publish","4":"has-post-thumbnail","6":"product_cat-tepelne-izolace","7":"product_cat-lepidla-pro-tepelnou-izolaci","8":"product_tag-klej-cs","9":"product_shipping_class-osobna-paczka","10":"pa_producent-sempre-cs","11":"pa_temperatura-stosowania-od-5oc-do-25oc-cs","13":"first","14":"instock","15":"taxable","16":"shipping-taxable","17":"purchasable","18":"product-type-simple"},"acf":[],"_links":{"self":[{"href":"https:\/\/sklep.thepartners.pl\/cs\/wp-json\/wp\/v2\/product\/1359","targetHints":{"allow":["GET"]}}],"collection":[{"href":"https:\/\/sklep.thepartners.pl\/cs\/wp-json\/wp\/v2\/product"}],"about":[{"href":"https:\/\/sklep.thepartners.pl\/cs\/wp-json\/wp\/v2\/types\/product"}],"replies":[{"embeddable":true,"href":"https:\/\/sklep.thepartners.pl\/cs\/wp-json\/wp\/v2\/comments?post=1359"}],"wp:featuredmedia":[{"embeddable":true,"href":"https:\/\/sklep.thepartners.pl\/cs\/wp-json\/wp\/v2\/media\/1247"}],"wp:attachment":[{"href":"https:\/\/sklep.thepartners.pl\/cs\/wp-json\/wp\/v2\/media?parent=1359"}],"wp:term":[{"taxonomy":"product_brand","embeddable":true,"href":"https:\/\/sklep.thepartners.pl\/cs\/wp-json\/wp\/v2\/product_brand?post=1359"},{"taxonomy":"product_cat","embeddable":true,"href":"https:\/\/sklep.thepartners.pl\/cs\/wp-json\/wp\/v2\/product_cat?post=1359"},{"taxonomy":"product_tag","embeddable":true,"href":"https:\/\/sklep.thepartners.pl\/cs\/wp-json\/wp\/v2\/product_tag?post=1359"}],"curies":[{"name":"wp","href":"https:\/\/api.w.org\/{rel}","templated":true}]}}