{"id":1361,"date":"2024-06-12T15:04:47","date_gmt":"2024-06-12T13:04:47","guid":{"rendered":"https:\/\/www.partners.proadax-dev.pl\/p\/tesoromont-start-ts-100-ts-100-igloo-zaprawa-klejowa-do-przyklejania-plyt-styropianowych\/"},"modified":"2024-10-01T10:17:21","modified_gmt":"2024-10-01T08:17:21","slug":"tesoromont-start-ts-100-ts-100-igloo-zaprawa-klejowa-do-przyklejania-plyt-styropianowych","status":"publish","type":"product","link":"https:\/\/sklep.thepartners.pl\/cs\/produkt\/tesoromont-start-ts-100-ts-100-igloo-zaprawa-klejowa-do-przyklejania-plyt-styropianowych\/","title":{"rendered":"Polystyrenov\u00e9 lepidlo 25kg -TESOROMONT START TS-100"},"content":{"rendered":"<p>Lep\u00edc\u00ed malta pro styroporov\u00e9 desky vhodn\u00e1 pro zateplov\u00e1n\u00ed venkovn\u00edch st\u011bn budov. P\u0159ipravena k pou\u017eit\u00ed po sm\u00edch\u00e1n\u00ed s vodou, zaji\u0161\u0165uje pevn\u00e9 p\u0159ilepen\u00ed desek vy\u017eaduj\u00edc\u00edch dal\u0161\u00ed mechanick\u00e9 upevn\u011bn\u00ed.<\/p>\n<p><strong>Vlastnosti:<\/strong><\/p>\n<ul>\n<li>V\u00fdhodn\u00fd pom\u011br cena\/v\u00fdkon<\/li>\n<li>Vysok\u00e1 p\u0159ilnavost<\/li>\n<li>Odolnost v\u016f\u010di atmosf\u00e9rick\u00fdm vliv\u016fm<\/li>\n<li>Snadn\u00e1 aplikace a zpracov\u00e1n\u00ed<\/li>\n<li>Vylep\u0161ena polymerov\u00fdmi aditivy, vhodn\u00e1 pro b\u00edl\u00fd a grafitov\u00fd polystyren<\/li>\n<li>Barva: \u0160ed\u00e1<\/li>\n<li>Spot\u0159eba: P\u0159ibli\u017en\u011b 4 kg\/m\u00b2<\/li>\n<\/ul>\n","protected":false},"excerpt":{"rendered":"<blockquote><p><strong>Balen\u00ed: 25 kg<\/strong><\/p>\n<p><strong>Spot\u0159eba: cca 4kg\/m2<\/strong><\/p>\n<p><strong>\u0160ed\u00e1 barva<\/strong><\/p>\n<p><strong>\u010ci\u0161t\u011bn\u00ed n\u00e1\u0159ad\u00ed: vodou ihned po ukon\u010den\u00ed pr\u00e1ce<\/strong><\/p>\n<p><strong>Dal\u0161\u00ed pr\u00e1ce po 24 hodin\u00e1ch<\/strong><\/p>\n<p><strong>Aplika\u010dn\u00ed teplota: 5 a\u017e 25\u00b0C<\/strong><\/p>\n<p><strong>Doba no\u0161en\u00ed: a\u017e 2 hodiny<\/strong><\/p><\/blockquote>\n","protected":false},"featured_media":1244,"comment_status":"open","ping_status":"closed","template":"","meta":{"_acf_changed":false},"product_brand":[],"product_cat":[143,145],"product_tag":[],"class_list":{"0":"post-1361","1":"product","2":"type-product","3":"status-publish","4":"has-post-thumbnail","6":"product_cat-tepelne-izolace","7":"product_cat-lepidla-pro-tepelnou-izolaci","8":"product_shipping_class-osobna-paczka","9":"pa_producent-sempre-cs","10":"pa_temperatura-stosowania-od-5oc-do-25oc-cs","12":"first","13":"instock","14":"taxable","15":"shipping-taxable","16":"purchasable","17":"product-type-simple"},"acf":[],"_links":{"self":[{"href":"https:\/\/sklep.thepartners.pl\/cs\/wp-json\/wp\/v2\/product\/1361","targetHints":{"allow":["GET"]}}],"collection":[{"href":"https:\/\/sklep.thepartners.pl\/cs\/wp-json\/wp\/v2\/product"}],"about":[{"href":"https:\/\/sklep.thepartners.pl\/cs\/wp-json\/wp\/v2\/types\/product"}],"replies":[{"embeddable":true,"href":"https:\/\/sklep.thepartners.pl\/cs\/wp-json\/wp\/v2\/comments?post=1361"}],"wp:featuredmedia":[{"embeddable":true,"href":"https:\/\/sklep.thepartners.pl\/cs\/wp-json\/wp\/v2\/media\/1244"}],"wp:attachment":[{"href":"https:\/\/sklep.thepartners.pl\/cs\/wp-json\/wp\/v2\/media?parent=1361"}],"wp:term":[{"taxonomy":"product_brand","embeddable":true,"href":"https:\/\/sklep.thepartners.pl\/cs\/wp-json\/wp\/v2\/product_brand?post=1361"},{"taxonomy":"product_cat","embeddable":true,"href":"https:\/\/sklep.thepartners.pl\/cs\/wp-json\/wp\/v2\/product_cat?post=1361"},{"taxonomy":"product_tag","embeddable":true,"href":"https:\/\/sklep.thepartners.pl\/cs\/wp-json\/wp\/v2\/product_tag?post=1361"}],"curies":[{"name":"wp","href":"https:\/\/api.w.org\/{rel}","templated":true}]}}