{"id":1363,"date":"2024-06-12T14:57:22","date_gmt":"2024-06-12T12:57:22","guid":{"rendered":"https:\/\/www.partners.proadax-dev.pl\/p\/klej-do-styropianu-xps-i-eps-pukleber-1\/"},"modified":"2024-10-01T10:11:45","modified_gmt":"2024-10-01T08:11:45","slug":"klej-do-styropianu-xps-i-eps-pukleber-1","status":"publish","type":"product","link":"https:\/\/sklep.thepartners.pl\/cs\/produkt\/klej-do-styropianu-xps-i-eps-pukleber-1\/","title":{"rendered":"Polystyrenov\u00e9 lepidlo XPS i EPS PUKLEBER-1 750ml"},"content":{"rendered":"<div class=\"row\">\n<div class=\"col-md-12 margin-bottom-sm margin-bottom-xl-lg-md margin-bottom-xs\">\n<p><strong>Polyuretanov\u00e9 lepidlo PUKLEBER-1 pro styropor &#8211; Efektivn\u00ed upevn\u011bn\u00ed a izolace<\/strong><\/p>\n<p>PUKLEBER-1 je n\u00edzkotlakov\u00e9 jednokomponentn\u00ed polyuretanov\u00e9 lepidlo s aplik\u00e1torem na pistole, ur\u010den\u00e9 k mont\u00e1\u017ei polystyrenov\u00fdch desek v syst\u00e9mech zateplov\u00e1n\u00ed budov metodou ETICS, stejn\u011b jako XPS a EPS p\u0159i izolaci z\u00e1klad\u016f, sklep\u016f a p\u0159\u00edzemn\u00edch \u010d\u00e1st\u00ed budov. Lepidlo je ide\u00e1ln\u00ed i pro mont\u00e1\u017e stropn\u00edch kazet a panel\u016f na st\u011bny. P\u011bna vytvo\u0159en\u00e1 lepidlem m\u00e1 vynikaj\u00edc\u00ed strukturu i p\u0159i teplot\u011b -5 \u00b0C a skv\u011blou p\u0159ilnavost k betonu, om\u00edtce, zdivu, d\u0159evu, plech\u016fm, papy a asfaltov\u00fdm izola\u010dn\u00edm materi\u00e1l\u016fm.<\/p>\n<p><strong>V\u00fdhody:<\/strong><\/p>\n<ul>\n<li><strong>Rychl\u00e9 schnut\u00ed:<\/strong> Umo\u017e\u0148uje pokra\u010dov\u00e1n\u00ed v prac\u00edch ji\u017e po 2 hodin\u00e1ch od aplikace.<\/li>\n<li><strong>Stabilita rozm\u011br\u016f:<\/strong> Zaji\u0161\u0165uje rovnom\u011brnou strukturu a trvanlivost.<\/li>\n<li><strong>Akustick\u00e1 a tepeln\u00e1 izolace:<\/strong> Vynikaj\u00edc\u00ed izolace jak akustick\u00e1, tak tepeln\u00e1.<\/li>\n<li><strong>Univerz\u00e1ln\u00ed pou\u017eit\u00ed:<\/strong> Hod\u00ed se pro pou\u017eit\u00ed jak uvnit\u0159, tak vn\u011b budov.<\/li>\n<li><strong>Pln\u00e9 vytvrzen\u00ed:<\/strong> Dos\u00e1hne pln\u00e9ho vytvrzen\u00ed polyuretanov\u00e9 sp\u00e1ry po 24 hodin\u00e1ch.<\/li>\n<\/ul>\n<p>Zvolte lepidlo PUKLEBER-1 pro zaji\u0161t\u011bn\u00ed pevn\u00e9 a trvanliv\u00e9 mont\u00e1\u017ee a \u00fa\u010dinn\u00e9 tepeln\u00e9 izolace ve va\u0161ich izola\u010dn\u00edch projektech.<\/p>\n<\/div>\n<\/div>\n","protected":false},"excerpt":{"rendered":"<blockquote><p><strong>Spot\u0159eba:<\/strong><\/p>\n<ul>\n<li><strong>Zalo\u017een\u00ed: do 14 m2<\/strong><\/li>\n<li><strong>Syst\u00e9m ETICS: do 8m2<\/strong><\/li>\n<\/ul>\n<p><strong>Su\u0161en\u00ed:<\/strong><\/p>\n<ul>\n<li><strong>Doba korekce: cca 17 \u00b11 min. (p\u0159i: +23 \u00b0C \/ RH 50 %)<\/strong><\/li>\n<li><strong>Doba zap\u00edn\u00e1n\u00ed: cca 2 hodiny<\/strong><\/li>\n<li><strong>Doba \u0159ez\u00e1n\u00ed: 48 min. \u00b1 10 %<\/strong><\/li>\n<\/ul>\n<p><strong>\u010ci\u0161t\u011bn\u00ed n\u00e1\u0159ad\u00ed \u010cisti\u010d, aceton &#8211; ihned po pou\u017eit\u00ed.<\/strong><\/p>\n<p><strong>Pozn\u00e1mka &#8211; \u010disti\u010d PUR p\u011bny nesm\u00ed p\u0159ij\u00edt do styku s polystyrenem, velmi rychle jej rozpou\u0161t\u00ed.<\/strong><\/p><\/blockquote>\n","protected":false},"featured_media":1241,"comment_status":"open","ping_status":"closed","template":"","meta":{"_acf_changed":false},"product_brand":[],"product_cat":[143,145,137],"product_tag":[],"class_list":{"0":"post-1363","1":"product","2":"type-product","3":"status-publish","4":"has-post-thumbnail","6":"product_cat-tepelne-izolace","7":"product_cat-lepidla-pro-tepelnou-izolaci","8":"product_cat-stavebni-chemie","9":"product_shipping_class-kurier-cs","10":"pa_pojemnosc-750ml-cs","11":"pa_producent-sempre-cs","13":"first","14":"instock","15":"taxable","16":"shipping-taxable","17":"purchasable","18":"product-type-simple"},"acf":[],"_links":{"self":[{"href":"https:\/\/sklep.thepartners.pl\/cs\/wp-json\/wp\/v2\/product\/1363","targetHints":{"allow":["GET"]}}],"collection":[{"href":"https:\/\/sklep.thepartners.pl\/cs\/wp-json\/wp\/v2\/product"}],"about":[{"href":"https:\/\/sklep.thepartners.pl\/cs\/wp-json\/wp\/v2\/types\/product"}],"replies":[{"embeddable":true,"href":"https:\/\/sklep.thepartners.pl\/cs\/wp-json\/wp\/v2\/comments?post=1363"}],"wp:featuredmedia":[{"embeddable":true,"href":"https:\/\/sklep.thepartners.pl\/cs\/wp-json\/wp\/v2\/media\/1241"}],"wp:attachment":[{"href":"https:\/\/sklep.thepartners.pl\/cs\/wp-json\/wp\/v2\/media?parent=1363"}],"wp:term":[{"taxonomy":"product_brand","embeddable":true,"href":"https:\/\/sklep.thepartners.pl\/cs\/wp-json\/wp\/v2\/product_brand?post=1363"},{"taxonomy":"product_cat","embeddable":true,"href":"https:\/\/sklep.thepartners.pl\/cs\/wp-json\/wp\/v2\/product_cat?post=1363"},{"taxonomy":"product_tag","embeddable":true,"href":"https:\/\/sklep.thepartners.pl\/cs\/wp-json\/wp\/v2\/product_tag?post=1363"}],"curies":[{"name":"wp","href":"https:\/\/api.w.org\/{rel}","templated":true}]}}