{"id":1365,"date":"2024-06-12T14:50:01","date_gmt":"2024-06-12T12:50:01","guid":{"rendered":"https:\/\/www.partners.proadax-dev.pl\/p\/sempre-grunt-w-preparat-gruntujacy-uniwersalny\/"},"modified":"2024-10-01T10:19:00","modified_gmt":"2024-10-01T08:19:00","slug":"sempre-grunt-w-preparat-gruntujacy-uniwersalny","status":"publish","type":"product","link":"https:\/\/sklep.thepartners.pl\/cs\/produkt\/sempre-grunt-w-preparat-gruntujacy-uniwersalny\/","title":{"rendered":"SEMPRE Penetrace W \u2013 Univerz\u00e1ln\u00ed"},"content":{"rendered":"<p><strong>Univerz\u00e1ln\u00ed z\u00e1kladn\u00ed n\u00e1t\u011br SEMPRA GRUNT W<\/strong><\/p>\n<p>SEMPRE GRUNT W je univerz\u00e1ln\u00ed, p\u0159ipraven\u00fd k pou\u017eit\u00ed, z\u00e1kladn\u00ed n\u00e1t\u011br. Ide\u00e1ln\u00ed jako podklad pod vnit\u0159n\u00ed barvy a pro zpevn\u011bn\u00ed cementov\u00fdch podlah. Lze jej pou\u017e\u00edt na b\u011b\u017en\u00e9 miner\u00e1ln\u00ed podklady, s\u00e1drokartonov\u00e9 povrchy a dal\u0161\u00ed vysoce sav\u00e9 podklady. Neobsahuje rozpou\u0161t\u011bdla, vyrovn\u00e1v\u00e1 savost podkladu a neomezuje propustnost vodn\u00ed p\u00e1ry. P\u0159\u00edpravek hluboce pronik\u00e1 do podkladu a zabra\u0148uje vzniku v\u00fdkv\u011bt\u016f.<\/p>\n<p><strong>Vlastnosti produktu:<\/strong><\/p>\n<ul>\n<li><strong>Zlep\u0161en\u00ed p\u0159ilnavosti:<\/strong> Zvy\u0161uje p\u0159ilnavost mal\u00ed\u0159sk\u00e9 vrstvy<\/li>\n<li><strong>Vysok\u00e1 \u00fa\u010dinnost:<\/strong> Zvy\u0161uje \u00fa\u010dinnost vrchn\u00edch barev<\/li>\n<li><strong>Zpevn\u011bn\u00ed:<\/strong> Zpev\u0148uje podklad<\/li>\n<li><strong>Rovnom\u011brn\u00e1 savost:<\/strong> Vyrovn\u00e1v\u00e1 savost podkladu<\/li>\n<li><strong>Ochrana p\u0159ed v\u00fdkv\u011bty:<\/strong> Omezuj\u00ed tvorbu v\u00fdkv\u011bt\u016f<\/li>\n<li><strong>Hlubok\u00e1 penetrace:<\/strong> Hluboce pronik\u00e1 do podkladu<\/li>\n<li><strong>Univerz\u00e1ln\u00ed pou\u017eit\u00ed:<\/strong> Pro pou\u017eit\u00ed uvnit\u0159 i venku<\/li>\n<\/ul>\n<p>Vyberte si SEMPRA GRUNT W pro zaji\u0161t\u011bn\u00ed trvanlivosti a \u00fa\u010dinnosti malby a zpevn\u011bn\u00ed cementov\u00fdch povrch\u016f ve va\u0161em dom\u011b nebo budov\u011b.<\/p>\n","protected":false},"excerpt":{"rendered":"<blockquote><p><strong>Balen\u00ed 5l nebo 10l<\/strong><\/p>\n<p><strong>Bezbarv\u00fd<\/strong><\/p>\n<p><strong>Spot\u0159eba: cca 0,2l\/m2 na jeden n\u00e1t\u011br<\/strong><\/p>\n<p><strong>Doba schnut\u00ed: cca 2 hodiny v z\u00e1vislosti na podm\u00ednk\u00e1ch<\/strong><\/p><\/blockquote>\n","protected":false},"featured_media":1235,"comment_status":"open","ping_status":"closed","template":"","meta":{"_acf_changed":false},"product_brand":[],"product_cat":[137,140],"product_tag":[],"class_list":{"0":"post-1365","1":"product","2":"type-product","3":"status-publish","4":"has-post-thumbnail","6":"product_cat-stavebni-chemie","7":"product_cat-plastifikatory-a-zakladni-natery","8":"product_shipping_class-osobna-paczka","9":"pa_pojemnosc-10l-cs","10":"pa_pojemnosc-5l-cs","11":"pa_producent-sempre-cs","13":"first","14":"instock","15":"taxable","16":"shipping-taxable","17":"purchasable","18":"product-type-variable"},"acf":[],"_links":{"self":[{"href":"https:\/\/sklep.thepartners.pl\/cs\/wp-json\/wp\/v2\/product\/1365","targetHints":{"allow":["GET"]}}],"collection":[{"href":"https:\/\/sklep.thepartners.pl\/cs\/wp-json\/wp\/v2\/product"}],"about":[{"href":"https:\/\/sklep.thepartners.pl\/cs\/wp-json\/wp\/v2\/types\/product"}],"replies":[{"embeddable":true,"href":"https:\/\/sklep.thepartners.pl\/cs\/wp-json\/wp\/v2\/comments?post=1365"}],"wp:featuredmedia":[{"embeddable":true,"href":"https:\/\/sklep.thepartners.pl\/cs\/wp-json\/wp\/v2\/media\/1235"}],"wp:attachment":[{"href":"https:\/\/sklep.thepartners.pl\/cs\/wp-json\/wp\/v2\/media?parent=1365"}],"wp:term":[{"taxonomy":"product_brand","embeddable":true,"href":"https:\/\/sklep.thepartners.pl\/cs\/wp-json\/wp\/v2\/product_brand?post=1365"},{"taxonomy":"product_cat","embeddable":true,"href":"https:\/\/sklep.thepartners.pl\/cs\/wp-json\/wp\/v2\/product_cat?post=1365"},{"taxonomy":"product_tag","embeddable":true,"href":"https:\/\/sklep.thepartners.pl\/cs\/wp-json\/wp\/v2\/product_tag?post=1365"}],"curies":[{"name":"wp","href":"https:\/\/api.w.org\/{rel}","templated":true}]}}