{"id":1373,"date":"2024-06-12T13:42:00","date_gmt":"2024-06-12T11:42:00","guid":{"rendered":"https:\/\/www.partners.proadax-dev.pl\/p\/listwa-cokolowa-do-fasad-zewnetrznych-25m\/"},"modified":"2024-10-01T09:55:10","modified_gmt":"2024-10-01T07:55:10","slug":"listwa-cokolowa-do-fasad-zewnetrznych-25m","status":"publish","type":"product","link":"https:\/\/sklep.thepartners.pl\/cs\/produkt\/listwa-cokolowa-do-fasad-zewnetrznych-25m\/","title":{"rendered":"Profil zakl\u00e1dac\u00ed  2,5m"},"content":{"rendered":"<p><strong>Soklov\u00e1 li\u0161ta &#8211; Ide\u00e1ln\u00ed ochrana spodn\u00edho okraje tepeln\u011b izola\u010dn\u00edho materi\u00e1lu<\/strong><\/p>\n<p>Soklov\u00e1 li\u0161ta zakr\u00fdv\u00e1 spodn\u00ed okraj tepeln\u011b izola\u010dn\u00edho materi\u00e1lu, jako je polystyren nebo miner\u00e1ln\u00ed vlna. Vyroben\u00e1 z perforovan\u00e9ho hlin\u00edkov\u00e9ho plechu, je odoln\u00e1 v\u016f\u010di korozi. \u0160\u00ed\u0159ka po\u010d\u00e1te\u010dn\u00ed li\u0161ty by m\u011bla b\u00fdt p\u0159izp\u016fsobena tlou\u0161\u0165ce pou\u017eit\u00e9ho izola\u010dn\u00edho materi\u00e1lu.<\/p>\n<p>Li\u0161ta by m\u011bla b\u00fdt p\u0159esn\u011b vyrovn\u00e1na a trvale p\u0159ipevn\u011bna ke zdi pomoc\u00ed vhodn\u00fdch hmo\u017edinek, p\u0159izp\u016fsoben\u00fdch druhu zdi. Po\u010d\u00e1te\u010dn\u00ed profily tak\u00e9 zabra\u0148uj\u00ed pronik\u00e1n\u00ed hlodavc\u016f a hmyzu do tepeln\u00e9 izolace.<\/p>\n<p><strong>V\u00fdhody produktu:<\/strong><\/p>\n<ul>\n<li><strong>Odolnost proti korozi:<\/strong> Perforovan\u00fd hlin\u00edkov\u00fd plech<\/li>\n<li><strong>\u00da\u010dinn\u00e1 ochrana:<\/strong> Zabra\u0148uje pronik\u00e1n\u00ed hlodavc\u016f a hmyzu<\/li>\n<li><strong>Pevn\u00e9 upevn\u011bn\u00ed:<\/strong> Li\u0161ta mus\u00ed b\u00fdt p\u0159esn\u011b vyrovn\u00e1na a p\u0159ipevn\u011bna ke zdi<\/li>\n<li><strong>P\u0159izp\u016fsoben\u00ed materi\u00e1lu:<\/strong> \u0160\u00ed\u0159ka li\u0161ty by m\u011bla b\u00fdt p\u0159izp\u016fsobena tlou\u0161\u0165ce polystyrenu nebo miner\u00e1ln\u00ed vlny<\/li>\n<\/ul>\n<p><strong>Pou\u017eit\u00ed:<\/strong><\/p>\n<ul>\n<li>Spodn\u00ed okraj tepeln\u011b izola\u010dn\u00edho materi\u00e1lu<\/li>\n<li>Vn\u011bj\u0161\u00ed st\u011bny budov<\/li>\n<li>Tepeln\u00e9 izolace s pou\u017eit\u00edm polystyrenu nebo miner\u00e1ln\u00ed vlny<\/li>\n<\/ul>\n<p>Vyberte si soklovou li\u0161tu, aby byla zaji\u0161t\u011bna trvanlivost a \u00fa\u010dinnost tepeln\u00e9 izolace ve va\u0161\u00ed budov\u011b.<\/p>\n","protected":false},"excerpt":{"rendered":"<blockquote><p><strong>Pro zhotoven\u00ed startovac\u00edho \u017elabu v izola\u010dn\u00ed fas\u00e1d\u011b pro polystyrenov\u00e9 desky a miner\u00e1ln\u00ed vlnu.<\/strong><\/p><\/blockquote>\n","protected":false},"featured_media":6073,"comment_status":"open","ping_status":"closed","template":"","meta":{"_acf_changed":false},"product_brand":[],"product_cat":[143,146],"product_tag":[],"class_list":{"0":"post-1373","1":"product","2":"type-product","3":"status-publish","4":"has-post-thumbnail","6":"product_cat-tepelne-izolace","7":"product_cat-fasadni-profily-a-listy","8":"product_shipping_class-transport-the-partners-cs","9":"pa_producent-prolex-cs","10":"pa_szerokosc-103mm-cs","11":"pa_szerokosc-123mm-cs","12":"pa_szerokosc-140mm-cs","13":"pa_szerokosc-153mm-cs","14":"pa_szerokosc-163mm-cs","15":"pa_szerokosc-180mm-cs","16":"pa_szerokosc-203mm-cs","17":"pa_szerokosc-53mm-cs","18":"pa_szerokosc-83mm-cs","20":"first","21":"instock","22":"taxable","23":"shipping-taxable","24":"purchasable","25":"product-type-variable"},"acf":[],"_links":{"self":[{"href":"https:\/\/sklep.thepartners.pl\/cs\/wp-json\/wp\/v2\/product\/1373","targetHints":{"allow":["GET"]}}],"collection":[{"href":"https:\/\/sklep.thepartners.pl\/cs\/wp-json\/wp\/v2\/product"}],"about":[{"href":"https:\/\/sklep.thepartners.pl\/cs\/wp-json\/wp\/v2\/types\/product"}],"replies":[{"embeddable":true,"href":"https:\/\/sklep.thepartners.pl\/cs\/wp-json\/wp\/v2\/comments?post=1373"}],"wp:featuredmedia":[{"embeddable":true,"href":"https:\/\/sklep.thepartners.pl\/cs\/wp-json\/wp\/v2\/media\/6073"}],"wp:attachment":[{"href":"https:\/\/sklep.thepartners.pl\/cs\/wp-json\/wp\/v2\/media?parent=1373"}],"wp:term":[{"taxonomy":"product_brand","embeddable":true,"href":"https:\/\/sklep.thepartners.pl\/cs\/wp-json\/wp\/v2\/product_brand?post=1373"},{"taxonomy":"product_cat","embeddable":true,"href":"https:\/\/sklep.thepartners.pl\/cs\/wp-json\/wp\/v2\/product_cat?post=1373"},{"taxonomy":"product_tag","embeddable":true,"href":"https:\/\/sklep.thepartners.pl\/cs\/wp-json\/wp\/v2\/product_tag?post=1373"}],"curies":[{"name":"wp","href":"https:\/\/api.w.org\/{rel}","templated":true}]}}