{"id":1452,"date":"2024-06-13T12:05:29","date_gmt":"2024-06-13T10:05:29","guid":{"rendered":"https:\/\/www.partners.proadax-dev.pl\/p\/fasadni-hmozdinka-s-pohanenym-kovovym-kolikem-ki-10m\/"},"modified":"2024-10-01T10:26:27","modified_gmt":"2024-10-01T08:26:27","slug":"fasadni-hmozdinka-s-pohanenym-kovovym-kolikem-ki-10m","status":"publish","type":"product","link":"https:\/\/sklep.thepartners.pl\/cs\/produkt\/fasadni-hmozdinka-s-pohanenym-kovovym-kolikem-ki-10m\/","title":{"rendered":"Hmo\u017edinka izolace fas\u00e1dn\u00ed hmo\u017edinky KI-10M"},"content":{"rendered":"<p>Fas\u00e1dn\u00ed h\u0159eb\u00edk s ocelov\u00fdm hrotem pro hlubokou instalaci v tepeln\u00e9 izolaci s tepelnou izola\u010dn\u00ed z\u00e1tkou.<\/p>\n<p><strong>Vlastnosti a v\u00fdhody:<\/strong><\/p>\n<ul>\n<li>Instalace na v\u0161ech typech podklad\u016f (kategorie A, B, C, D, E).<\/li>\n<li>Doporu\u010den\u00fd produkt pro hlubokou mont\u00e1\u017e v tepeln\u00e9 izolaci s tepelnou izola\u010dn\u00ed z\u00e1tkou, kter\u00e1 sni\u017euje tepelnou propustnost a zaji\u0161\u0165uje homogenn\u00ed povrch fas\u00e1dy.<\/li>\n<li>Ocelov\u00fd h\u0159eb\u00edk umo\u017e\u0148uje snadnou a bezprobl\u00e9movou mont\u00e1\u017e rozp\u011brov\u00e9 z\u00f3ny v podkladu.<\/li>\n<li>Vysok\u00e9 parametry p\u0159i pou\u017eit\u00ed redukovan\u00e9 z\u00f3ny kotven\u00ed a\u017e na 25 mm (kotven\u00ed do betonu, pln\u00e9ho cihly, pln\u00e9ho a dut\u00e9ho v\u00e1penop\u00edskovce).<\/li>\n<\/ul>\n","protected":false},"excerpt":{"rendered":"<blockquote><p><strong>Zastosowanie dla:<\/strong><\/p>\n<p><strong>Beton C20\/25-C50\/60<\/strong><\/p>\n<p><strong>Ceg\u0142a pe\u0142na<\/strong><\/p>\n<p><strong>P\u0142yta betonowa kana\u0142owa<\/strong><\/p>\n<p><strong>Ceg\u0142a silikatowa pe\u0142na<\/strong><\/p>\n<p><strong>Ceg\u0142a silikatowa dr\u0105\u017cona<\/strong><\/p>\n<p><strong>Bloczki z betonu lekkiego<\/strong><\/p>\n<p><strong>Pustak z betonu lekkiego<\/strong><\/p>\n<p><strong>Komponenty betonu lekkiego<\/strong><\/p>\n<p><strong>Gazobeton<\/strong><\/p><\/blockquote>\n","protected":false},"featured_media":6083,"comment_status":"open","ping_status":"closed","template":"","meta":{"_acf_changed":false},"product_brand":[],"product_cat":[143,144],"product_tag":[],"class_list":{"0":"post-1452","1":"product","2":"type-product","3":"status-publish","4":"has-post-thumbnail","6":"product_cat-tepelne-izolace","7":"product_cat-prislusenstvi","8":"product_shipping_class-kurier-cs","9":"pa_producent-koelner-cs","11":"first","12":"instock","13":"taxable","14":"shipping-taxable","15":"purchasable","16":"product-type-variable"},"acf":[],"_links":{"self":[{"href":"https:\/\/sklep.thepartners.pl\/cs\/wp-json\/wp\/v2\/product\/1452","targetHints":{"allow":["GET"]}}],"collection":[{"href":"https:\/\/sklep.thepartners.pl\/cs\/wp-json\/wp\/v2\/product"}],"about":[{"href":"https:\/\/sklep.thepartners.pl\/cs\/wp-json\/wp\/v2\/types\/product"}],"replies":[{"embeddable":true,"href":"https:\/\/sklep.thepartners.pl\/cs\/wp-json\/wp\/v2\/comments?post=1452"}],"wp:featuredmedia":[{"embeddable":true,"href":"https:\/\/sklep.thepartners.pl\/cs\/wp-json\/wp\/v2\/media\/6083"}],"wp:attachment":[{"href":"https:\/\/sklep.thepartners.pl\/cs\/wp-json\/wp\/v2\/media?parent=1452"}],"wp:term":[{"taxonomy":"product_brand","embeddable":true,"href":"https:\/\/sklep.thepartners.pl\/cs\/wp-json\/wp\/v2\/product_brand?post=1452"},{"taxonomy":"product_cat","embeddable":true,"href":"https:\/\/sklep.thepartners.pl\/cs\/wp-json\/wp\/v2\/product_cat?post=1452"},{"taxonomy":"product_tag","embeddable":true,"href":"https:\/\/sklep.thepartners.pl\/cs\/wp-json\/wp\/v2\/product_tag?post=1452"}],"curies":[{"name":"wp","href":"https:\/\/api.w.org\/{rel}","templated":true}]}}