{"id":1480,"date":"2024-06-13T11:44:43","date_gmt":"2024-06-13T09:44:43","guid":{"rendered":"https:\/\/www.partners.proadax-dev.pl\/p\/zatloukaci-fasadni-hmozdinka-s-dlouhou-dilatacni-zonou-ki-10n\/"},"modified":"2024-10-01T10:26:09","modified_gmt":"2024-10-01T08:26:09","slug":"zatloukaci-fasadni-hmozdinka-s-dlouhou-dilatacni-zonou-ki-10n","status":"publish","type":"product","link":"https:\/\/sklep.thepartners.pl\/cs\/produkt\/zatloukaci-fasadni-hmozdinka-s-dlouhou-dilatacni-zonou-ki-10n\/","title":{"rendered":"Hmo\u017edinka izolace fas\u00e1dn\u00ed hmo\u017edinky s dlouhou dilata\u010dn\u00ed z\u00f3nou KI-10N"},"content":{"rendered":"<p>Fas\u00e1dn\u00ed h\u0159eb\u00edk s dlouhou rozp\u011brovou z\u00f3nou 60 mm pro dosa\u017een\u00ed vysok\u00fdch parametr\u016f ve st\u011bn\u00e1ch z pln\u00fdch a perforovan\u00fdch cihel, lehk\u00e9ho betonu a p\u00f3robetonu.<\/p>\n<p>Vlastnosti a v\u00fdhody:<\/p>\n<ul>\n<li>Snadn\u00e1 instalace a nejlep\u0161\u00ed vlastnosti v otvorov\u00fdch podkladech.<\/li>\n<li>Produkt certifikovan\u00fd pro pou\u017eit\u00ed v kategori\u00edch podklad\u016f B, C, D a E.<\/li>\n<li>Ocelov\u00fd h\u0159eb\u00edk umo\u017e\u0148uje snadnou a bezprobl\u00e9movou mont\u00e1\u017e rozp\u011brov\u00e9 z\u00f3ny v podkladu.<\/li>\n<li>Obryska ocelov\u00e9ho h\u0159eb\u00edku omezuje tepeln\u00e9 ztr\u00e1ty.<\/li>\n<\/ul>\n","protected":false},"excerpt":{"rendered":"<blockquote><p><strong>Aplikace pro:<\/strong><\/p>\n<p><strong>Masivn\u00ed keramick\u00e1 cihla (u\u017eitn\u00e1 kategorie B)<\/strong><\/p>\n<p><strong>Dut\u00e1 keramick\u00e1 cihla (Kategorie pou\u017eit\u00ed C)<\/strong><\/p>\n<p><strong>D\u011brovan\u00e1 cihla (u\u017eitn\u00e1 kategorie C)<\/strong><\/p>\n<p><strong>Lehk\u00e9 betonov\u00e9 tv\u00e1rnice<\/strong><\/p>\n<p><strong>Lehk\u00fd beton<\/strong><\/p>\n<p><strong>P\u00f3robeton (kategorie pou\u017eit\u00ed D)<\/strong><\/p><\/blockquote>\n","protected":false},"featured_media":6085,"comment_status":"open","ping_status":"closed","template":"","meta":{"_acf_changed":false},"product_brand":[],"product_cat":[143,144],"product_tag":[],"class_list":{"0":"post-1480","1":"product","2":"type-product","3":"status-publish","4":"has-post-thumbnail","6":"product_cat-tepelne-izolace","7":"product_cat-prislusenstvi","8":"product_shipping_class-kurier-cs","9":"pa_producent-koelner-cs","11":"first","12":"instock","13":"taxable","14":"shipping-taxable","15":"purchasable","16":"product-type-variable"},"acf":[],"_links":{"self":[{"href":"https:\/\/sklep.thepartners.pl\/cs\/wp-json\/wp\/v2\/product\/1480","targetHints":{"allow":["GET"]}}],"collection":[{"href":"https:\/\/sklep.thepartners.pl\/cs\/wp-json\/wp\/v2\/product"}],"about":[{"href":"https:\/\/sklep.thepartners.pl\/cs\/wp-json\/wp\/v2\/types\/product"}],"replies":[{"embeddable":true,"href":"https:\/\/sklep.thepartners.pl\/cs\/wp-json\/wp\/v2\/comments?post=1480"}],"wp:featuredmedia":[{"embeddable":true,"href":"https:\/\/sklep.thepartners.pl\/cs\/wp-json\/wp\/v2\/media\/6085"}],"wp:attachment":[{"href":"https:\/\/sklep.thepartners.pl\/cs\/wp-json\/wp\/v2\/media?parent=1480"}],"wp:term":[{"taxonomy":"product_brand","embeddable":true,"href":"https:\/\/sklep.thepartners.pl\/cs\/wp-json\/wp\/v2\/product_brand?post=1480"},{"taxonomy":"product_cat","embeddable":true,"href":"https:\/\/sklep.thepartners.pl\/cs\/wp-json\/wp\/v2\/product_cat?post=1480"},{"taxonomy":"product_tag","embeddable":true,"href":"https:\/\/sklep.thepartners.pl\/cs\/wp-json\/wp\/v2\/product_tag?post=1480"}],"curies":[{"name":"wp","href":"https:\/\/api.w.org\/{rel}","templated":true}]}}