{"id":1574,"date":"2024-06-18T10:02:33","date_gmt":"2024-06-18T08:02:33","guid":{"rendered":"https:\/\/www.partners.proadax-dev.pl\/p\/naroznik-aluminiowy-z-siatka-30-30-04-mm-do-ocieplen\/"},"modified":"2024-10-01T10:29:21","modified_gmt":"2024-10-01T08:29:21","slug":"naroznik-aluminiowy-z-siatka-30-30-04-mm-do-ocieplen","status":"publish","type":"product","link":"https:\/\/sklep.thepartners.pl\/cs\/produkt\/naroznik-aluminiowy-z-siatka-30-30-04-mm-do-ocieplen\/","title":{"rendered":"Profil rohov\u00fd hlin\u00edkov\u00fd se s\u00ed\u0165ovinou 30\/30\/0,4 mm pro izolaci"},"content":{"rendered":"<p>Hlin\u00edkov\u00fd roh se sklolamin\u00e1tovou s\u00ed\u0165ovinou je ur\u010den pro pou\u017eit\u00ed v izolaci budov, zpevn\u011bn\u00ed roh\u016f a umo\u017en\u011bn\u00ed rovnom\u011brn\u00e9ho zakon\u010den\u00ed hran polystyrenu. V\u00fdrobek m\u00e1 tlou\u0161\u0165ku 0,4 mm a m\u00e1 list 30&#215;30 mm.<\/p>\n<p><strong>Hlavn\u00ed v\u00fdhody tohoto produktu jsou:<\/strong><\/p>\n<ul>\n<li>Pevnost a stabilita: Poskytuje pevn\u00e9 vyztu\u017een\u00ed roh\u016f budov, kter\u00e9 je chr\u00e1n\u00ed p\u0159ed mechanick\u00fdm po\u0161kozen\u00edm.<\/li>\n<li>Snadn\u00e1 mont\u00e1\u017e a zpracov\u00e1n\u00ed: D\u00edky jednoduch\u00e9 mont\u00e1\u017ei a mo\u017enosti snadn\u00e9ho zpracov\u00e1n\u00ed je v\u00fdrobek praktick\u00fd a efektivn\u00ed p\u0159i pou\u017e\u00edv\u00e1n\u00ed.<\/li>\n<li>Perfektn\u00ed rohov\u00fd profil: Zaji\u0161\u0165uje estetick\u00e9 a funk\u010dn\u00ed zakon\u010den\u00ed rohu.<\/li>\n<\/ul>\n<p>Doporu\u010duje se tak\u00e9 sezn\u00e1mit s dal\u0161\u00edmi dostupn\u00fdmi rohov\u00fdmi sedac\u00edmi soupravami v nab\u00eddce obchodu, abyste si vybrali \u0159e\u0161en\u00ed, kter\u00e9 nejl\u00e9pe vyhovuje va\u0161im konkr\u00e9tn\u00edm konstruk\u010dn\u00edm pot\u0159eb\u00e1m.<\/p>\n","protected":false},"excerpt":{"rendered":"<blockquote><p><strong>Odolnost proti mechanick\u00e9mu po\u0161kozen\u00ed<\/strong><\/p>\n<p><strong>Rychlost mont\u00e1\u017ee<\/strong><\/p>\n<p><strong>Profiluje roh na fas\u00e1d\u011b budovy<\/strong><\/p><\/blockquote>\n","protected":false},"featured_media":6041,"comment_status":"open","ping_status":"closed","template":"","meta":{"_acf_changed":false},"product_brand":[],"product_cat":[143,146],"product_tag":[],"class_list":{"0":"post-1574","1":"product","2":"type-product","3":"status-publish","4":"has-post-thumbnail","6":"product_cat-tepelne-izolace","7":"product_cat-fasadni-profily-a-listy","8":"product_shipping_class-transport-the-partners-cs","9":"pa_dlugosc-25m-cs","10":"pa_dlugosc-3m-cs","11":"pa_producent-prolex-cs","13":"first","14":"instock","15":"taxable","16":"shipping-taxable","17":"purchasable","18":"product-type-variable"},"acf":[],"_links":{"self":[{"href":"https:\/\/sklep.thepartners.pl\/cs\/wp-json\/wp\/v2\/product\/1574","targetHints":{"allow":["GET"]}}],"collection":[{"href":"https:\/\/sklep.thepartners.pl\/cs\/wp-json\/wp\/v2\/product"}],"about":[{"href":"https:\/\/sklep.thepartners.pl\/cs\/wp-json\/wp\/v2\/types\/product"}],"replies":[{"embeddable":true,"href":"https:\/\/sklep.thepartners.pl\/cs\/wp-json\/wp\/v2\/comments?post=1574"}],"wp:featuredmedia":[{"embeddable":true,"href":"https:\/\/sklep.thepartners.pl\/cs\/wp-json\/wp\/v2\/media\/6041"}],"wp:attachment":[{"href":"https:\/\/sklep.thepartners.pl\/cs\/wp-json\/wp\/v2\/media?parent=1574"}],"wp:term":[{"taxonomy":"product_brand","embeddable":true,"href":"https:\/\/sklep.thepartners.pl\/cs\/wp-json\/wp\/v2\/product_brand?post=1574"},{"taxonomy":"product_cat","embeddable":true,"href":"https:\/\/sklep.thepartners.pl\/cs\/wp-json\/wp\/v2\/product_cat?post=1574"},{"taxonomy":"product_tag","embeddable":true,"href":"https:\/\/sklep.thepartners.pl\/cs\/wp-json\/wp\/v2\/product_tag?post=1574"}],"curies":[{"name":"wp","href":"https:\/\/api.w.org\/{rel}","templated":true}]}}