{"id":1585,"date":"2024-06-18T10:39:48","date_gmt":"2024-06-18T08:39:48","guid":{"rendered":"https:\/\/www.partners.proadax-dev.pl\/p\/naroznik-pcv-z-siatka\/"},"modified":"2024-10-01T10:29:04","modified_gmt":"2024-10-01T08:29:04","slug":"naroznik-pcv-z-siatka","status":"publish","type":"product","link":"https:\/\/sklep.thepartners.pl\/cs\/produkt\/naroznik-pcv-z-siatka\/","title":{"rendered":"Profil rohov\u00fd Retek PVC s tkaninou"},"content":{"rendered":"<p>PVC rohovn\u00edk se s\u00edt\u00ed je produkt, kter\u00fd nejen chr\u00e1n\u00ed rohy budov, ale tak\u00e9 v\u00fdrazn\u011b zlep\u0161uje estetiku fas\u00e1dy. M\u00e1 dvoj\u00ed vyu\u017eit\u00ed: p\u0159edev\u0161\u00edm zaji\u0161\u0165uje profilaci fas\u00e1dy pod spr\u00e1vn\u00fdm \u00fahlem a nav\u00edc slou\u017e\u00ed k ochran\u011b proti mechanick\u00fdm po\u0161kozen\u00edm, jako je od\u0161t\u00edpnut\u00ed p\u0159i n\u00e1razu.<\/p>\n<p><strong>Pou\u017eit\u00ed:<\/strong><\/p>\n<ul>\n<li>Ide\u00e1ln\u00ed pro zateplen\u00ed budov, poskytuj\u00edc\u00ed trvalou a estetickou ochranu roh\u016f.<\/li>\n<li>Chr\u00e1n\u00ed proti mechanick\u00fdm po\u0161kozen\u00edm, co\u017e je zvl\u00e1\u0161t\u011b d\u016fle\u017eit\u00e9 v m\u00edstech vystaven\u00fdch \u010dast\u00fdm n\u00e1raz\u016fm.<\/li>\n<li>Usnad\u0148uje rovnom\u011brn\u00e9 dokon\u010den\u00ed hran polystyrenu.<\/li>\n<\/ul>\n<p><strong>Vlastnosti:<\/strong><\/p>\n<ul>\n<li>Vyroben z odoln\u00e9ho PVC, co\u017e zaru\u010duje dlouhou \u017eivotnost produktu.<\/li>\n<li>Integrovan\u00e1 s\u00ed\u0165 ze skeln\u00fdch vl\u00e1ken poskytuje dodate\u010dn\u00e9 zpevn\u011bn\u00ed a stabilitu.<\/li>\n<li>Snadn\u00e1 instalace a zpracov\u00e1n\u00ed, co\u017e urychluje stavebn\u00ed pr\u00e1ce.<\/li>\n<li>Odolnost v\u016f\u010di pov\u011btrnostn\u00edm vliv\u016fm, v\u010detn\u011b vlhkosti a UV z\u00e1\u0159en\u00ed, co\u017e zaji\u0161\u0165uje, \u017ee rohovn\u00edk si sv\u00e9 vlastnosti udr\u017e\u00ed po mnoho let.<\/li>\n<\/ul>\n<p>Doporu\u010dujeme tak\u00e9 prozkoumat dal\u0161\u00ed rohy dostupn\u00e9 v na\u0161em sortimentu, abyste na\u0161li \u0159e\u0161en\u00ed ide\u00e1ln\u011b p\u0159izp\u016fsoben\u00e9 va\u0161im pot\u0159eb\u00e1m.<\/p>\n","protected":false},"excerpt":{"rendered":"<blockquote><p><strong>Odolnost proti mechanick\u00e9mu po\u0161kozen\u00ed<\/strong><br \/>\n<strong>Rychlost mont\u00e1\u017ee<\/strong><br \/>\n<strong>Profiluje roh na fas\u00e1d\u011b budovy<\/strong><br \/>\n<strong>Produkt lze snadno \u0159ezat a instalovat, i kdy\u017e s takovou prac\u00ed nem\u00e1te \u017e\u00e1dn\u00e9 zku\u0161enosti.<\/strong><\/p><\/blockquote>\n","protected":false},"featured_media":6043,"comment_status":"open","ping_status":"closed","template":"","meta":{"_acf_changed":false},"product_brand":[],"product_cat":[143,146],"product_tag":[],"class_list":{"0":"post-1585","1":"product","2":"type-product","3":"status-publish","4":"has-post-thumbnail","6":"product_cat-tepelne-izolace","7":"product_cat-fasadni-profily-a-listy","8":"product_shipping_class-transport-the-partners-cs","9":"pa_dlugosc-25m-cs","10":"pa_dlugosc-3m-cs","11":"pa_producent-prolex-cs","13":"first","14":"instock","15":"taxable","16":"shipping-taxable","17":"purchasable","18":"product-type-variable"},"acf":[],"_links":{"self":[{"href":"https:\/\/sklep.thepartners.pl\/cs\/wp-json\/wp\/v2\/product\/1585","targetHints":{"allow":["GET"]}}],"collection":[{"href":"https:\/\/sklep.thepartners.pl\/cs\/wp-json\/wp\/v2\/product"}],"about":[{"href":"https:\/\/sklep.thepartners.pl\/cs\/wp-json\/wp\/v2\/types\/product"}],"replies":[{"embeddable":true,"href":"https:\/\/sklep.thepartners.pl\/cs\/wp-json\/wp\/v2\/comments?post=1585"}],"wp:featuredmedia":[{"embeddable":true,"href":"https:\/\/sklep.thepartners.pl\/cs\/wp-json\/wp\/v2\/media\/6043"}],"wp:attachment":[{"href":"https:\/\/sklep.thepartners.pl\/cs\/wp-json\/wp\/v2\/media?parent=1585"}],"wp:term":[{"taxonomy":"product_brand","embeddable":true,"href":"https:\/\/sklep.thepartners.pl\/cs\/wp-json\/wp\/v2\/product_brand?post=1585"},{"taxonomy":"product_cat","embeddable":true,"href":"https:\/\/sklep.thepartners.pl\/cs\/wp-json\/wp\/v2\/product_cat?post=1585"},{"taxonomy":"product_tag","embeddable":true,"href":"https:\/\/sklep.thepartners.pl\/cs\/wp-json\/wp\/v2\/product_tag?post=1585"}],"curies":[{"name":"wp","href":"https:\/\/api.w.org\/{rel}","templated":true}]}}