{"id":1644,"date":"2024-06-19T09:09:38","date_gmt":"2024-06-19T07:09:38","guid":{"rendered":"https:\/\/www.partners.proadax-dev.pl\/p\/welna-isover-super-mata\/"},"modified":"2025-10-06T15:16:09","modified_gmt":"2025-10-06T13:16:09","slug":"welna-isover-super-mata","status":"publish","type":"product","link":"https:\/\/sklep.thepartners.pl\/cs\/produkt\/welna-isover-super-mata\/","title":{"rendered":"Miner\u00e1ln\u00ed vlna Isover SUPER-MATA \u03bb 0,033"},"content":{"rendered":"<div id=\"key-facts\" class=\"block-field-technical-description block block-layout-builder\">\n<p><strong>Nejd\u016fle\u017eit\u011bj\u0161\u00ed vlastnosti<\/strong><\/p>\n<ul>\n<li>v\u00fdborn\u00e9 izola\u010dn\u00ed vlastnosti,<\/li>\n<li>\u00faspora \u010dasu \u2013 nen\u00ed pot\u0159eba navl\u00e9k\u00e1n\u00ed,<\/li>\n<li>vysok\u00e1 elasticita a odolnost \u2013 t\u011bsn\u00e9 vypln\u011bn\u00ed izolovan\u00e9ho prostoru,<\/li>\n<li>neho\u0159lav\u00fd v\u00fdrobek.<\/li>\n<\/ul>\n<p><strong>Popis v\u00fdrobku<\/strong><\/p>\n<p>Roho\u017e z miner\u00e1ln\u00ed vlny ze skeln\u00fdch vl\u00e1ken s vysok\u00fdmi izola\u010dn\u00edmi vlastnostmi.<br \/>\nV\u00fdrobek je paropropustn\u00fd a zaji\u0161\u0165uje vhodn\u00e9 mikroklima v m\u00edstnostech. M\u011bla by b\u00fdt pou\u017eita v\u0161ude tam, kde jsou nejd\u016fle\u017eit\u011bj\u0161\u00ed izola\u010dn\u00ed parametry p\u0159\u00ed\u010dky.<\/p>\n<p><strong>Tepeln\u00e1 a zvukov\u00e1 izolace:<\/strong><\/p>\n<ul>\n<li>\u0161ikm\u00e9 st\u0159echy,<\/li>\n<li>odv\u011btr\u00e1van\u00e9 ploch\u00e9 st\u0159echy,<\/li>\n<li>podlahy a stropy mezi tr\u00e1my,<\/li>\n<li>d\u0159ev\u011bn\u00e9 a kovov\u00e9 r\u00e1mov\u00e9 konstrukce<\/li>\n<\/ul>\n<\/div>\n<div id=\"opis-produktu\" class=\"block-field-marketing-description block-layout-builder block block-mac3-common anchor section-on-focus\">\n<div>\n<div class=\"product--objective-categories\">\n<div class=\"category-row\">\n<div><\/div>\n<\/div>\n<\/div>\n<\/div>\n<\/div>\n","protected":false},"excerpt":{"rendered":"<blockquote><p><strong>\u00da\u010del: St\u0159echa, st\u011bna<\/strong><\/p>\n<p><strong>\u0160\u00ed\u0159ka: 1,2m<\/strong><\/p>\n<p><strong>Materi\u00e1l: sklolamin\u00e1t a miner\u00e1ln\u00ed vlna<\/strong><\/p>\n<p><strong>Tepeln\u00e1 vodivost: 0,033 W\/m\u00b2K<\/strong><\/p>\n<p><strong>T\u0159\u00edda reakce na ohe\u0148: A1<\/strong><\/p><\/blockquote>\n","protected":false},"featured_media":6133,"comment_status":"open","ping_status":"closed","template":"","meta":{"_acf_changed":false},"product_brand":[],"product_cat":[1407,143,150],"product_tag":[395],"class_list":{"0":"post-1644","1":"product","2":"type-product","3":"status-publish","4":"has-post-thumbnail","6":"product_cat-zvlastni-nabidka","7":"product_cat-tepelne-izolace","8":"product_cat-mineralni-vlnu","9":"product_tag-welna-mineralna-isover-cs","10":"product_shipping_class-transport-the-partners-cs","11":"pa_grubosc-100mm-cs","12":"pa_grubosc-150mm-cs","13":"pa_grubosc-180mm-cs","14":"pa_grubosc-200mm-cs","15":"pa_grubosc-50mm-cs","16":"pa_producent-isover-cs","18":"first","19":"instock","20":"sale","21":"taxable","22":"shipping-taxable","23":"purchasable","24":"product-type-variable"},"acf":[],"_links":{"self":[{"href":"https:\/\/sklep.thepartners.pl\/cs\/wp-json\/wp\/v2\/product\/1644","targetHints":{"allow":["GET"]}}],"collection":[{"href":"https:\/\/sklep.thepartners.pl\/cs\/wp-json\/wp\/v2\/product"}],"about":[{"href":"https:\/\/sklep.thepartners.pl\/cs\/wp-json\/wp\/v2\/types\/product"}],"replies":[{"embeddable":true,"href":"https:\/\/sklep.thepartners.pl\/cs\/wp-json\/wp\/v2\/comments?post=1644"}],"wp:featuredmedia":[{"embeddable":true,"href":"https:\/\/sklep.thepartners.pl\/cs\/wp-json\/wp\/v2\/media\/6133"}],"wp:attachment":[{"href":"https:\/\/sklep.thepartners.pl\/cs\/wp-json\/wp\/v2\/media?parent=1644"}],"wp:term":[{"taxonomy":"product_brand","embeddable":true,"href":"https:\/\/sklep.thepartners.pl\/cs\/wp-json\/wp\/v2\/product_brand?post=1644"},{"taxonomy":"product_cat","embeddable":true,"href":"https:\/\/sklep.thepartners.pl\/cs\/wp-json\/wp\/v2\/product_cat?post=1644"},{"taxonomy":"product_tag","embeddable":true,"href":"https:\/\/sklep.thepartners.pl\/cs\/wp-json\/wp\/v2\/product_tag?post=1644"}],"curies":[{"name":"wp","href":"https:\/\/api.w.org\/{rel}","templated":true}]}}