{"id":1686,"date":"2024-06-21T13:08:34","date_gmt":"2024-06-21T11:08:34","guid":{"rendered":"https:\/\/www.partners.proadax-dev.pl\/p\/welna-mineralna-na-elewacje-frontrock-plus\/"},"modified":"2025-01-07T14:03:08","modified_gmt":"2025-01-07T13:03:08","slug":"welna-mineralna-na-elewacje-frontrock-plus","status":"publish","type":"product","link":"https:\/\/sklep.thepartners.pl\/cs\/produkt\/welna-mineralna-na-elewacje-frontrock-plus\/","title":{"rendered":"Miner\u00e1ln\u00ed vlna Rockwool Frontrock Plus \u03bb 0,035"},"content":{"rendered":"<p><strong>FRONTROCK PLUS<\/strong> je nep\u00e1len\u00e1 fas\u00e1dn\u00ed deska vyrobena z vysoce kvalitn\u00ed kamenn\u00e9 vlny, poskytuj\u00edc\u00ed vynikaj\u00edc\u00ed tepelnou, zvukovou a po\u017e\u00e1rn\u00ed izolaci pro venkovn\u00ed zdi budov. Tento produkt spl\u0148uje nejvy\u0161\u0161\u00ed kvalitativn\u00ed normy, co zaru\u010duje nejen energetickou \u00fa\u010dinnost, ale tak\u00e9 po\u017e\u00e1rn\u00ed bezpe\u010dnost cel\u00e9ho objektu.<\/p>\n<p><strong>Vlastnosti:<\/strong><\/p>\n<ul>\n<li>Po\u017e\u00e1rn\u00ed odolnost t\u0159\u00eddy A1.<\/li>\n<li>Deklarovan\u00fd sou\u010dinitel tepeln\u00e9 vodivosti \u03bb\u1d05 0,035 W\/m\u2219K.<\/li>\n<li>Vynikaj\u00edc\u00ed tepeln\u00e1 izolace zaji\u0161\u0165uj\u00edc\u00ed tepeln\u00fd komfort po cel\u00fd rok.<\/li>\n<li>Pou\u017eit\u00ed pro tepelnou izolaci zd\u00ed venkovn\u00edch &#8211; zd\u00ed zd\u011bn\u00fdch, monolitick\u00fdch a prefabrikovan\u00fdch.<\/li>\n<li>\u017d\u00e1dn\u00fd tepeln\u00fd smr\u0161\u0165 a riziko vzniku tepeln\u00fdch most\u016f, minimalizace tepeln\u00fdch ztr\u00e1t.<\/li>\n<\/ul>\n<p><strong>Pou\u017eit\u00ed:<\/strong><\/p>\n<ul>\n<li>Izolace budov pomoc\u00ed ETICS (Syst\u00e9m\u016f zateplov\u00e1n\u00ed fas\u00e1d).<\/li>\n<li>Vynikaj\u00edc\u00ed tepeln\u00e1 a zvukov\u00e1 izolace jak pro obytn\u00e9, tak pro ve\u0159ejn\u00e9 budovy.<\/li>\n<li>Dostupnost v r\u016fzn\u00fdch tlou\u0161\u0165k\u00e1ch (od 50 mm do 300 mm), umo\u017e\u0148uj\u00edc\u00ed optim\u00e1ln\u00ed p\u0159izp\u016fsoben\u00ed izola\u010dn\u00edch po\u017eadavk\u016f projektu.<\/li>\n<\/ul>\n<p><strong>V\u00fdhody:<\/strong><\/p>\n<ul>\n<li>V\u00fdznamn\u00e9 zlep\u0161en\u00ed energetick\u00e9 \u00fa\u010dinnosti budovy.<\/li>\n<li>St\u00e1l\u00e9 izola\u010dn\u00ed parametry po celou dobu u\u017e\u00edv\u00e1n\u00ed.<\/li>\n<li>Ni\u017e\u0161\u00ed n\u00e1klady na vyt\u00e1p\u011bn\u00ed a men\u0161\u00ed emise CO2.<\/li>\n<li>Dlouhodob\u00e9 po\u017e\u00e1rn\u00ed bezpe\u010dnost d\u00edky po\u017e\u00e1rn\u00ed klasifikaci A1.<\/li>\n<\/ul>\n<p><strong>FRONTROCK PLUS<\/strong> je volbou profesion\u00e1l\u016f, kte\u0159\u00ed klade d\u016fraz na kvalitu a trvanlivost. Spr\u00e1vn\u011b proveden\u00e9 tepeln\u00e9 izolace s pou\u017eit\u00edm t\u00e9to nep\u00e1len\u00e9 kamenn\u00e9 vlny nejen \u017ee p\u0159in\u00e1\u0161\u00ed \u00faspory, ale tak\u00e9 dlouhodob\u00e9 bezpe\u010d\u00ed a komfort pro obyvatele a u\u017eivatele budov.<\/p>\n","protected":false},"excerpt":{"rendered":"<blockquote><p><strong>\u00da\u010del: Zateplen\u00ed fas\u00e1d<\/strong><\/p>\n<p><strong>Materi\u00e1l: sklolamin\u00e1t a miner\u00e1ln\u00ed vlna<\/strong><\/p>\n<p><strong>Tepeln\u00e1 vodivost: 0,035W\/m\u00b2K<\/strong><\/p>\n<p><strong>T\u0159\u00edda reakce na ohe\u0148: A1<\/strong><\/p>\n<p><strong>Rozm\u011bry tal\u00ed\u0159e: 100cm\/60cm<\/strong><\/p><\/blockquote>\n","protected":false},"featured_media":6105,"comment_status":"open","ping_status":"closed","template":"","meta":{"_acf_changed":false},"product_brand":[],"product_cat":[143,150],"product_tag":[411,412],"class_list":{"0":"post-1686","1":"product","2":"type-product","3":"status-publish","4":"has-post-thumbnail","6":"product_cat-tepelne-izolace","7":"product_cat-mineralni-vlnu","8":"product_tag-frontrock-cs","9":"product_tag-rockwool-cs","10":"product_shipping_class-transport-the-partners-cs","11":"pa_grubosc-10-cm-cs","12":"pa_grubosc-15-cm-cs","13":"pa_grubosc-16-cm-cs","14":"pa_grubosc-18-cm-cs","15":"pa_grubosc-20-cm-cs","16":"pa_grubosc-5-cm-cs","17":"pa_grubosc-8-cm-cs","18":"pa_producent-rockwool-cs","19":"pa_wspolczynnik-przewodzenia-0-035-wmk-cs","21":"first","22":"instock","23":"taxable","24":"shipping-taxable","25":"purchasable","26":"product-type-variable"},"acf":[],"_links":{"self":[{"href":"https:\/\/sklep.thepartners.pl\/cs\/wp-json\/wp\/v2\/product\/1686","targetHints":{"allow":["GET"]}}],"collection":[{"href":"https:\/\/sklep.thepartners.pl\/cs\/wp-json\/wp\/v2\/product"}],"about":[{"href":"https:\/\/sklep.thepartners.pl\/cs\/wp-json\/wp\/v2\/types\/product"}],"replies":[{"embeddable":true,"href":"https:\/\/sklep.thepartners.pl\/cs\/wp-json\/wp\/v2\/comments?post=1686"}],"wp:featuredmedia":[{"embeddable":true,"href":"https:\/\/sklep.thepartners.pl\/cs\/wp-json\/wp\/v2\/media\/6105"}],"wp:attachment":[{"href":"https:\/\/sklep.thepartners.pl\/cs\/wp-json\/wp\/v2\/media?parent=1686"}],"wp:term":[{"taxonomy":"product_brand","embeddable":true,"href":"https:\/\/sklep.thepartners.pl\/cs\/wp-json\/wp\/v2\/product_brand?post=1686"},{"taxonomy":"product_cat","embeddable":true,"href":"https:\/\/sklep.thepartners.pl\/cs\/wp-json\/wp\/v2\/product_cat?post=1686"},{"taxonomy":"product_tag","embeddable":true,"href":"https:\/\/sklep.thepartners.pl\/cs\/wp-json\/wp\/v2\/product_tag?post=1686"}],"curies":[{"name":"wp","href":"https:\/\/api.w.org\/{rel}","templated":true}]}}