{"id":1732,"date":"2024-06-25T09:59:37","date_gmt":"2024-06-25T07:59:37","guid":{"rendered":"https:\/\/www.partners.proadax-dev.pl\/p\/welna-mineralna-15cm-toprock-plus-3m2\/"},"modified":"2024-10-01T10:41:29","modified_gmt":"2024-10-01T08:41:29","slug":"welna-mineralna-15cm-toprock-plus-3m2","status":"publish","type":"product","link":"https:\/\/sklep.thepartners.pl\/cs\/produkt\/welna-mineralna-15cm-toprock-plus-3m2\/","title":{"rendered":"Miner\u00e1ln\u00ed vlna15cm Rockwool Toprock Plus 3m2 \u03bb 0,039"},"content":{"rendered":"<p>Matrace TOPROCK PLUS s vysokou hustotou a velmi dobr\u00fdmi tepeln\u00fdmi a akustick\u00fdmi parametry jsou ide\u00e1ln\u00ed pro izolaci podkrov\u00ed, v\u011btran\u00fdch strop\u016f, d\u0159ev\u011bn\u00fdch tr\u00e1mov\u00fdch strop\u016f, podlah na tr\u00e1mech, podhled\u016f a lehk\u00fdch p\u0159\u00ed\u010dek. Neho\u0159lav\u00e1 matrace TOPROCK PLUS zaji\u0161\u0165uje trvalou a odolnou izolaci podkrov\u00ed. Nov\u00e9, praktick\u00e9 balen\u00ed ve form\u011b \u00fazk\u00e9 role o pr\u016fm\u011bru 400 mm usnad\u0148uje p\u0159epravu a pr\u00e1ci na stavb\u011b, zejm\u00e9na na t\u011b\u017ece p\u0159\u00edstupn\u00fdch m\u00edstech.<\/p>\n<p><strong>Deklarovan\u00fd tepeln\u00fd vodivostn\u00ed sou\u010dinitel (EN 12667):<\/strong> \u03bb\u1d05 (W\/m\u2219K) 0.039<\/p>\n<p><strong>TOPROCK PLUS pro v\u00e1\u0161 d\u016fm<\/strong><\/p>\n<p>Matrace TOPROCK PLUS je neho\u0159lav\u00fd produkt s vysokou hustotou, kter\u00fd v\u00fdznamn\u011b zvy\u0161uje po\u017e\u00e1rn\u00ed bezpe\u010dnost va\u0161eho podkrov\u00ed. Zaji\u0161\u0165uje stabiln\u00ed tepeln\u00e9 podm\u00ednky po cel\u00fd rok, co\u017e p\u0159in\u00e1\u0161\u00ed v\u00fdznamn\u00e9 \u00faspory na n\u00e1kladech spojen\u00fdch s vyt\u00e1p\u011bn\u00edm a klimatizac\u00ed budovy.<\/p>\n<p><strong>TOPROCK PLUS pro odborn\u00edky<\/strong><\/p>\n<p>TOPROCK PLUS je matrace ve zmen\u0161en\u00e9m rozm\u011bru 400 mm, v nov\u00e9m, siln\u011bj\u0161\u00edm balen\u00ed, co\u017e usnad\u0148uje jej\u00ed skladov\u00e1n\u00ed na stavb\u011b a instalaci. Matrace se vyzna\u010duje vynikaj\u00edc\u00edmi tepeln\u00fdmi a akustick\u00fdmi parametry a vysokou hustotou, co\u017e ji \u010din\u00ed ide\u00e1ln\u00edm v\u00fdb\u011brem pro profesion\u00e1ly.<\/p>\n<p><strong>Pou\u017eit\u00ed:<\/strong><\/p>\n<ul>\n<li>Izolace podkrov\u00ed a v\u011btran\u00fdch strop\u016f.<\/li>\n<li>D\u0159ev\u011bn\u00e9 tr\u00e1mov\u00e9 stropy a podlahy na tr\u00e1mech.<\/li>\n<li>Podhledy a lehk\u00e9 p\u0159\u00ed\u010dky.<\/li>\n<\/ul>\n<p><strong>TOPROCK PLUS<\/strong> &#8211; spolehliv\u00e1 izolace pro v\u00e1\u0161 d\u016fm zaji\u0161\u0165uj\u00edc\u00ed vysok\u00fd tepeln\u00fd a akustick\u00fd komfort a dlouhou \u017eivotnost.<\/p>\n","protected":false},"excerpt":{"rendered":"<blockquote><p><strong>\u00da\u010del: St\u0159echa, st\u011bna<\/strong><\/p>\n<p><strong>D\u00e9lka: 3m<\/strong><\/p>\n<p><strong>Tlou\u0161\u0165ka: 15 cm<\/strong><\/p>\n<p><strong>\u0160\u00ed\u0159ka: 1m<\/strong><\/p>\n<p><strong>Materi\u00e1l: sklolamin\u00e1t a miner\u00e1ln\u00ed vlna<\/strong><\/p>\n<p><strong>Tepeln\u00e1 vodivost: 0,039W\/m\u00b2K<\/strong><\/p>\n<p><strong>T\u0159\u00edda reakce na ohe\u0148: A1<\/strong><\/p><\/blockquote>\n","protected":false},"featured_media":6107,"comment_status":"open","ping_status":"closed","template":"","meta":{"_acf_changed":false},"product_brand":[],"product_cat":[143,150],"product_tag":[412,420],"class_list":{"0":"post-1732","1":"product","2":"type-product","3":"status-publish","4":"has-post-thumbnail","6":"product_cat-tepelne-izolace","7":"product_cat-mineralni-vlnu","8":"product_tag-rockwool-cs","9":"product_tag-toprock-cs","10":"product_shipping_class-transport-the-partners-cs","11":"pa_grubosc-10-cm-cs","12":"pa_grubosc-15-cm-cs","13":"pa_grubosc-20-cm-cs","14":"pa_producent-rockwool-cs","15":"pa_wspolczynnik-przewodzenia-0039-wmk-cs","17":"first","18":"instock","19":"taxable","20":"shipping-taxable","21":"purchasable","22":"product-type-variable"},"acf":[],"_links":{"self":[{"href":"https:\/\/sklep.thepartners.pl\/cs\/wp-json\/wp\/v2\/product\/1732","targetHints":{"allow":["GET"]}}],"collection":[{"href":"https:\/\/sklep.thepartners.pl\/cs\/wp-json\/wp\/v2\/product"}],"about":[{"href":"https:\/\/sklep.thepartners.pl\/cs\/wp-json\/wp\/v2\/types\/product"}],"replies":[{"embeddable":true,"href":"https:\/\/sklep.thepartners.pl\/cs\/wp-json\/wp\/v2\/comments?post=1732"}],"wp:featuredmedia":[{"embeddable":true,"href":"https:\/\/sklep.thepartners.pl\/cs\/wp-json\/wp\/v2\/media\/6107"}],"wp:attachment":[{"href":"https:\/\/sklep.thepartners.pl\/cs\/wp-json\/wp\/v2\/media?parent=1732"}],"wp:term":[{"taxonomy":"product_brand","embeddable":true,"href":"https:\/\/sklep.thepartners.pl\/cs\/wp-json\/wp\/v2\/product_brand?post=1732"},{"taxonomy":"product_cat","embeddable":true,"href":"https:\/\/sklep.thepartners.pl\/cs\/wp-json\/wp\/v2\/product_cat?post=1732"},{"taxonomy":"product_tag","embeddable":true,"href":"https:\/\/sklep.thepartners.pl\/cs\/wp-json\/wp\/v2\/product_tag?post=1732"}],"curies":[{"name":"wp","href":"https:\/\/api.w.org\/{rel}","templated":true}]}}