{"id":1761,"date":"2024-06-25T11:06:20","date_gmt":"2024-06-25T09:06:20","guid":{"rendered":"https:\/\/www.partners.proadax-dev.pl\/p\/welna-mineralna-toprock-premium\/"},"modified":"2024-10-01T10:49:48","modified_gmt":"2024-10-01T08:49:48","slug":"welna-mineralna-toprock-premium","status":"publish","type":"product","link":"https:\/\/sklep.thepartners.pl\/cs\/produkt\/welna-mineralna-toprock-premium\/","title":{"rendered":"Miner\u00e1ln\u00ed vlna Rockwool Toprock Premium \u03bb 0,035"},"content":{"rendered":"<p>Izolace proveden\u00e1 roho\u017eemi TOPROCK PREMIUM zaji\u0161\u0165uje vynikaj\u00edc\u00ed tepeln\u00fd komfort v podkrov\u00ed. D\u00edky nejvy\u0161\u0161\u00ed hustot\u011b tyto roho\u017ee zaru\u010duj\u00ed trvanlivost, stabilitu parametr\u016f a akustick\u00fd komfort. Roho\u017ee TOPROCK PREMIUM jsou neho\u0159lav\u00fdm produktem s nejvy\u0161\u0161\u00ed t\u0159\u00eddou reakce na ohe\u0148 A1, nab\u00edzej\u00edc\u00ed nejlep\u0161\u00ed tepeln\u00e9 a akustick\u00e9 parametry mezi kamenn\u00fdmi vlnami a nejvy\u0161\u0161\u00ed hustotu mezi izola\u010dn\u00edmi materi\u00e1ly. Jsou ide\u00e1ln\u00ed pro izolaci podkrov\u00ed s vy\u0161\u0161\u00edmi tepeln\u00fdmi a akustick\u00fdmi n\u00e1roky a v r\u00e1mov\u00fdch konstrukc\u00edch.<\/p>\n<ol>\n<li><strong>Nejvy\u0161\u0161\u00ed kvalita izolace<\/strong>: TOPROCK PREMIUM je velkorozm\u011brov\u00e1 roho\u017e s nejlep\u0161\u00edmi tepeln\u00fdmi a akustick\u00fdmi parametry. Zaji\u0161\u0165uje nejen vynikaj\u00edc\u00ed izolaci, ale tak\u00e9 trvanlivost a stabilitu po mnoho let.<\/li>\n<li><strong>Po\u017e\u00e1rn\u00ed bezpe\u010dnost<\/strong>: Roho\u017ee TOPROCK PREMIUM jsou neho\u0159lav\u00e9 a maj\u00ed nejvy\u0161\u0161\u00ed t\u0159\u00eddu reakce na ohe\u0148 A1, co\u017e v\u00fdrazn\u011b zvy\u0161uje \u00farove\u0148 po\u017e\u00e1rn\u00ed bezpe\u010dnosti ve va\u0161em dom\u011b.<\/li>\n<li><strong>Tepeln\u00fd komfort a \u00faspora energie<\/strong>: V l\u00e9t\u011b roho\u017ee zaji\u0161\u0165uj\u00ed p\u0159\u00edjemn\u00fd chlad v podkrov\u00ed a v zim\u011b udr\u017euj\u00ed teplo, co\u017e vede k ni\u017e\u0161\u00edm n\u00e1klad\u016fm na vyt\u00e1p\u011bn\u00ed.<\/li>\n<li><strong>Univerz\u00e1ln\u00ed pou\u017eit\u00ed<\/strong>: TOPROCK PREMIUM je vynikaj\u00edc\u00ed volbou pro izolaci obytn\u00fdch podkrov\u00ed, v\u010detn\u011b nadkrokevn\u00edch \u0159e\u0161en\u00ed, d\u0159ev\u011bn\u00fdch strop\u016f, podhled\u016f a st\u011bn s r\u00e1movou konstrukc\u00ed.<\/li>\n<li><strong>Profesion\u00e1ln\u00ed \u0159e\u0161en\u00ed pro odborn\u00edky<\/strong>: Roho\u017ee TOPROCK PREMIUM nab\u00edzej\u00ed nejvy\u0161\u0161\u00ed tepeln\u00e9 parametry mezi kamenn\u00fdmi vlnami a nejvy\u0161\u0161\u00ed hustotu mezi izola\u010dn\u00edmi materi\u00e1ly. D\u00edky tomu je pr\u00e1ce snaz\u0161\u00ed, proto\u017ee nen\u00ed pot\u0159eba prov\u00e1zkovat izolaci. Roho\u017ee jsou k dispozici v rol\u00edch o \u0161\u00ed\u0159ce 1000 mm, d\u00e9lce od 2500 do 5000 mm a tlou\u0161\u0165ce od 100 do 200 mm, co\u017e usnad\u0148uje p\u0159epravu a instalaci.<\/li>\n<li><strong>Odolnost proti vlhkosti<\/strong>: Roho\u017ee jsou chr\u00e1n\u011bny proti vlhkosti a maj\u00ed deklarovan\u00e9 parametry kr\u00e1tkodob\u00e9 a dlouhodob\u00e9 nas\u00e1kavosti.<\/li>\n<\/ol>\n<p><strong>Pou\u017eit\u00ed:<\/strong><\/p>\n<ul>\n<li>Izolace podkrov\u00ed s membr\u00e1novou st\u0159echou i s pln\u00fdm bedn\u011bn\u00edm.<\/li>\n<li>Zateplen\u00ed stropn\u00ed st\u0159echy.<\/li>\n<li>Zateplen\u00ed neob\u00fdvan\u00fdch podkrov\u00ed na r\u016fzn\u00fdch typech strop\u016f.<\/li>\n<\/ul>\n","protected":false},"excerpt":{"rendered":"<div class=\"O81-product-hero__box__paragraph\">\n<blockquote><p><strong>\u00da\u010del: St\u0159echa, st\u011bna<\/strong><\/p>\n<p><strong>\u0160\u00ed\u0159ka: 1m<\/strong><\/p>\n<p><strong>Materi\u00e1l: sklolamin\u00e1t a miner\u00e1ln\u00ed vlna<\/strong><\/p>\n<p><strong>Tepeln\u00e1 vodivost: 0,035W\/m\u00b2K<\/strong><\/p>\n<p><strong>T\u0159\u00edda reakce na ohe\u0148: A1<\/strong><\/p><\/blockquote>\n<\/div>\n<div class=\"flex\"><\/div>\n<div class=\"O81-product-hero__buttons gated-link-container has-view--gated-link-container\"><\/div>\n","protected":false},"featured_media":6103,"comment_status":"open","ping_status":"closed","template":"","meta":{"_acf_changed":false},"product_brand":[],"product_cat":[143,150],"product_tag":[412,420],"class_list":{"0":"post-1761","1":"product","2":"type-product","3":"status-publish","4":"has-post-thumbnail","6":"product_cat-tepelne-izolace","7":"product_cat-mineralni-vlnu","8":"product_tag-rockwool-cs","9":"product_tag-toprock-cs","10":"product_shipping_class-transport-the-partners-cs","11":"pa_grubosc-10-cm-cs","12":"pa_grubosc-15-cm-cs","13":"pa_grubosc-18-cm-cs","14":"pa_grubosc-20-cm-cs","15":"pa_producent-rockwool-cs","16":"pa_wspolczynnik-przewodzenia-0-035-wmk-cs","18":"first","19":"instock","20":"taxable","21":"shipping-taxable","22":"purchasable","23":"product-type-variable"},"acf":[],"_links":{"self":[{"href":"https:\/\/sklep.thepartners.pl\/cs\/wp-json\/wp\/v2\/product\/1761","targetHints":{"allow":["GET"]}}],"collection":[{"href":"https:\/\/sklep.thepartners.pl\/cs\/wp-json\/wp\/v2\/product"}],"about":[{"href":"https:\/\/sklep.thepartners.pl\/cs\/wp-json\/wp\/v2\/types\/product"}],"replies":[{"embeddable":true,"href":"https:\/\/sklep.thepartners.pl\/cs\/wp-json\/wp\/v2\/comments?post=1761"}],"wp:featuredmedia":[{"embeddable":true,"href":"https:\/\/sklep.thepartners.pl\/cs\/wp-json\/wp\/v2\/media\/6103"}],"wp:attachment":[{"href":"https:\/\/sklep.thepartners.pl\/cs\/wp-json\/wp\/v2\/media?parent=1761"}],"wp:term":[{"taxonomy":"product_brand","embeddable":true,"href":"https:\/\/sklep.thepartners.pl\/cs\/wp-json\/wp\/v2\/product_brand?post=1761"},{"taxonomy":"product_cat","embeddable":true,"href":"https:\/\/sklep.thepartners.pl\/cs\/wp-json\/wp\/v2\/product_cat?post=1761"},{"taxonomy":"product_tag","embeddable":true,"href":"https:\/\/sklep.thepartners.pl\/cs\/wp-json\/wp\/v2\/product_tag?post=1761"}],"curies":[{"name":"wp","href":"https:\/\/api.w.org\/{rel}","templated":true}]}}