{"id":1776,"date":"2024-06-25T11:54:43","date_gmt":"2024-06-25T09:54:43","guid":{"rendered":"https:\/\/www.partners.proadax-dev.pl\/?post_type=product&#038;p=1776"},"modified":"2024-07-15T22:58:39","modified_gmt":"2024-07-15T20:58:39","slug":"welna-mineralna-rockwool-toprock-super","status":"publish","type":"product","link":"https:\/\/sklep.thepartners.pl\/cs\/produkt\/welna-mineralna-rockwool-toprock-super\/","title":{"rendered":"Miner\u00e1ln\u00ed vlna Rockwool Toprock Super \u03bb 0,037"},"content":{"rendered":"<div class=\"react-container has-view--react-container\" data-component-name=\"TitleBlock\" data-component-props=\"{&quot;componentName&quot;:&quot;TitleBlock&quot;,&quot;headline&quot;:&quot;Charakterystyka produktu&quot;,&quot;columnOne&quot;:&quot;Mata TOPROCK SUPER o bardzo wysokiej g\u0119sto\u015b\u0107 zapewnia trwa\u0142o\u015b\u0107, stabilno\u015b\u0107 termiczn\u0105 oraz bardzo dobry komfort akustyczny na poddaszu. Nowe, por\u0119czne opakowanie, w formie smuk\u0142ej rolki o \u015brednicy 400mm u\u0142atwia transport oraz prac\u0119 na budowie, szczeg\u00f3lnie w trudniej dost\u0119pnych miejscach&quot;,&quot;columnTwo&quot;:&quot;&quot;,&quot;primaryButtonTwo&quot;:null,&quot;primaryButtonSignUpOne&quot;:null,&quot;buttonSignUp&quot;:null,&quot;buttonSignUpTwo&quot;:null,&quot;openRedirectPopupOnPrimaryButtonSignUpOne&quot;:false,&quot;openRedirectPopupOnPrimaryButtonTwo&quot;:false,&quot;openRedirectPopupOnButtonSignUp&quot;:false,&quot;openRedirectPopupOnButtonSignUpTwo&quot;:false,&quot;headerStyle&quot;:&quot;H2&quot;,&quot;textAlignment&quot;:null,&quot;isWide&quot;:false,&quot;noBottomSpacing&quot;:false,&quot;backgroundStyle&quot;:null,&quot;fullWidthCta&quot;:false,&quot;splitButtonsUnderColumns&quot;:false,&quot;primaryButtonsWidth&quot;:0,&quot;primaryButtonsSpacing&quot;:0,&quot;outlinePrimaryButtonTwo&quot;:false,&quot;useScrollReveal&quot;:false,&quot;noWidth&quot;:false,&quot;hasAchorId&quot;:&quot;&quot;,&quot;deepLinkId&quot;:null,&quot;asModule&quot;:&quot;as-module&quot;,&quot;splitMode&quot;:&quot;&quot;,&quot;bottomSpacing&quot;:&quot;&quot;,&quot;backgroundClasses&quot;:null,&quot;extensions&quot;:&quot;sign-up-secondary&quot;,&quot;showArrowRight&quot;:false}\" data-server-side-rendered=\"True\" data-use-redux=\"False\">\n<div class=\"title-block\">\n<div class=\"O11-text-content-block__Pxhx8 as-module__wE5oi gated-link-container has-view--gated-link-container\">\n<div class=\"container__Ctl47 container\">\n<div class=\"O11-text-content-block__content__EOzPl is-first__d9jjd\">\n<p>Izola\u010dn\u00ed roho\u017e TOPROCK SUPER s velmi vysokou hustotou zaji\u0161\u0165uje trvanlivost, tepelnou stabilitu a vynikaj\u00edc\u00ed akustick\u00fd komfort na podkrov\u00ed. D\u00edky nov\u00e9mu, praktick\u00e9mu balen\u00ed ve form\u011b \u0161t\u00edhl\u00e9 role o pr\u016fm\u011bru 400 mm je p\u0159eprava a pr\u00e1ce na stavb\u011b, zejm\u00e9na v t\u011b\u017eko p\u0159\u00edstupn\u00fdch m\u00edstech, mnohem snaz\u0161\u00ed. Je to velkorozm\u011brov\u00e1 roho\u017e s vynikaj\u00edc\u00edmi tepeln\u00fdmi a akustick\u00fdmi parametry, navr\u017een\u00e1 pro tepelnou a akustickou izolaci podkrov\u00ed.<\/p>\n<ol>\n<li><strong>Vynikaj\u00edc\u00ed izola\u010dn\u00ed parametry<\/strong>: Roho\u017e TOPROCK SUPER se vyzna\u010duje deklarovan\u00fdm sou\u010dinitelem tepeln\u00e9 vodivosti \u03bb\u1d05 (W\/m\u2219K) 0,037 (dle normy EN 12667), co\u017e z n\u00ed \u010din\u00ed vynikaj\u00edc\u00ed volbu pro tepelnou izolaci.<\/li>\n<li><strong>Bezpe\u010dnost a komfort<\/strong>: D\u00edky neho\u0159lav\u00e9 kamenn\u00e9 vln\u011b zaji\u0161\u0165uje roho\u017e TOPROCK SUPER bezpe\u010dnost v dom\u011b. Nav\u00edc jej\u00ed vynikaj\u00edc\u00ed akustick\u00e9 vlastnosti poskytuj\u00ed klid a ticho a tak\u00e9 \u00faspory n\u00e1klad\u016f na vyt\u00e1p\u011bn\u00ed.<\/li>\n<li><strong>Snadn\u00e1 p\u0159eprava a instalace<\/strong>: \u0160t\u00edhl\u00e1 role o pr\u016fm\u011bru 400 mm a siln\u00e9 balen\u00ed usnad\u0148uj\u00ed skladov\u00e1n\u00ed a instalaci roho\u017ee na stavb\u011b, a to i v t\u011b\u017eko p\u0159\u00edstupn\u00fdch m\u00edstech.<\/li>\n<li><strong>Univerz\u00e1ln\u00ed pou\u017eit\u00ed<\/strong>: Roho\u017e TOPROCK SUPER je vhodn\u00e1 pro izolaci obytn\u00fdch podkrov\u00ed a \u0161ikm\u00fdch st\u0159ech, v\u011btran\u00fdch stropn\u00edch st\u0159ech, d\u0159ev\u011bn\u00fdch strop\u016f, podlah na tr\u00e1mech a podhled\u016f.<\/li>\n<li><strong>Profesion\u00e1ln\u00ed \u0159e\u0161en\u00ed pro odborn\u00edky<\/strong>: D\u00edky vynikaj\u00edc\u00edm tepeln\u00fdm a akustick\u00fdm parametr\u016fm a vysok\u00e9 hustot\u011b zaru\u010duje roho\u017e TOPROCK SUPER nejlep\u0161\u00ed v\u00fdsledky pr\u00e1ce a spokojenost investora.<\/li>\n<\/ol>\n<p><strong>Pou\u017eit\u00ed:<\/strong><\/p>\n<ul>\n<li>Izolace podkrov\u00ed s membr\u00e1novou st\u0159echou i s pln\u00fdm bedn\u011bn\u00edm.<\/li>\n<li>Zateplen\u00ed stropn\u00ed st\u0159echy.<\/li>\n<li>Zateplen\u00ed neob\u00fdvan\u00fdch podkrov\u00ed na r\u016fzn\u00fdch typech strop\u016f.<\/li>\n<\/ul>\n<\/div>\n<\/div>\n<\/div>\n<\/div>\n<\/div>\n","protected":false},"excerpt":{"rendered":"<div class=\"O81-product-hero__box__paragraph\">\n<blockquote><p><strong>\u00da\u010del: St\u0159echa, st\u011bna<\/strong><\/p>\n<p><strong>\u0160\u00ed\u0159ka: 1m<\/strong><\/p>\n<p><strong>Materi\u00e1l: sklolamin\u00e1t a miner\u00e1ln\u00ed vlna<\/strong><\/p>\n<p><strong>Tepeln\u00e1 vodivost: 0,037W\/m\u00b2K<\/strong><\/p>\n<p><strong>T\u0159\u00edda reakce na ohe\u0148: A1<\/strong><\/p><\/blockquote>\n<\/div>\n<blockquote>\n<div class=\"flex\"><\/div>\n<\/blockquote>\n","protected":false},"featured_media":1775,"comment_status":"open","ping_status":"closed","template":"","meta":{"_acf_changed":false},"product_brand":[],"product_cat":[143,150],"product_tag":[412,420],"class_list":{"0":"post-1776","1":"product","2":"type-product","3":"status-publish","4":"has-post-thumbnail","6":"product_cat-tepelne-izolace","7":"product_cat-mineralni-vlnu","8":"product_tag-rockwool-cs","9":"product_tag-toprock-cs","10":"product_shipping_class-transport-the-partners-cs","11":"pa_grubosc-10-cm-cs","12":"pa_grubosc-15-cm-cs","13":"pa_grubosc-18-cm-cs","14":"pa_grubosc-20-cm-cs","15":"pa_producent-rockwool-cs","16":"pa_wspolczynnik-przewodzenia-0037-w-mk-cs","18":"first","19":"instock","20":"taxable","21":"shipping-taxable","22":"purchasable","23":"product-type-variable"},"acf":[],"_links":{"self":[{"href":"https:\/\/sklep.thepartners.pl\/cs\/wp-json\/wp\/v2\/product\/1776","targetHints":{"allow":["GET"]}}],"collection":[{"href":"https:\/\/sklep.thepartners.pl\/cs\/wp-json\/wp\/v2\/product"}],"about":[{"href":"https:\/\/sklep.thepartners.pl\/cs\/wp-json\/wp\/v2\/types\/product"}],"replies":[{"embeddable":true,"href":"https:\/\/sklep.thepartners.pl\/cs\/wp-json\/wp\/v2\/comments?post=1776"}],"wp:featuredmedia":[{"embeddable":true,"href":"https:\/\/sklep.thepartners.pl\/cs\/wp-json\/wp\/v2\/media\/1775"}],"wp:attachment":[{"href":"https:\/\/sklep.thepartners.pl\/cs\/wp-json\/wp\/v2\/media?parent=1776"}],"wp:term":[{"taxonomy":"product_brand","embeddable":true,"href":"https:\/\/sklep.thepartners.pl\/cs\/wp-json\/wp\/v2\/product_brand?post=1776"},{"taxonomy":"product_cat","embeddable":true,"href":"https:\/\/sklep.thepartners.pl\/cs\/wp-json\/wp\/v2\/product_cat?post=1776"},{"taxonomy":"product_tag","embeddable":true,"href":"https:\/\/sklep.thepartners.pl\/cs\/wp-json\/wp\/v2\/product_tag?post=1776"}],"curies":[{"name":"wp","href":"https:\/\/api.w.org\/{rel}","templated":true}]}}