{"id":1788,"date":"2024-06-25T13:57:08","date_gmt":"2024-06-25T11:57:08","guid":{"rendered":"https:\/\/www.partners.proadax-dev.pl\/p\/welna-mineralna-isover-aku-plyta\/"},"modified":"2024-10-01T10:51:47","modified_gmt":"2024-10-01T08:51:47","slug":"welna-mineralna-isover-aku-plyta","status":"publish","type":"product","link":"https:\/\/sklep.thepartners.pl\/cs\/produkt\/welna-mineralna-isover-aku-plyta\/","title":{"rendered":"Miner\u00e1ln\u00ed vlna Isover Aku-Plyta \u03bb 0,037"},"content":{"rendered":"<div id=\"key-facts\" class=\"block-field-technical-description block block-layout-builder\">\n<div class=\"table-default clearfix text-formatted field field--name-field-technical-description field--type-text-long field--label-hidden field__item\">\n<p>Skeln\u00e1 vata ve form\u011b desky pro akustickou a tepelnou izolaci p\u0159\u00ed\u010dek a r\u00e1mov\u00fdch st\u011bn. Nejlep\u0161\u00ed v\u00fdrobek pohlcuj\u00edc\u00ed vzduchem \u0161\u00ed\u0159en\u00fd zvuk pro lehkou konstrukci.<br \/>\nNejlep\u0161\u00ed pohltivost zvuku mezi vlnami ur\u010den\u00fdmi pro p\u0159\u00ed\u010dky v ni\u017e\u0161\u00edch tlou\u0161\u0165k\u00e1ch ne\u017e konkuren\u010dn\u00ed v\u00fdrobky<\/p>\n<p>CHARAKTERISTIKA PRODUKTU<br \/>\nProdukt byl vytvo\u0159en p\u0159edev\u0161\u00edm pro pou\u017eit\u00ed v tzv. syst\u00e9mech. lehk\u00e1 konstrukce &#8211; jej\u00ed rozm\u011bry (tlou\u0161\u0165ka a \u0161\u00ed\u0159ka desek) odpov\u00eddaj\u00ed v\u00fd\u0161ce ocelov\u00fdch profil\u016f a jejich standardn\u00ed rozte\u010di. Vynikaj\u00edc\u00ed akustick\u00e9 parametry vyj\u00e1d\u0159en\u00e9 v deklarovan\u00e9m sou\u010diniteli zvukov\u00e9 pohltivosti umo\u017e\u0148uj\u00ed dos\u00e1hnout vysok\u00fdch akustick\u00fdch izola\u010dn\u00edch parametr\u016f stavebn\u00edch p\u0159\u00ed\u010dek stav\u011bn\u00fdch pomoc\u00ed Aku-P\u0142yta \/ Akuplat +.<br \/>\nCharakteristick\u00e9 zat\u00ed\u017een\u00ed vlastn\u00ed hmotnost\u00ed v\u00fdrobku v r\u00e1mci v\u00fdrobn\u00ed tolerance je: cca 0,15 kN\/m3.<\/p>\n<p><strong>Zvukov\u00e1 izolace:<\/strong><\/p>\n<ul>\n<li>lehk\u00e9 p\u0159\u00ed\u010dky,<\/li>\n<li>podhledy,<\/li>\n<li>obklady a obklady st\u011bn.<\/li>\n<\/ul>\n<p><strong>V\u00fdrobek lze pou\u017e\u00edt tak\u00e9 jako tepelnou a zvukovou izolaci:<\/strong><\/p>\n<ul>\n<li>vrstven\u00e9 cihlov\u00e9 st\u011bny,<\/li>\n<li>\u00a0st\u011bny s r\u00e1movou konstrukc\u00ed (d\u0159ev\u011bn\u00e9 a ocelov\u00e9),<\/li>\n<li>p\u0159edst\u011bny hal jako v\u00fdpl\u0148 z profilovan\u00fdch plech\u016f a kazet,<\/li>\n<li>podlahy na tr\u00e1mech.<\/li>\n<\/ul>\n<\/div>\n<\/div>\n","protected":false},"excerpt":{"rendered":"<blockquote><p><strong>\u00da\u010del: St\u011bna, podlaha na tr\u00e1mech<\/strong><\/p>\n<p><strong>Velikost tal\u00ed\u0159e: 120cm\/60cm<\/strong><\/p>\n<p><strong>Vynikaj\u00edc\u00ed akustick\u00e9 parametry<\/strong><\/p>\n<p><strong>Materi\u00e1l: sklolamin\u00e1t a miner\u00e1ln\u00ed vlna<\/strong><\/p>\n<p><strong>Tepeln\u00e1 vodivost: 0,037W\/m\u00b2K<\/strong><\/p>\n<p><strong>T\u0159\u00edda reakce na ohe\u0148: A1<\/strong><\/p><\/blockquote>\n","protected":false},"featured_media":6117,"comment_status":"open","ping_status":"closed","template":"","meta":{"_acf_changed":false},"product_brand":[],"product_cat":[143,150],"product_tag":[395],"class_list":{"0":"post-1788","1":"product","2":"type-product","3":"status-publish","4":"has-post-thumbnail","6":"product_cat-tepelne-izolace","7":"product_cat-mineralni-vlnu","8":"product_tag-welna-mineralna-isover-cs","9":"product_shipping_class-transport-the-partners-cs","10":"pa_grubosc-10-cm-cs","11":"pa_grubosc-5-cm-cs","12":"pa_grubosc-75cm-cs","13":"pa_producent-isover-cs","14":"pa_wspolczynnik-przewodzenia-0037-w-mk-cs","16":"first","17":"instock","18":"taxable","19":"shipping-taxable","20":"purchasable","21":"product-type-variable"},"acf":[],"_links":{"self":[{"href":"https:\/\/sklep.thepartners.pl\/cs\/wp-json\/wp\/v2\/product\/1788","targetHints":{"allow":["GET"]}}],"collection":[{"href":"https:\/\/sklep.thepartners.pl\/cs\/wp-json\/wp\/v2\/product"}],"about":[{"href":"https:\/\/sklep.thepartners.pl\/cs\/wp-json\/wp\/v2\/types\/product"}],"replies":[{"embeddable":true,"href":"https:\/\/sklep.thepartners.pl\/cs\/wp-json\/wp\/v2\/comments?post=1788"}],"wp:featuredmedia":[{"embeddable":true,"href":"https:\/\/sklep.thepartners.pl\/cs\/wp-json\/wp\/v2\/media\/6117"}],"wp:attachment":[{"href":"https:\/\/sklep.thepartners.pl\/cs\/wp-json\/wp\/v2\/media?parent=1788"}],"wp:term":[{"taxonomy":"product_brand","embeddable":true,"href":"https:\/\/sklep.thepartners.pl\/cs\/wp-json\/wp\/v2\/product_brand?post=1788"},{"taxonomy":"product_cat","embeddable":true,"href":"https:\/\/sklep.thepartners.pl\/cs\/wp-json\/wp\/v2\/product_cat?post=1788"},{"taxonomy":"product_tag","embeddable":true,"href":"https:\/\/sklep.thepartners.pl\/cs\/wp-json\/wp\/v2\/product_tag?post=1788"}],"curies":[{"name":"wp","href":"https:\/\/api.w.org\/{rel}","templated":true}]}}