{"id":1819,"date":"2024-06-26T08:29:42","date_gmt":"2024-06-26T06:29:42","guid":{"rendered":"https:\/\/www.partners.proadax-dev.pl\/p\/styrodur\/"},"modified":"2024-10-01T11:29:25","modified_gmt":"2024-10-01T09:29:25","slug":"styrodur","status":"publish","type":"product","link":"https:\/\/sklep.thepartners.pl\/cs\/produkt\/styrodur\/","title":{"rendered":"XPS izola\u010dn\u00ed podlo\u017eka"},"content":{"rendered":"<div id=\"c66664\" class=\"frame frame-default frame-type-text frame-layout-0 \">\n<header>Austrotherm XPS TOP P GK<\/header>\n<p>Tepeln\u011bizola\u010dn\u00ed desky z extrudovan\u00e9ho polystyrenu se strukturovan\u00fdm povrchem a rovnou hranou. Od tlou\u0161\u0165ky 180 mm m\u00e1 v\u00fdrobek ozna\u010den\u00ed Austrotherm\u00a0XPS TOP P TB GK.<\/p>\n<p>Materi\u00e1l si udr\u017euje sv\u00e9 vlastnosti i\u00a0ve\u00a0vlhk\u00e9m prost\u0159ed\u00ed. D\u00edky t\u00e9to vlastnosti je ide\u00e1ln\u00ed volbou pro\u00a0izolaci sokl\u016f.<\/p>\n<p>Tepeln\u011bizola\u010dn\u00ed desky Austrotherm XPS\u00a0TOP P GK\u00a0se\u00a0vyzna\u010duj\u00ed rovnou hranou a\u00a0strukturovan\u00fdm (zdrsn\u011bn\u00fdm) povrchem. Uveden\u00e9 vlastnosti povrchu zaji\u0161\u0165uj\u00ed v\u00fdbornou p\u0159ilnavost om\u00edtkov\u00fdch a\u00a0st\u011brkov\u00fdch hmot.\u00a0Spojen\u00ed mezi deskami je zaji\u0161t\u011bno metodou tepeln\u00e9ho lepen\u00ed.<\/p>\n<p>Pou\u017eit\u00ed tohoto typu desek p\u0159edstavuje optim\u00e1ln\u00ed \u0159e\u0161en\u00ed pro\u00a0m\u00edsta, kde hroz\u00ed vznik tepeln\u00fdch most\u016f. Zabr\u00e1n\u011bn\u00edm vzniku tepeln\u00fdch most\u016f n\u00e1sledn\u011b u\u0161et\u0159\u00edte n\u00e1klady na\u00a0spot\u0159ebu energie.<\/p>\n<p>Tepeln\u011bizola\u010dn\u00ed desky z extrudovan\u00e9ho polystyrenu se strukturovan\u00fdm povrchem a rovnou hranou.<\/p>\n<\/div>\n<div id=\"c66656\" class=\"frame frame-default frame-type-textpic frame-layout-0 \">\n<header><strong>Pou\u017eit\u00ed<\/strong><\/header>\n<div class=\"ce-textpic ce-left ce-intext\">\n<div class=\"ce-gallery\" data-ce-columns=\"1\" data-ce-images=\"1\">\n<div class=\"ce-row\">\n<ul>\n<li class=\"ce-column\">konstrukce v kontaktu s p\u016fdou<\/li>\n<li class=\"ce-column\">p\u0159eklady a pr\u016fvlaky<\/li>\n<li class=\"ce-column\">obvodov\u00e9 v\u011bnce<\/li>\n<\/ul>\n<\/div>\n<\/div>\n<\/div>\n<\/div>\n<div id=\"c66653\" class=\"frame frame-default frame-type-textpic frame-layout-0 \">\n<header><strong>Vlastnosti<\/strong><\/header>\n<div class=\"ce-textpic ce-left ce-intext\">\n<div class=\"ce-gallery\" data-ce-columns=\"1\" data-ce-images=\"1\">\n<div class=\"ce-row\">\n<ul>\n<li class=\"ce-column\">odoln\u00fd v\u016f\u010di vysok\u00e9mu zat\u00ed\u017een\u00ed<\/li>\n<li class=\"ce-column\">odoln\u00fd v\u016f\u010di vlhkosti<\/li>\n<li class=\"ce-column\">vynikaj\u00edc\u00ed tepeln\u011bizola\u010dn\u00ed vlastnosti<\/li>\n<li class=\"ce-column\">jednoduch\u00e1 manipulace<\/li>\n<li class=\"ce-column\">vynikaj\u00edc\u00ed p\u0159ilnavost<\/li>\n<li class=\"ce-column\">strukturovan\u00fd povrch<\/li>\n<\/ul>\n<\/div>\n<\/div>\n<\/div>\n<\/div>\n<div class=\"ce-textpic ce-right ce-intext\">\n<div class=\"ce-bodytext\">\n<p>&nbsp;<\/p>\n<\/div>\n<\/div>\n","protected":false},"excerpt":{"rendered":"<blockquote><p><strong>\u0160\u00ed\u0159ka a d\u00e9lka: 600 x 1250 mm<\/strong><\/p>\n<p><strong>Rovn\u00e9 strany<\/strong><\/p>\n<p><strong>Deklarovan\u00fd sou\u010dinitel tepeln\u00e9 vodivosti:<\/strong><\/p>\n<ul>\n<li><strong>\u03bbD\u22640,033 W\/(mK) pro 30\u2264dN\u226460 mm<\/strong><\/li>\n<li><strong>\u03bbD\u22640,035 W\/(mK) pro 80 mm\u03bbD\u22640,036 W\/(mK) pro 100\u2264dN\u2264160 mm<\/strong><\/li>\n<li><strong>\u03bbD\u22640,038 W\/(mK) pro 180 a 200 mm<\/strong><\/li>\n<\/ul>\n<p><strong>Tlakov\u00e9 nap\u011bt\u00ed p\u0159i 10% deformaci: CS(10\/Y)\u2265300 kPa<\/strong><\/p>\n<p><strong>Pevnost v tahu na \u010deln\u00ed plochy: TR\u2265200 kPa<\/strong><\/p>\n<p><strong>Dotvarov\u00e1n\u00ed v tlaku: CC(2\/1,5\/50)\u2265130 kPa<\/strong><\/p>\n<p><strong>T\u0159\u00edda reakce na ohe\u0148: E<\/strong><\/p><\/blockquote>\n","protected":false},"featured_media":5852,"comment_status":"open","ping_status":"closed","template":"","meta":{"_acf_changed":false},"product_brand":[],"product_cat":[143,147],"product_tag":[426,427,428],"class_list":{"0":"post-1819","1":"product","2":"type-product","3":"status-publish","4":"has-post-thumbnail","6":"product_cat-tepelne-izolace","7":"product_cat-styrodur","8":"product_tag-austroterm-cs","9":"product_tag-styrodur-cs","10":"product_tag-xps-cs","11":"product_shipping_class-transport-the-partners-cs","12":"pa_grubosc-10-cm-cs","13":"pa_grubosc-12-cm-cs","14":"pa_grubosc-14-cm-cs","15":"pa_grubosc-2-cm-cs","16":"pa_grubosc-3-cm-cs","17":"pa_grubosc-4-cm-cs","18":"pa_grubosc-5-cm-cs","19":"pa_producent-austrotherm-cs","21":"first","22":"onbackorder","23":"taxable","24":"shipping-taxable","25":"purchasable","26":"product-type-variable"},"acf":[],"_links":{"self":[{"href":"https:\/\/sklep.thepartners.pl\/cs\/wp-json\/wp\/v2\/product\/1819","targetHints":{"allow":["GET"]}}],"collection":[{"href":"https:\/\/sklep.thepartners.pl\/cs\/wp-json\/wp\/v2\/product"}],"about":[{"href":"https:\/\/sklep.thepartners.pl\/cs\/wp-json\/wp\/v2\/types\/product"}],"replies":[{"embeddable":true,"href":"https:\/\/sklep.thepartners.pl\/cs\/wp-json\/wp\/v2\/comments?post=1819"}],"wp:featuredmedia":[{"embeddable":true,"href":"https:\/\/sklep.thepartners.pl\/cs\/wp-json\/wp\/v2\/media\/5852"}],"wp:attachment":[{"href":"https:\/\/sklep.thepartners.pl\/cs\/wp-json\/wp\/v2\/media?parent=1819"}],"wp:term":[{"taxonomy":"product_brand","embeddable":true,"href":"https:\/\/sklep.thepartners.pl\/cs\/wp-json\/wp\/v2\/product_brand?post=1819"},{"taxonomy":"product_cat","embeddable":true,"href":"https:\/\/sklep.thepartners.pl\/cs\/wp-json\/wp\/v2\/product_cat?post=1819"},{"taxonomy":"product_tag","embeddable":true,"href":"https:\/\/sklep.thepartners.pl\/cs\/wp-json\/wp\/v2\/product_tag?post=1819"}],"curies":[{"name":"wp","href":"https:\/\/api.w.org\/{rel}","templated":true}]}}