{"id":1854,"date":"2024-06-26T10:31:33","date_gmt":"2024-06-26T08:31:33","guid":{"rendered":"https:\/\/www.partners.proadax-dev.pl\/p\/listwa-pcv-okapnikowa-z-siatka-do-listwy-startowej-25m\/"},"modified":"2024-10-01T10:28:32","modified_gmt":"2024-10-01T08:28:32","slug":"listwa-pcv-okapnikowa-z-siatka-do-listwy-startowej-25m","status":"publish","type":"product","link":"https:\/\/sklep.thepartners.pl\/cs\/produkt\/listwa-pcv-okapnikowa-z-siatka-do-listwy-startowej-25m\/","title":{"rendered":"PVC okapnicov\u00e1 li\u0161ta se s\u00ed\u0165ovinou &#8211; pro 2,5m profil zakl\u00e1dac\u00ed"},"content":{"rendered":"<p>Okapov\u00e1 li\u0161ta BP14 LUX COK se s\u00ed\u0165kou je ur\u010dena pro pou\u017eit\u00ed s hlin\u00edkov\u00fdmi startovac\u00edmi li\u0161tami. Zaji\u0161\u0165uje estetick\u00e9 a trval\u00e9 zakon\u010den\u00ed spodn\u00ed \u010d\u00e1sti fas\u00e1dy a efektivn\u011b eliminuje praskliny v om\u00edtce.<\/p>\n<p><strong>Mont\u00e1\u017e:<\/strong><\/p>\n<ol>\n<li><strong>P\u0159\u00edprava:<\/strong> Li\u0161tu BP14 LUX COK je t\u0159eba nalepit odspodu na hlin\u00edkovou startovac\u00ed (socklovou) li\u0161tu pomoc\u00ed speci\u00e1ln\u00ed p\u011bnov\u00e9 lep\u00edc\u00ed p\u00e1sky, kter\u00e1 je sou\u010d\u00e1st\u00ed li\u0161ty BP14 LUX COK.<\/li>\n<li><strong>Mont\u00e1\u017e s\u00ed\u0165ky:<\/strong> Po p\u0159ilepen\u00ed li\u0161ty je t\u0159eba p\u0159ilepit sklen\u011bnou s\u00ed\u0165ku na li\u0161t\u011b BP14 LUX COK na povrch tepeln\u011b izola\u010dn\u00edho obkladu pomoc\u00ed lepidla na zapu\u0161t\u011bn\u00ed sklen\u011bn\u00e9 s\u00ed\u0165ky v syst\u00e9mech zateplen\u00ed metodou \u201elehk\u00e1-mokr\u00e1\u201d.<\/li>\n<li><strong>Zakryt\u00ed:<\/strong> S\u00ed\u0165ku je t\u0159eba zakr\u00fdt fas\u00e1dn\u00ed s\u00ed\u0165kou s p\u0159ekryt\u00edm minim\u00e1ln\u011b 10 cm od vrchu. Ob\u011b s\u00ed\u0165ky je t\u0159eba zafixovat lepidlem.<\/li>\n<\/ol>\n<p><strong>U\u017eitn\u00e9 vlastnosti:<\/strong><\/p>\n<ul>\n<li><strong>Odkap\u00e1v\u00e1n\u00ed vody:<\/strong> \u00da\u010dinn\u011b odv\u00e1d\u00ed vodu z povrchu fas\u00e1dy.<\/li>\n<li><strong>Eliminace prasklin:<\/strong> Odstra\u0148uje probl\u00e9m prask\u00e1n\u00ed om\u00edtky mezi hlin\u00edkovou startovac\u00ed li\u0161tou a om\u00edtkou na tepeln\u011b izola\u010dn\u00edm obkladu.<\/li>\n<li><strong>Estetika:<\/strong> Zaji\u0161\u0165uje estetick\u00e9 zakon\u010den\u00ed fas\u00e1dy nad soklem budovy.<\/li>\n<li><strong>Zpevn\u011bn\u00ed:<\/strong> Zpev\u0148uje a maskuje spojen\u00ed mezi hlin\u00edkov\u00fdmi soklov\u00fdmi li\u0161tami.<\/li>\n<\/ul>\n<p>Li\u0161ta BP14 LUX COK se s\u00ed\u0165kou je ide\u00e1ln\u00edm \u0159e\u0161en\u00edm pro dosa\u017een\u00ed trval\u00e9ho a estetick\u00e9ho zakon\u010den\u00ed spodn\u00ed \u010d\u00e1sti fas\u00e1dy, kter\u00e9 chr\u00e1n\u00ed p\u0159ed prask\u00e1n\u00edm om\u00edtky a efektivn\u011b odv\u00e1d\u00ed vodu.<\/p>\n","protected":false},"excerpt":{"rendered":"<blockquote><p><strong>Pro odvod vody z povrchu fas\u00e1dy.<\/strong><\/p><\/blockquote>\n","protected":false},"featured_media":6045,"comment_status":"open","ping_status":"closed","template":"","meta":{"_acf_changed":false},"product_brand":[],"product_cat":[143,146],"product_tag":[],"class_list":{"0":"post-1854","1":"product","2":"type-product","3":"status-publish","4":"has-post-thumbnail","6":"product_cat-tepelne-izolace","7":"product_cat-fasadni-profily-a-listy","8":"product_shipping_class-transport-the-partners-cs","9":"pa_dlugosc-25m-cs","10":"pa_kolor-bialy-cs","11":"pa_producent-bella-plast-cs","13":"first","14":"instock","15":"taxable","16":"shipping-taxable","17":"purchasable","18":"product-type-simple"},"acf":[],"_links":{"self":[{"href":"https:\/\/sklep.thepartners.pl\/cs\/wp-json\/wp\/v2\/product\/1854","targetHints":{"allow":["GET"]}}],"collection":[{"href":"https:\/\/sklep.thepartners.pl\/cs\/wp-json\/wp\/v2\/product"}],"about":[{"href":"https:\/\/sklep.thepartners.pl\/cs\/wp-json\/wp\/v2\/types\/product"}],"replies":[{"embeddable":true,"href":"https:\/\/sklep.thepartners.pl\/cs\/wp-json\/wp\/v2\/comments?post=1854"}],"wp:featuredmedia":[{"embeddable":true,"href":"https:\/\/sklep.thepartners.pl\/cs\/wp-json\/wp\/v2\/media\/6045"}],"wp:attachment":[{"href":"https:\/\/sklep.thepartners.pl\/cs\/wp-json\/wp\/v2\/media?parent=1854"}],"wp:term":[{"taxonomy":"product_brand","embeddable":true,"href":"https:\/\/sklep.thepartners.pl\/cs\/wp-json\/wp\/v2\/product_brand?post=1854"},{"taxonomy":"product_cat","embeddable":true,"href":"https:\/\/sklep.thepartners.pl\/cs\/wp-json\/wp\/v2\/product_cat?post=1854"},{"taxonomy":"product_tag","embeddable":true,"href":"https:\/\/sklep.thepartners.pl\/cs\/wp-json\/wp\/v2\/product_tag?post=1854"}],"curies":[{"name":"wp","href":"https:\/\/api.w.org\/{rel}","templated":true}]}}