{"id":1885,"date":"2024-06-26T11:26:33","date_gmt":"2024-06-26T09:26:33","guid":{"rendered":"https:\/\/www.partners.proadax-dev.pl\/p\/listwa-przyokienna-6mm-3mm-z-uszczelka-biala-3m\/"},"modified":"2024-10-01T10:27:35","modified_gmt":"2024-10-01T08:27:35","slug":"listwa-przyokienna-6mm-3mm-z-uszczelka-biala-3m","status":"publish","type":"product","link":"https:\/\/sklep.thepartners.pl\/cs\/produkt\/listwa-przyokienna-6mm-3mm-z-uszczelka-biala-3m\/","title":{"rendered":"Okenn\u00ed li\u0161ta 6mm\/3mm s t\u011bsn\u011bn\u00edm, b\u00edl\u00e1, 3m"},"content":{"rendered":"<p>Okenn\u00ed dilata\u010dn\u00ed li\u0161ty \u0159ady BP13 by m\u011bly b\u00fdt instalov\u00e1ny na vn\u011bj\u0161\u00ed povrch okenn\u00edho r\u00e1mu mimo budovu.<\/p>\n<p>Instalace:<\/p>\n<p>P\u0159ed mont\u00e1\u017e\u00ed o\u010dist\u011bte povrch r\u00e1mu okna od prachu, oleje a ne\u010distot. K tomuto \u00fa\u010delu m\u016f\u017eete pou\u017e\u00edt denaturovan\u00fd l\u00edh nebo kapalinu na \u010di\u0161t\u011bn\u00ed skla. Nen\u00ed dovoleno instalovat (lepit) li\u0161tu na mokr\u00fd povrch nebo p\u0159i teplot\u00e1ch pod nulou, stejn\u011b jako lepit li\u0161tu na povrch r\u00e1mu pokryt\u00fd zkondenzovanou vodn\u00ed p\u00e1rou (jev vznikaj\u00edc\u00ed p\u0159i n\u00e1hl\u00e9 zm\u011bn\u011b teploty &#8211; nap\u0159. r\u00e1no). Vyvarujte se tak\u00e9 lepen\u00ed li\u0161t na velmi vyh\u0159\u00e1t\u00fd okenn\u00ed r\u00e1m \u2013 zvl\u00e1\u0161t\u011b v tmav\u00fdch barv\u00e1ch. Optim\u00e1ln\u00ed teplota (povrchov\u00e1 i okoln\u00ed) pro instalaci p\u00e1s\u016f je od 5 stup\u0148\u016f C do 25 stup\u0148\u016f C. Po nalepen\u00ed p\u00e1sku na r\u00e1m se doporu\u010duje p\u00e1sek po cel\u00e9 d\u00e9lce pevn\u011b p\u0159itla\u010dit k povrchu. Okenn\u00ed li\u0161ty maj\u00ed k hlavn\u00edmu t\u011blesu trvale p\u0159ipevn\u011bn\u00fd pruh sklen\u011bn\u00e9 s\u00ed\u0165oviny, kter\u00fd je vhodn\u00e9 p\u0159ilepit na povrch termoizolace (glyf) pomoc\u00ed lepidla pro zapu\u0161t\u011bn\u00ed sklen\u011bn\u00e9 s\u00ed\u0165oviny.<\/p>\n<p>Nevkl\u00e1dejte lepidlo do vnit\u0159ku \u017elabu na p\u00e1sy (tvar t\u011blesa p\u00e1su je ve tvaru U &#8211; tzv. z\u00e1sobn\u00edk na om\u00edtku). Vana by m\u011bla b\u00fdt vypln\u011bna om\u00edtkou, ale om\u00edtka nesm\u00ed b\u00fdt mimo vanu &#8211; povrch om\u00edtky by m\u011bl b\u00fdt v jedn\u00e9 rovin\u011b s vn\u011bj\u0161\u00edm povrchem vani\u010dky (bo\u010dn\u00ed st\u011bna li\u0161ty, hlavn\u00ed t\u011bleso). S lepidlem pro zapu\u0161t\u011bn\u00ed sklen\u011bn\u00e9 s\u00ed\u0165oviny se doporu\u010duje za\u010d\u00edt pracovat n\u011bkolik hodin po instalaci p\u00e1s\u016f.<\/p>\n","protected":false},"excerpt":{"rendered":"<blockquote><p><strong>Pro zhotoven\u00ed dilata\u010dn\u00edch sp\u00e1r mezi r\u00e1mem okna a struktur\u00e1ln\u00ed om\u00edtkou.<\/strong><\/p>\n<p><strong>D\u00e9lka: 3m<\/strong><\/p>\n<p><strong>\u0160\u00ed\u0159ka oka: 10 cm<\/strong><\/p><\/blockquote>\n<p>&nbsp;<\/p>\n","protected":false},"featured_media":6049,"comment_status":"open","ping_status":"closed","template":"","meta":{"_acf_changed":false},"product_brand":[],"product_cat":[143,146],"product_tag":[432],"class_list":{"0":"post-1885","1":"product","2":"type-product","3":"status-publish","4":"has-post-thumbnail","6":"product_cat-tepelne-izolace","7":"product_cat-fasadni-profily-a-listy","8":"product_tag-listwa-cs","9":"product_shipping_class-transport-the-partners-cs","10":"pa_dlugosc-3m-cs","11":"pa_kolor-bialy-cs","12":"pa_producent-bella-plast-cs","14":"first","15":"instock","16":"taxable","17":"shipping-taxable","18":"purchasable","19":"product-type-simple"},"acf":[],"_links":{"self":[{"href":"https:\/\/sklep.thepartners.pl\/cs\/wp-json\/wp\/v2\/product\/1885","targetHints":{"allow":["GET"]}}],"collection":[{"href":"https:\/\/sklep.thepartners.pl\/cs\/wp-json\/wp\/v2\/product"}],"about":[{"href":"https:\/\/sklep.thepartners.pl\/cs\/wp-json\/wp\/v2\/types\/product"}],"replies":[{"embeddable":true,"href":"https:\/\/sklep.thepartners.pl\/cs\/wp-json\/wp\/v2\/comments?post=1885"}],"wp:featuredmedia":[{"embeddable":true,"href":"https:\/\/sklep.thepartners.pl\/cs\/wp-json\/wp\/v2\/media\/6049"}],"wp:attachment":[{"href":"https:\/\/sklep.thepartners.pl\/cs\/wp-json\/wp\/v2\/media?parent=1885"}],"wp:term":[{"taxonomy":"product_brand","embeddable":true,"href":"https:\/\/sklep.thepartners.pl\/cs\/wp-json\/wp\/v2\/product_brand?post=1885"},{"taxonomy":"product_cat","embeddable":true,"href":"https:\/\/sklep.thepartners.pl\/cs\/wp-json\/wp\/v2\/product_cat?post=1885"},{"taxonomy":"product_tag","embeddable":true,"href":"https:\/\/sklep.thepartners.pl\/cs\/wp-json\/wp\/v2\/product_tag?post=1885"}],"curies":[{"name":"wp","href":"https:\/\/api.w.org\/{rel}","templated":true}]}}