{"id":2100,"date":"2024-06-27T10:23:05","date_gmt":"2024-06-27T08:23:05","guid":{"rendered":"https:\/\/www.partners.proadax-dev.pl\/p\/grunt-pod-tynk-silikonowy-baumit-uniprimer-25kg\/"},"modified":"2025-09-26T10:35:37","modified_gmt":"2025-09-26T08:35:37","slug":"grunt-pod-tynk-silikonowy-baumit-uniprimer-25kg","status":"publish","type":"product","link":"https:\/\/sklep.thepartners.pl\/cs\/produkt\/grunt-pod-tynk-silikonowy-baumit-uniprimer-25kg\/","title":{"rendered":"B\u00edl\u00fd Baumit UniPrimer 25 kg \u2013 univerz\u00e1ln\u00ed penetrace pod om\u00edtku"},"content":{"rendered":"<p>Univerz\u00e1ln\u00ed z\u00e1kladn\u00ed n\u00e1t\u011br Baumit p\u0159ipraven\u00fd k pou\u017eit\u00ed, kter\u00fd vyrovn\u00e1 savost podkladu, je ur\u010den speci\u00e1ln\u011b pro pou\u017eit\u00ed v zateplovac\u00edch syst\u00e9mech Baumit a p\u0159ed aplikac\u00ed tenkovrstv\u00fdch struktur\u00e1ln\u00edch a mozaikov\u00fdch om\u00edtek. N\u00ed\u017ee naleznete podrobn\u00e9 informace o tomto produktu:<\/p>\n<p><strong>Funkce<\/strong>:<\/p>\n<p>&#8211; Vyrovn\u00e1v\u00e1 savost podkladu:** \u00da\u010dinn\u011b p\u0159ipravuje podklad, vyrovn\u00e1v\u00e1 jeho savost, co\u017e zlep\u0161uje p\u0159ilnavost a rovnom\u011brnost nan\u00e1\u0161en\u00ed om\u00edtky.<br \/>\n&#8211; Zachov\u00e1v\u00e1 paropropustnost st\u011bn:** V\u00fdrobek je ur\u010den k udr\u017een\u00ed dostate\u010dn\u00e9 paropropustnosti st\u011bn, kter\u00e1 je d\u016fle\u017eit\u00e1 pro regulaci vlhkosti uvnit\u0159 budov.<br \/>\n&#8211; Pro v\u0161echny miner\u00e1ln\u00ed stavebn\u00ed podklady:** Vhodn\u00e9 pro pou\u017eit\u00ed na r\u016fzn\u00e9 miner\u00e1ln\u00ed stavebn\u00ed podklady, jako jsou cementov\u00e9 om\u00edtky, beton, dut\u00e9 cihly a podlahov\u00e9 pot\u011bry na b\u00e1zi s\u00e1dry.<\/p>\n<p><strong>Aplikace:<\/strong><\/p>\n<p>&#8211; Zateplovac\u00ed syst\u00e9my Baumit: Perfektn\u00ed jako z\u00e1kladn\u00ed n\u00e1t\u011br pod akryl\u00e1tov\u00e9, silikonov\u00e9, silik\u00e1tov\u00e9, miner\u00e1ln\u00ed, dekorativn\u00ed a mozaikov\u00e9 om\u00edtky, poskytuj\u00edc\u00ed optim\u00e1ln\u00ed podm\u00ednky pro jejich aplikaci.<br \/>\n&#8211; P\u0159\u00edprava povrchu: Podklad mus\u00ed b\u00fdt such\u00fd, stabiln\u00ed, nosn\u00fd a zbaven\u00fd prachu, oleje a jin\u00fdch l\u00e1tek, kter\u00e9 sni\u017euj\u00ed p\u0159ilnavost. Uvoln\u011bn\u00e9 prvky by m\u011bly b\u00fdt odstran\u011bny a povrch by m\u011bl b\u00fdt \u0159\u00e1dn\u011b p\u0159ipraven brou\u0161en\u00edm nebo ot\u00edr\u00e1n\u00edm a vys\u00e1v\u00e1n\u00edm.<br \/>\n&#8211; Zp\u016fsob aplikace: Produkt je p\u0159ipraven k pou\u017eit\u00ed a lze jej rovnom\u011brn\u011b nan\u00e1\u0161et na povrch v\u00e1le\u010dkem, \u0161t\u011btcem nebo st\u0159\u00edk\u00e1n\u00edm. Pokud pot\u0159ebujete z\u00e1kladn\u00ed n\u00e1t\u011br dvakr\u00e1t, po\u010dkejte mezi n\u00e1t\u011bry alespo\u0148 24 hodin.<br \/>\n&#8211; Dal\u0161\u00ed doporu\u010den\u00ed: Nem\u00edchejte s jin\u00fdmi produkty. Jeho konzistenci m\u016f\u017eete upravit p\u0159id\u00e1n\u00edm mal\u00e9ho mno\u017estv\u00ed vody, nep\u0159ekra\u010dujte v\u0161ak doporu\u010den\u00e9 pom\u011bry.<\/p>\n<p><strong>Omezen\u00ed:<\/strong><\/p>\n<p>&#8211; Nepou\u017e\u00edvejte na: Plasty, kovy, odlupuj\u00edc\u00ed se n\u00e1t\u011bry barev a nesav\u00e9 materi\u00e1ly.<\/p>\n<p>V\u00fdrobek Baumit UniPrimer je kl\u00ed\u010dov\u00fdm prvkem v procesu p\u0159\u00edpravy podkladu p\u0159ed aplikac\u00ed om\u00edtek, poskytuje optim\u00e1ln\u00ed podm\u00ednky pro jejich trvanlivou a estetickou aplikaci. D\u00edky sv\u00fdm vlastnostem, kter\u00e9 vyrovn\u00e1vaj\u00ed nas\u00e1kavost podkladu a udr\u017euj\u00ed paropropustnost, p\u0159isp\u00edv\u00e1 k dlouhodob\u00e9 ochran\u011b a estetice om\u00edtan\u00fdch povrch\u016f.<\/p>\n","protected":false},"excerpt":{"rendered":"<h4><strong>Technick\u00e1 data:<\/strong><\/h4>\n<h4><strong>Spot\u0159eba:<\/strong> cca 0,2 kg\/m\u00b2 &#8211; 0,4 kg\/m\u00b2 (v praxi spot\u0159eba z\u00e1vis\u00ed na typu podkladu)<\/h4>\n<h4><strong>Doba schnut\u00ed:<\/strong>\u00a0p\u0159ibl. 24 hodin<\/h4>\n<p>&nbsp;<\/p>\n","protected":false},"featured_media":5994,"comment_status":"open","ping_status":"closed","template":"","meta":{"_acf_changed":false},"product_brand":[],"product_cat":[143,933,162,934],"product_tag":[479,471],"class_list":{"0":"post-2100","1":"product","2":"type-product","3":"status-publish","4":"has-post-thumbnail","6":"product_cat-tepelne-izolace","7":"product_cat-zakladni-natery-na-omitky","8":"product_cat-micharna-barev-a-omitek","9":"product_cat-zakladni-natery-na-omitky-cs","10":"product_tag-baumit-silikon-top-cs","11":"product_tag-grunt-cs","12":"pa_bazowy-srodek-wiazacy-spoiwo-akrylowe-i-silikonowe-cs","13":"pa_gestosc-155-kg-dm-cs","14":"pa_kolor-bezbarwny-cs","15":"pa_producent-baumit-cs","16":"pa_zuzycie-ok-02-kg-m-04-kg-m-cs","18":"first","19":"instock","20":"taxable","21":"shipping-taxable","22":"purchasable","23":"product-type-simple"},"acf":[],"_links":{"self":[{"href":"https:\/\/sklep.thepartners.pl\/cs\/wp-json\/wp\/v2\/product\/2100","targetHints":{"allow":["GET"]}}],"collection":[{"href":"https:\/\/sklep.thepartners.pl\/cs\/wp-json\/wp\/v2\/product"}],"about":[{"href":"https:\/\/sklep.thepartners.pl\/cs\/wp-json\/wp\/v2\/types\/product"}],"replies":[{"embeddable":true,"href":"https:\/\/sklep.thepartners.pl\/cs\/wp-json\/wp\/v2\/comments?post=2100"}],"wp:featuredmedia":[{"embeddable":true,"href":"https:\/\/sklep.thepartners.pl\/cs\/wp-json\/wp\/v2\/media\/5994"}],"wp:attachment":[{"href":"https:\/\/sklep.thepartners.pl\/cs\/wp-json\/wp\/v2\/media?parent=2100"}],"wp:term":[{"taxonomy":"product_brand","embeddable":true,"href":"https:\/\/sklep.thepartners.pl\/cs\/wp-json\/wp\/v2\/product_brand?post=2100"},{"taxonomy":"product_cat","embeddable":true,"href":"https:\/\/sklep.thepartners.pl\/cs\/wp-json\/wp\/v2\/product_cat?post=2100"},{"taxonomy":"product_tag","embeddable":true,"href":"https:\/\/sklep.thepartners.pl\/cs\/wp-json\/wp\/v2\/product_tag?post=2100"}],"curies":[{"name":"wp","href":"https:\/\/api.w.org\/{rel}","templated":true}]}}