{"id":2123,"date":"2024-06-27T12:41:11","date_gmt":"2024-06-27T10:41:11","guid":{"rendered":"https:\/\/www.partners.proadax-dev.pl\/p\/grunt-multigrunt-pod-tynki-akrylowe-silikonowe-silikonowo-silikatowe-mozaikowe-i-mineralne-10l\/"},"modified":"2025-09-26T10:54:41","modified_gmt":"2025-09-26T08:54:41","slug":"grunt-multigrunt-pod-tynki-akrylowe-silikonowe-silikonowo-silikatowe-mozaikowe-i-mineralne-10l","status":"publish","type":"product","link":"https:\/\/sklep.thepartners.pl\/cs\/produkt\/grunt-multigrunt-pod-tynki-akrylowe-silikonowe-silikonowo-silikatowe-mozaikowe-i-mineralne-10l\/","title":{"rendered":"B\u00edl\u00fd Sempre Multigrunt 10L \u2013 univerz\u00e1ln\u00ed penetrace pod om\u00edtky"},"content":{"rendered":"<p>Hotov\u00fd z\u00e1kladn\u00ed n\u00e1t\u011br ur\u010den\u00fd na akryl\u00e1tov\u00e9, silikonov\u00e9, silikon-silik\u00e1tov\u00e9, mozaikov\u00e9 a miner\u00e1ln\u00ed om\u00edtky je specializovan\u00fd p\u0159\u00edpravek, kter\u00fd v\u00fdrazn\u011b zlep\u0161uje p\u0159ilnavost a dal\u0161\u00ed vlastnosti povrchu pro om\u00edtky. Jedn\u00e1 se o d\u016fle\u017eit\u00fd prvek v procesu p\u0159\u00edpravy podkladu p\u0159ed nan\u00e1\u0161en\u00edm om\u00edtek, zvl\u00e1\u0161t\u011b d\u016fle\u017eit\u00fd u zateplovac\u00edch syst\u00e9m\u016f budov, jako je SEMPER TERM ST.<\/p>\n<p><strong>Funkce:<\/strong><\/p>\n<p>&#8211; Zvy\u0161uje p\u0159ilnavost: P\u0159ipravuje podklad pro lep\u0161\u00ed p\u0159ilnavost om\u00edtky, co\u017e je kl\u00ed\u010dov\u00e9 pro trvanlivost a stabilitu cel\u00e9ho syst\u00e9mu.<br \/>\n&#8211; Zlep\u0161uje \u00fa\u010dinnost om\u00edtkov\u00e9 hmoty: P\u0159i pou\u017eit\u00ed tohoto z\u00e1kladn\u00edho n\u00e1t\u011bru je pot\u0159eba m\u00e9n\u011b om\u00edtkov\u00e9ho materi\u00e1lu k pokryt\u00ed stejn\u00e9ho povrchu.<br \/>\n&#8211; Omezuje tvorbu zabarven\u00ed: Zabra\u0148uje vzniku nevzhledn\u00fdch zabarven\u00ed na om\u00edtce, kter\u00e9 ovliv\u0148uj\u00ed estetiku povrchov\u00e9 \u00fapravy.<br \/>\n&#8211; Usnad\u0148uje z\u00edsk\u00e1n\u00ed o\u010dek\u00e1van\u00e9 struktury om\u00edtky: Vyrovn\u00e1v\u00e1 savost podkladu, co\u017e usnad\u0148uje z\u00edsk\u00e1n\u00ed rovnom\u011brn\u00e9 struktury a konzistence om\u00edtky.<br \/>\n&#8211; Snadn\u00e1 aplikace: Lze nan\u00e1\u0161et v\u00e1le\u010dkem, \u0161t\u011btcem nebo smet\u00e1kem, co\u017e usnad\u0148uje pou\u017eit\u00ed na r\u016fzn\u00e9 povrchy.<br \/>\n&#8211; Vysok\u00e1 efektivita: Jeho pou\u017eit\u00ed je ekonomick\u00e9, co\u017e se prom\u00edt\u00e1 do finan\u010dn\u00edch v\u00fdhod a efektivity aplika\u010dn\u00edho procesu.<\/p>\n<p><strong>Jak pou\u017e\u00edvat:<\/strong><\/p>\n<p>1. P\u0159\u00edprava povrchu: Podklad mus\u00ed b\u00fdt \u010dist\u00fd, nosn\u00fd, kompaktn\u00ed, rovn\u00fd a odma\u0161t\u011bn\u00fd. Ve\u0161ker\u00e1 uvoln\u011bn\u00e1 zrna, ne\u010distoty a \u0161patn\u011b p\u0159ilnav\u00e9 n\u00e1t\u011bry star\u00fdch om\u00edtek nebo emulzn\u00edch barev d\u016fkladn\u011b odstra\u0148te. Nerovnosti a vady by m\u011bly b\u00fdt vypln\u011bny vhodn\u00fdmi vyrovn\u00e1vac\u00edmi maltami.<\/p>\n<p>2. Z\u00e1rodky pl\u00edsn\u00ed a \u0159as: Plochy napaden\u00e9 pl\u00edsn\u011bmi a \u0159asami by m\u011bly b\u00fdt p\u0159edem dezinfikov\u00e1ny vhodn\u00fdm prost\u0159edkem, nap\u0159. ALGHESILEM.<\/p>\n<p>3. Aplikace: Z\u00e1kladn\u00ed n\u00e1t\u011br by m\u011bl b\u00fdt aplikov\u00e1n jednou \u0161t\u011btcem, v\u00e1le\u010dkem nebo \u0161t\u011btcem. Doporu\u010den\u00e1 teplota p\u0159i aplikaci je od 5 do 25\u00b0C. Nem\u011bl by b\u00fdt pou\u017e\u00edv\u00e1n na slunn\u00fdch ploch\u00e1ch nebo za de\u0161tiv\u00e9ho po\u010das\u00ed.<\/p>\n<p>4. Schnut\u00ed: P\u0159i teplot\u011b 20\u00b0C a relativn\u00ed vlhkosti vzduchu 55% je doba schnut\u00ed n\u00e1t\u011bru cca 3 hodiny. N\u00edzk\u00e1 teplota a vysok\u00e1 vlhkost vzduchu mohou tuto dobu prodlou\u017eit.<\/p>\n<p>5. \u010ci\u0161t\u011bn\u00ed n\u00e1\u0159ad\u00ed: N\u00e1\u0159ad\u00ed je t\u0159eba ihned po pou\u017eit\u00ed o\u010distit vodou.<\/p>\n<p>Z\u00e1kladn\u00ed n\u00e1t\u011br SEMPER TERM ST je kl\u00ed\u010dov\u00fdm prvkem v procesu p\u0159\u00edpravy podkladu p\u0159ed aplikac\u00ed om\u00edtek, zaji\u0161\u0165uje optim\u00e1ln\u00ed p\u0159ilnavost a stabilitu, co\u017e se prom\u00edt\u00e1 do trvanlivosti a estetiky kone\u010dn\u00e9 \u00fapravy budovy.<\/p>\n","protected":false},"excerpt":{"rendered":"<blockquote>\n<h4><strong>Povlak:<\/strong> Matn\u00fd<\/h4>\n<h4><strong>Spot\u0159eba:<\/strong> P\u0159ibl. 0,15 l\/m2 p\u0159i jednom n\u00e1t\u011bru*<\/h4>\n<h4><strong>Schnut\u00ed:<\/strong> cca 3 hodiny p\u0159i 20\u00b0C<\/h4>\n<h4><strong>Teplota zpracov\u00e1n\u00ed a podkladu:<\/strong> +5\u00b0C \u00f7 +25\u00b0C<\/h4>\n<\/blockquote>\n","protected":false},"featured_media":5998,"comment_status":"open","ping_status":"closed","template":"","meta":{"_acf_changed":false},"product_brand":[],"product_cat":[143,933,162,934],"product_tag":[471,490],"class_list":{"0":"post-2123","1":"product","2":"type-product","3":"status-publish","4":"has-post-thumbnail","6":"product_cat-tepelne-izolace","7":"product_cat-zakladni-natery-na-omitky","8":"product_cat-micharna-barev-a-omitek","9":"product_cat-zakladni-natery-na-omitky-cs","10":"product_tag-grunt-cs","11":"product_tag-sempre-cs","12":"pa_gestosc-125-135-g-cm3-cs","13":"pa_pojemnosc-10l-cs","14":"pa_producent-sempre-cs","15":"pa_temperatura-stosowania-od-5oc-do-25oc-cs","16":"pa_zuzycie-ok-015-l-m2-cs","18":"first","19":"instock","20":"taxable","21":"shipping-taxable","22":"purchasable","23":"product-type-simple"},"acf":[],"_links":{"self":[{"href":"https:\/\/sklep.thepartners.pl\/cs\/wp-json\/wp\/v2\/product\/2123","targetHints":{"allow":["GET"]}}],"collection":[{"href":"https:\/\/sklep.thepartners.pl\/cs\/wp-json\/wp\/v2\/product"}],"about":[{"href":"https:\/\/sklep.thepartners.pl\/cs\/wp-json\/wp\/v2\/types\/product"}],"replies":[{"embeddable":true,"href":"https:\/\/sklep.thepartners.pl\/cs\/wp-json\/wp\/v2\/comments?post=2123"}],"wp:featuredmedia":[{"embeddable":true,"href":"https:\/\/sklep.thepartners.pl\/cs\/wp-json\/wp\/v2\/media\/5998"}],"wp:attachment":[{"href":"https:\/\/sklep.thepartners.pl\/cs\/wp-json\/wp\/v2\/media?parent=2123"}],"wp:term":[{"taxonomy":"product_brand","embeddable":true,"href":"https:\/\/sklep.thepartners.pl\/cs\/wp-json\/wp\/v2\/product_brand?post=2123"},{"taxonomy":"product_cat","embeddable":true,"href":"https:\/\/sklep.thepartners.pl\/cs\/wp-json\/wp\/v2\/product_cat?post=2123"},{"taxonomy":"product_tag","embeddable":true,"href":"https:\/\/sklep.thepartners.pl\/cs\/wp-json\/wp\/v2\/product_tag?post=2123"}],"curies":[{"name":"wp","href":"https:\/\/api.w.org\/{rel}","templated":true}]}}