{"id":2313,"date":"2024-06-27T08:42:46","date_gmt":"2024-06-27T06:42:46","guid":{"rendered":"https:\/\/sklep.thepartners.pl\/p\/farba-ceramiczna-bolix-styline-ceramic-strong-hipoalergiczna\/"},"modified":"2025-09-25T14:17:27","modified_gmt":"2025-09-25T12:17:27","slug":"farba-ceramiczna-bolix-styline-ceramic-strong-hipoalergiczna","status":"publish","type":"product","link":"https:\/\/sklep.thepartners.pl\/cs\/produkt\/farba-ceramiczna-bolix-styline-ceramic-strong-hipoalergiczna\/","title":{"rendered":"B\u00cdL\u00c1 Keramick\u00e1 barva Styline Ceramic Strong"},"content":{"rendered":"<p data-start=\"958\" data-end=\"1413\"><strong data-start=\"958\" data-end=\"1000\">Keramick\u00e1 barva Styline Ceramic Strong<\/strong> \u2013 profesion\u00e1ln\u00ed latexovo-keramick\u00e1 barva do interi\u00e9r\u016f, kter\u00e1 spojuje odolnost latexov\u00e9 barvy s v\u00fdjime\u010dnou pevnost\u00ed keramick\u00e9 technologie. Ide\u00e1ln\u00ed pro intenzivn\u011b pou\u017e\u00edvan\u00e9 prostory, jako jsou kuchyn\u011b, koupelny, chodby, kancel\u00e1\u0159e nebo d\u011btsk\u00e9 pokoje. Vytv\u00e1\u0159\u00ed mimo\u0159\u00e1dn\u011b hladk\u00fd, matn\u00fd povrch odoln\u00fd proti myt\u00ed, drhnut\u00ed a skvrn\u00e1m. D\u00edky inovativn\u00ed keramick\u00e9 technologii z\u016fst\u00e1vaj\u00ed povrchy dlouhodob\u011b \u010dist\u00e9 a estetick\u00e9.<\/p>\n<h4 data-start=\"1415\" data-end=\"1437\">V\u00fdhody produktu<\/h4>\n<ul data-start=\"1438\" data-end=\"1728\">\n<li data-start=\"1438\" data-end=\"1488\">\n<p data-start=\"1440\" data-end=\"1488\">Supermatn\u00fd povrch \u2013 elegantn\u00ed a jednotn\u00fd efekt<\/p>\n<\/li>\n<li data-start=\"1489\" data-end=\"1538\">\n<p data-start=\"1491\" data-end=\"1538\">Vysok\u00e1 odolnost proti drhnut\u00ed, myt\u00ed a skvrn\u00e1m<\/p>\n<\/li>\n<li data-start=\"1539\" data-end=\"1575\">\n<p data-start=\"1541\" data-end=\"1575\">V\u00fdborn\u00e1 kryvost a st\u00e1lobarevnost<\/p>\n<\/li>\n<li data-start=\"1576\" data-end=\"1646\">\n<p data-start=\"1578\" data-end=\"1646\">Keramick\u00e1 technologie \u2013 povrch odoln\u00fd proti intenzivn\u00edmu pou\u017e\u00edv\u00e1n\u00ed<\/p>\n<\/li>\n<li data-start=\"1647\" data-end=\"1691\">\n<p data-start=\"1649\" data-end=\"1691\">Ide\u00e1ln\u00ed do obytn\u00fdch i u\u017eitkov\u00fdch prostor<\/p>\n<\/li>\n<li data-start=\"1692\" data-end=\"1728\">\n<p data-start=\"1694\" data-end=\"1728\">Ekologick\u00e9 a n\u00edzkoemisn\u00ed slo\u017een\u00ed<\/p>\n<\/li>\n<\/ul>\n<p data-start=\"1730\" data-end=\"1814\">Styline Ceramic Strong \u2013 trvanliv\u00e1 a odoln\u00e1 keramick\u00e1 barva pro n\u00e1ro\u010dn\u00e9 interi\u00e9ry.<\/p>\n","protected":false},"excerpt":{"rendered":"<div class=\"uncode_text_column\">\n<div class=\"c-pcard__desc-title hide-phone\">\n<blockquote>\n<h4><strong>Odolnost proti mokr\u00e9mu drhnut\u00ed t\u0159\u00eddy 1,<\/strong><\/h4>\n<h4><strong>Obsahuje keramick\u00e1 plniva,<\/strong><\/h4>\n<h4><strong>Vysok\u00e1 kryc\u00ed schopnost \u2013 t\u0159\u00edda 1,<\/strong><\/h4>\n<h4><strong>matn\u00fd,<\/strong><\/h4>\n<h4><strong>Vysok\u00e1 \u00fa\u010dinnost \u2013 a\u017e 16 m2 z 1 litru barvy<\/strong><\/h4>\n<h4><strong>\u017d\u00e1dn\u00fd rozmaz\u00e1vac\u00ed efekt<\/strong><\/h4>\n<h4><strong>Barva je hypoalergenn\u00ed a ekologick\u00e1, m\u00e1 certifik\u00e1t PZH a spl\u0148uje normu VOC,<\/strong><\/h4>\n<h4><strong>St\u00e1l\u00e1 b\u00edl\u00e1.<\/strong><\/h4>\n<\/blockquote>\n<\/div>\n<\/div>\n","protected":false},"featured_media":2102,"comment_status":"open","ping_status":"closed","template":"","meta":{"_acf_changed":false},"product_brand":[],"product_cat":[162,168,921],"product_tag":[],"class_list":{"0":"post-2313","1":"product","2":"type-product","3":"status-publish","4":"has-post-thumbnail","6":"product_cat-micharna-barev-a-omitek","7":"product_cat-interierove-barvy","8":"product_cat-bile-barvy","9":"product_shipping_class-transport-the-partners-cs","10":"pa_bazowy-srodek-wiazacy-akrylova-disperze","11":"pa_darmowa-dostawa-ano","12":"pa_gestosc-13g-cm3-cs","13":"pa_pojemnosc-10l-cs","14":"pa_pojemnosc-3l-cs","15":"pa_producent-bolix-cs-2","16":"pa_wydajnosc-az-16-m-l-v-jedne-vrstve","18":"first","19":"instock","20":"taxable","21":"shipping-taxable","22":"purchasable","23":"product-type-variable"},"acf":[],"_links":{"self":[{"href":"https:\/\/sklep.thepartners.pl\/cs\/wp-json\/wp\/v2\/product\/2313","targetHints":{"allow":["GET"]}}],"collection":[{"href":"https:\/\/sklep.thepartners.pl\/cs\/wp-json\/wp\/v2\/product"}],"about":[{"href":"https:\/\/sklep.thepartners.pl\/cs\/wp-json\/wp\/v2\/types\/product"}],"replies":[{"embeddable":true,"href":"https:\/\/sklep.thepartners.pl\/cs\/wp-json\/wp\/v2\/comments?post=2313"}],"wp:featuredmedia":[{"embeddable":true,"href":"https:\/\/sklep.thepartners.pl\/cs\/wp-json\/wp\/v2\/media\/2102"}],"wp:attachment":[{"href":"https:\/\/sklep.thepartners.pl\/cs\/wp-json\/wp\/v2\/media?parent=2313"}],"wp:term":[{"taxonomy":"product_brand","embeddable":true,"href":"https:\/\/sklep.thepartners.pl\/cs\/wp-json\/wp\/v2\/product_brand?post=2313"},{"taxonomy":"product_cat","embeddable":true,"href":"https:\/\/sklep.thepartners.pl\/cs\/wp-json\/wp\/v2\/product_cat?post=2313"},{"taxonomy":"product_tag","embeddable":true,"href":"https:\/\/sklep.thepartners.pl\/cs\/wp-json\/wp\/v2\/product_tag?post=2313"}],"curies":[{"name":"wp","href":"https:\/\/api.w.org\/{rel}","templated":true}]}}