{"id":2321,"date":"2024-06-25T10:15:36","date_gmt":"2024-06-25T08:15:36","guid":{"rendered":"https:\/\/sklep.thepartners.pl\/p\/olej-do-drewna-styline-palisander\/"},"modified":"2024-10-01T10:07:16","modified_gmt":"2024-10-01T08:07:16","slug":"olej-do-drewna-styline-palisander","status":"publish","type":"product","link":"https:\/\/sklep.thepartners.pl\/cs\/produkt\/olej-do-drewna-styline-palisander\/","title":{"rendered":"D\u0158EV\u011aN\u00dd OLEJ STYLINE PALISANDER"},"content":{"rendered":"<p>Poznejte modern\u00ed olej na d\u0159evo Styline Palisander &#8211; dokonal\u00e9 \u0159e\u0161en\u00ed pro \u00fadr\u017ebu a dekorativn\u00ed n\u00e1t\u011bry d\u0159eva. N\u00e1\u0161 olej na d\u0159evo 3v1 je unik\u00e1tn\u00ed produkt na b\u00e1zi vybran\u00fdch p\u0159\u00edrodn\u00edch olej\u016f, jako je ln\u011bn\u00fd a tungov\u00fd olej, obohacen\u00fd o transparentn\u00ed pigmenty. Je v\u011bnov\u00e1n jak exotick\u00e9mu d\u0159evu, tak p\u0159ekli\u017ece, nab\u00edz\u00ed \u00fa\u010dinnou ochranu a kr\u00e1sn\u00fd vzhled.<\/p>\n<p><strong>V\u00fdhody Styline Teakov\u00e9ho oleje na d\u0159evo<\/strong><\/p>\n<p><strong>1. Ochrana proti pov\u011btrnostn\u00edm vliv\u016fm:<\/strong><br \/>\nOlej na d\u0159evo Styline Teak \u00fa\u010dinn\u011b chr\u00e1n\u00ed d\u0159evo p\u0159ed \u0161kodliv\u00fdmi vlivy pov\u011btrnostn\u00edch vliv\u016f, jako je d\u00e9\u0161\u0165, sn\u00edh nebo UV z\u00e1\u0159en\u00ed.<\/p>\n<p><strong>2. Ochrann\u00fd n\u00e1t\u011br proti houb\u00e1m a \u0159as\u00e1m:<\/strong><br \/>\nVytv\u00e1\u0159\u00ed odolnou ochrannou bari\u00e9ru, kter\u00e1 zabra\u0148uje r\u016fstu pl\u00edsn\u00ed a \u0159as a prodlu\u017euje \u017eivotnost d\u0159eva.<\/p>\n<p><strong>3. Zv\u00fdrazn\u011bn\u00ed p\u0159irozen\u00e9 kr\u00e1sy:<\/strong><br \/>\nZv\u00fdraz\u0148uje dekorativn\u00ed hodnoty lakovan\u00e9ho d\u0159eva, zv\u00fdraz\u0148uje jeho p\u0159irozenou kr\u00e1su a dod\u00e1v\u00e1 mu elegantn\u00ed vzhled.<\/p>\n<p>Aplikace Styline Teak Wood Oil<\/p>\n<p><strong>N\u00e1\u0161 olej na d\u0159evo 3v1 je ide\u00e1ln\u00ed pro r\u016fzn\u00e9 aplikace, jako jsou:<\/strong><\/p>\n<ul>\n<li>D\u0159ev\u011bn\u00e9 konstruk\u010dn\u00ed prvky,<\/li>\n<li>Pergoly, ploty a ploty,<\/li>\n<li>Terasov\u00e1 prkna a tr\u00e1my,<\/li>\n<li>Balustr\u00e1dy a z\u00e1bradl\u00ed,<\/li>\n<li>Mola nad vodou,<\/li>\n<li>Podhledy, p\u0159evisy, oblo\u017een\u00ed,<\/li>\n<li>Zahradn\u00ed n\u00e1bytek z masivu.<\/li>\n<\/ul>\n<p>Volbou Styline Teak Wood Oil 3v1 investujete do produktu, kter\u00fd d\u0159evo nejen ochr\u00e1n\u00ed, ale tak\u00e9 podtrhne jeho p\u0159irozenou kr\u00e1su, zajist\u00ed odolnost a estetick\u00fd vzhled po mnoho let.<\/p>\n","protected":false},"excerpt":{"rendered":"<blockquote><p><strong>Pronik\u00e1 do hloubky a posiluje strukturu d\u0159eva,<\/strong><\/p>\n<p><strong>Snadn\u00e1 aplikace,<\/strong><\/p>\n<p><strong>Neodlupuje se<\/strong><\/p>\n<p><strong>\u00da\u010dinnost a\u017e 20 m2\/l<\/strong><\/p>\n<p><strong>Nevy\u017eaduje z\u00e1kladn\u00ed n\u00e1t\u011br<\/strong><\/p>\n<p><strong>Chr\u00e1n\u00ed d\u0159evo p\u0159ed pov\u011btrnostn\u00edmi vlivy a UV z\u00e1\u0159en\u00edm,<\/strong><\/p>\n<p><strong>\u00dapln\u011b such\u00e9 po 48 hodin\u00e1ch<\/strong><\/p>\n<p><strong>Druh\u00e1 vrstva po 15 minut\u00e1ch<\/strong><\/p><\/blockquote>\n","protected":false},"featured_media":6077,"comment_status":"open","ping_status":"closed","template":"","meta":{"_acf_changed":false},"product_brand":[],"product_cat":[163,166],"product_tag":[],"class_list":{"0":"post-2321","1":"product","2":"type-product","3":"status-publish","4":"has-post-thumbnail","6":"product_cat-barvy-na-drevo","7":"product_cat-impregnacni-oleje","8":"pa_bazowy-srodek-wiazacy-olej-tungowy-w-olej-lniany-2-cs","9":"pa_gestosc-09-g-cm3-2-cs","10":"pa_pojemnosc-09-l-cs","11":"pa_pojemnosc-27-l-cs","12":"pa_producent-bolix-cs-2","13":"pa_wydajnosc-20m2-l-2-cs","15":"first","16":"instock","17":"taxable","18":"shipping-taxable","19":"purchasable","20":"product-type-variable"},"acf":[],"_links":{"self":[{"href":"https:\/\/sklep.thepartners.pl\/cs\/wp-json\/wp\/v2\/product\/2321","targetHints":{"allow":["GET"]}}],"collection":[{"href":"https:\/\/sklep.thepartners.pl\/cs\/wp-json\/wp\/v2\/product"}],"about":[{"href":"https:\/\/sklep.thepartners.pl\/cs\/wp-json\/wp\/v2\/types\/product"}],"replies":[{"embeddable":true,"href":"https:\/\/sklep.thepartners.pl\/cs\/wp-json\/wp\/v2\/comments?post=2321"}],"wp:featuredmedia":[{"embeddable":true,"href":"https:\/\/sklep.thepartners.pl\/cs\/wp-json\/wp\/v2\/media\/6077"}],"wp:attachment":[{"href":"https:\/\/sklep.thepartners.pl\/cs\/wp-json\/wp\/v2\/media?parent=2321"}],"wp:term":[{"taxonomy":"product_brand","embeddable":true,"href":"https:\/\/sklep.thepartners.pl\/cs\/wp-json\/wp\/v2\/product_brand?post=2321"},{"taxonomy":"product_cat","embeddable":true,"href":"https:\/\/sklep.thepartners.pl\/cs\/wp-json\/wp\/v2\/product_cat?post=2321"},{"taxonomy":"product_tag","embeddable":true,"href":"https:\/\/sklep.thepartners.pl\/cs\/wp-json\/wp\/v2\/product_tag?post=2321"}],"curies":[{"name":"wp","href":"https:\/\/api.w.org\/{rel}","templated":true}]}}