{"id":2407,"date":"2024-07-03T14:00:40","date_gmt":"2024-07-03T12:00:40","guid":{"rendered":"https:\/\/sklep.thepartners.pl\/p\/hydroizolacja-dwuskladnikowa-izomass-2-k-f\/"},"modified":"2024-10-01T11:47:43","modified_gmt":"2024-10-01T09:47:43","slug":"hydroizolacja-dwuskladnikowa-izomass-2-k-f","status":"publish","type":"product","link":"https:\/\/sklep.thepartners.pl\/cs\/produkt\/hydroizolacja-dwuskladnikowa-izomass-2-k-f\/","title":{"rendered":"Hydroizolace Dvouslo\u017ekov\u00e1 Izomass 2K F"},"content":{"rendered":"<p>IZOMASS 2K F je pru\u017en\u00e1 polymercementov\u00e1 hmota, kter\u00e1 se pou\u017e\u00edv\u00e1 p\u0159edev\u0161\u00edm jako hydroizola\u010dn\u00ed vrstva v baz\u00e9nech, jez\u00edrk\u00e1ch, vodn\u00edch n\u00e1dr\u017e\u00edch a font\u00e1n\u00e1ch. Nab\u00edz\u00ed vysokou odolnost proti tlakov\u00e9 vod\u011b (a\u017e 15 metr\u016f vodn\u00edho sloupce) a vyzna\u010duje se vysokou flexibilitou, d\u00edky kter\u00e9 dokonale p\u0159ilne k r\u016fzn\u00fdm stavebn\u00edm materi\u00e1l\u016fm, jako je beton, s\u00ed\u0165ovan\u00fd beton, kab\u0159ince a dal\u0161\u00ed cihly odoln\u00e9 proti vlhkosti.<\/p>\n<p><strong>Aplikace:<\/strong><\/p>\n<p>&#8211; Druhy povrch\u016f: Beton, s\u00ed\u0165ovan\u00fd beton, kab\u0159ince, ostatn\u00ed cihly odoln\u00e9 proti vlhkosti, hotov\u00e9 formy.<br \/>\n&#8211; Pou\u017eit\u00ed: Baz\u00e9ny, jez\u00edrka, vodn\u00ed n\u00e1dr\u017ee, font\u00e1ny.<\/p>\n<p><strong>P\u0159\u00edprava podkladu:<\/strong><\/p>\n<p>P\u0159ed aplikac\u00ed IZOMASS 2K F se ujist\u011bte, \u017ee podklad je:<\/p>\n<p>&#8211; Stabiln\u00ed<br \/>\n&#8211; Rovnat se<br \/>\n&#8211; Nosn\u00e9<br \/>\n&#8211; Such\u00e9<br \/>\n&#8211; Spr\u00e1vn\u011b ko\u0159en\u011bn\u00e9<\/p>\n<p>Podklad je tak\u00e9 nutn\u00e9 o\u010distit od v\u0161ech ne\u010distot, jako je prach, \u0161p\u00edna, mastnota, olej, vosk, zbytky olejov\u00fdch a emulzn\u00edch barev, soln\u00e9 v\u00fdkv\u011bty a dal\u0161\u00ed l\u00e1tky, kter\u00e9 mohou oslabit p\u0159ilnavost p\u0159\u00edpravku. Aplikace na vlhk\u00fd podklad m\u016f\u017ee prodlou\u017eit dobu tuhnut\u00ed materi\u00e1lu.<\/p>\n<p><strong>Jak pou\u017e\u00edvat:<\/strong><\/p>\n<p>1. M\u00edch\u00e1n\u00ed: Slo\u017eky A a B d\u016fkladn\u011b prom\u00edchejte, sypkou \u010d\u00e1st p\u0159idejte k tekut\u00e9 \u010d\u00e1sti. M\u00edchejte pomoc\u00ed n\u00edzkoot\u00e1\u010dkov\u00e9ho mix\u00e9ru asi 5 minut, dokud nevznikne homogenn\u00ed hmota.<\/p>\n<p>2. Aplikace: Hmotu nan\u00e1\u0161ejte na p\u0159ipraven\u00fd podklad ve t\u0159ech vrstv\u00e1ch. Prvn\u00ed vrstva by m\u011bla b\u00fdt aplikov\u00e1na \u0161t\u011btcem nebo \u0161t\u011btcem, p\u0159i\u010dem\u017e se sna\u017ete d\u016fkladn\u011b vtla\u010dit do podkladu. Ka\u017ed\u00e1 vrstva by m\u011bla schnout p\u0159ibli\u017en\u011b 3-4 hodiny (p\u0159i 23\u00b0C \u00b1 2\u00b0C a 55-60% relativn\u00ed vlhkosti) p\u0159ed aplikac\u00ed dal\u0161\u00ed vrstvy.<\/p>\n<p>3. Zaji\u0161t\u011bn\u00ed mezer: V m\u00edstech zvl\u00e1\u0161t\u011b vystaven\u00fdch vlhkosti, jako jsou mezery a rohy, se doporu\u010duje pou\u017e\u00edt p\u00e1sky TAPEMIX nebo TAPEMIX PLUS, kter\u00e9 by m\u011bly b\u00fdt zapu\u0161t\u011bny do \u010derstv\u011b nanesen\u00e9 hmoty.<\/p>\n<p>4. Tlou\u0161\u0165ka vrstvy: Tlou\u0161\u0165ka jedn\u00e9 vrstvy by nem\u011bla p\u0159es\u00e1hnout 1 mm. Kone\u010dn\u00e1 tlou\u0161\u0165ka v\u00fdsledn\u00e9ho n\u00e1t\u011bru by m\u011bla b\u00fdt minim\u00e1ln\u011b 3 mm.<\/p>\n<p>5. Skladov\u00e1n\u00ed a p\u0159eprava: V\u00fdrobek skladujte a p\u0159epravujte na such\u00e9m a stinn\u00e9m m\u00edst\u011b v origin\u00e1ln\u00edch, t\u011bsn\u011b uzav\u0159en\u00fdch obalech, p\u0159i teplot\u00e1ch od +5\u00b0C do +25\u00b0C.<\/p>\n<p><strong>M\u00edt na sob\u011b:<\/strong><\/p>\n<p>&#8211; Pr\u016fm\u011brn\u00e1 spot\u0159eba: 1,5 kg na 1 m\u00b2 izolovan\u00e9 plochy p\u0159i tlou\u0161\u0165ce vrstvy 1 mm.<br \/>\n&#8211; Pro hotov\u00fd n\u00e1t\u011br o tlou\u0161\u0165ce 3 mm: 4,5 kg na 1 m\u00b2.<\/p>\n<p><strong>Koment\u00e1\u0159e:<\/strong><\/p>\n<p>&#8211; Technologick\u00fd postup: Vzhledem k technologick\u00e9mu postupu a obsahu cementu mohou b\u00fdt mezi balen\u00edmi rozd\u00edly v odst\u00ednu. V\u00fdrobek je hydroizola\u010dn\u00ed materi\u00e1l, nikoli dekorativn\u00ed. Nerovnom\u011brn\u00e1 barva po zaschnut\u00ed nen\u00ed vadou v\u00fdrobku a nepodl\u00e9h\u00e1 reklamaci.<\/p>\n<p>IZOMASS 2K F je efektivn\u00ed \u0159e\u0161en\u00ed ochrany proti vlhkosti a vod\u011b v za\u0159\u00edzen\u00edch, jako jsou baz\u00e9ny a font\u00e1ny, poskytuj\u00edc\u00ed trvalou ochranu a vysokou flexibilitu hydroizola\u010dn\u00edho n\u00e1t\u011bru.<\/p>\n","protected":false},"excerpt":{"rendered":"<blockquote><p><strong>Aplikace:<\/strong><\/p>\n<p><strong>Rybn\u00edky<\/strong><\/p>\n<p><strong>Baz\u00e9ny<\/strong><\/p>\n<p><strong>N\u00e1dr\u017ee na vodu<\/strong><\/p>\n<p><strong>Font\u00e1ny<\/strong><\/p><\/blockquote>\n","protected":false},"featured_media":6013,"comment_status":"open","ping_status":"closed","template":"","meta":{"_acf_changed":false},"product_brand":[],"product_cat":[137,583],"product_tag":[584,565,585],"class_list":{"0":"post-2407","1":"product","2":"type-product","3":"status-publish","4":"has-post-thumbnail","6":"product_cat-stavebni-chemie","7":"product_cat-hydroizolace","8":"product_tag-hydroizolacja-cs","9":"product_tag-jurga-cs","10":"product_tag-izomass-cs","11":"pa_darmowa-dostawa-ano","12":"pa_kolor-niebieski-cs","13":"pa_okres-przydatnosci-12-miesiecy-od-daty-produkcji-umieszczonej-na-opakowaniu-cs","14":"pa_producent-jurga-cs","16":"first","17":"instock","18":"sale","19":"taxable","20":"shipping-taxable","21":"purchasable","22":"product-type-variable"},"acf":[],"_links":{"self":[{"href":"https:\/\/sklep.thepartners.pl\/cs\/wp-json\/wp\/v2\/product\/2407","targetHints":{"allow":["GET"]}}],"collection":[{"href":"https:\/\/sklep.thepartners.pl\/cs\/wp-json\/wp\/v2\/product"}],"about":[{"href":"https:\/\/sklep.thepartners.pl\/cs\/wp-json\/wp\/v2\/types\/product"}],"replies":[{"embeddable":true,"href":"https:\/\/sklep.thepartners.pl\/cs\/wp-json\/wp\/v2\/comments?post=2407"}],"wp:featuredmedia":[{"embeddable":true,"href":"https:\/\/sklep.thepartners.pl\/cs\/wp-json\/wp\/v2\/media\/6013"}],"wp:attachment":[{"href":"https:\/\/sklep.thepartners.pl\/cs\/wp-json\/wp\/v2\/media?parent=2407"}],"wp:term":[{"taxonomy":"product_brand","embeddable":true,"href":"https:\/\/sklep.thepartners.pl\/cs\/wp-json\/wp\/v2\/product_brand?post=2407"},{"taxonomy":"product_cat","embeddable":true,"href":"https:\/\/sklep.thepartners.pl\/cs\/wp-json\/wp\/v2\/product_cat?post=2407"},{"taxonomy":"product_tag","embeddable":true,"href":"https:\/\/sklep.thepartners.pl\/cs\/wp-json\/wp\/v2\/product_tag?post=2407"}],"curies":[{"name":"wp","href":"https:\/\/api.w.org\/{rel}","templated":true}]}}