{"id":2450,"date":"2024-07-04T08:23:12","date_gmt":"2024-07-04T06:23:12","guid":{"rendered":"https:\/\/sklep.thepartners.pl\/?post_type=product&#038;p=2450"},"modified":"2025-05-27T12:16:07","modified_gmt":"2025-05-27T10:16:07","slug":"tekuty-papa-4kg-jurga-hnedy-kopia","status":"publish","type":"product","link":"https:\/\/sklep.thepartners.pl\/cs\/produkt\/tekuty-papa-4kg-jurga-hnedy-kopia\/","title":{"rendered":"Tekut\u00e1 lepenka JURGA 4 kg \u2013 \u010cern\u00e1"},"content":{"rendered":"<p>Tekut\u00e1 st\u0159e\u0161n\u00ed lepenka je v\u0161estrann\u00fd produkt, kter\u00fd se pou\u017e\u00edv\u00e1 p\u0159i renovaci r\u016fzn\u00fdch povrch\u016f, jako jsou st\u011bny, st\u0159echy, ploty a prvky zahradn\u00ed architektury, jako jsou alt\u00e1ny nebo p\u0159\u00edst\u0159e\u0161ky. Vyzna\u010duje se v\u00fdbornou p\u0159ilnavost\u00ed k r\u016fzn\u00fdm materi\u00e1l\u016fm, v\u010detn\u011b betonu, om\u00edtky, st\u0159e\u0161n\u00ed lepenky, trap\u00e9zov\u00e9ho plechu, azbestu, plechov\u00fdch ta\u0161ek, cementov\u00fdch a keramick\u00fdch st\u0159e\u0161n\u00edch ta\u0161ek, ale i d\u0159eva a pozinkovan\u00e9ho plechu. Tento produkt nejen chr\u00e1n\u00ed povrchy p\u0159ed vodou, UV z\u00e1\u0159en\u00edm a mrazem, ale m\u00e1 tak\u00e9 dekorativn\u00ed vlastnosti a je dostupn\u00fd v r\u016fzn\u00fdch barv\u00e1ch.<\/p>\n<p><strong>V\u00fdhody a vlastnosti:<\/strong><br \/>\n&#8211; Univerz\u00e1lnost: Lze pou\u017e\u00edt na mnoho povrch\u016f, co\u017e z n\u011bj d\u011bl\u00e1 ide\u00e1ln\u00ed \u0159e\u0161en\u00ed pro bytovou a zahradn\u00ed v\u00fdstavbu.<br \/>\n&#8211; Bezpe\u010dn\u00e9 slo\u017een\u00ed: Bez rozpou\u0161t\u011bdel, co\u017e sni\u017euje \u0161kodlivost pro \u017eivotn\u00ed prost\u0159ed\u00ed a zdrav\u00ed.<br \/>\n&#8211; Rychl\u00e9 schnut\u00ed: Pr\u016fm\u011brn\u00e1 doba schnut\u00ed je 2-3 hodiny p\u0159i 20\u00b0C, co\u017e minimalizuje prostoje.<br \/>\n&#8211; \u00dapln\u00e9 vytvrzen\u00ed: Nast\u00e1v\u00e1 po 12-24 hodin\u00e1ch v z\u00e1vislosti na vn\u011bj\u0161\u00edch podm\u00ednk\u00e1ch.<br \/>\n&#8211; Vysok\u00e1 flexibilita a p\u0159ilnavost: Poskytuje dobrou odolnost v\u016f\u010di pov\u011btrnostn\u00edm podm\u00ednk\u00e1m a schopnost p\u0159emos\u0165ovat trhliny.<br \/>\n&#8211; Kryc\u00ed vlastnosti: D\u00edky dobr\u00e9 kryc\u00ed schopnosti je aplikace jednodu\u0161\u0161\u00ed a efektivn\u011bj\u0161\u00ed.<\/p>\n<p><strong>Aplikace:<\/strong><br \/>\nTekut\u00fd papa je ide\u00e1ln\u00ed pro:<br \/>\n&#8211; St\u0159echy: Poskytov\u00e1n\u00ed vodot\u011bsn\u00e9ho n\u00e1t\u011bru, kter\u00fd chr\u00e1n\u00ed p\u0159ed zat\u00e9k\u00e1n\u00edm a pov\u011btrnostn\u00edmi vlivy.<br \/>\n&#8211; St\u011bny: Chr\u00e1n\u00ed p\u0159ed vlhkost\u00ed a zlep\u0161uje vn\u011bj\u0161\u00ed estetiku.<br \/>\n&#8211; Prvky zahradn\u00ed architektury: Jako alt\u00e1ny, domy, p\u0159\u00edst\u0159e\u0161ky, kter\u00e9 je chr\u00e1n\u00ed p\u0159ed negativn\u00edmi pov\u011btrnostn\u00edmi vlivy.<\/p>\n<p><strong>Jak pou\u017e\u00edvat:<\/strong><br \/>\n1. P\u0159\u00edprava povrchu: Podklad o\u010distit, odmastit, vyrovnat a vysu\u0161it. Sav\u00e9 povrchy p\u0159ed aplikac\u00ed napenetrujte.<br \/>\n2. M\u00edch\u00e1n\u00ed: P\u0159ed pou\u017eit\u00edm tekutou pls\u0165 d\u016fkladn\u011b prom\u00edchejte, abyste z\u00edskali jednotnou konzistenci.<br \/>\n3. Aplikace: Lze pou\u017e\u00edt \u0161t\u011btcem, v\u00e1le\u010dkem nebo sprejem. Naneste alespo\u0148 2 vrstvy (min. 1 mm siln\u00e9), ka\u017edou vrstvu nechte p\u0159ed aplikac\u00ed dal\u0161\u00ed zaschnout.<br \/>\n4. Podm\u00ednky aplikace: Teplota by m\u011bla b\u00fdt od +10\u00b0C do +25\u00b0C. Vyhn\u011bte se aplikaci p\u0159i nadm\u011brn\u00e9m slunci, n\u00edzk\u00fdch teplot\u00e1ch a de\u0161ti.<br \/>\n5. Zdrav\u00ed a bezpe\u010dnost: Pou\u017e\u00edvejte vhodn\u00e9 osobn\u00ed ochrann\u00e9 prost\u0159edky, jako jsou rukavice, ochrann\u00e9 br\u00fdle a pracovn\u00ed od\u011bv.<\/p>\n<p>Tekut\u00e1 st\u0159e\u0161n\u00ed lepenka je efektivn\u00edm \u0159e\u0161en\u00edm pro ochranu a renovaci r\u016fzn\u00fdch povrch\u016f, zaji\u0161\u0165uj\u00edc\u00ed vysokou odolnost v\u016f\u010di pov\u011btrnostn\u00edm vliv\u016fm a estetick\u00fd vzhled.<\/p>\n","protected":false},"excerpt":{"rendered":"<blockquote><p><strong>Na st\u0159e\u0161n\u00ed lepenku, bitumenov\u00e9 \u0161indele, beton, plech, d\u0159evo a st\u0159e\u0161n\u00ed ta\u0161ky<\/strong><\/p>\n<p><strong>Mrazuvzdorn\u00e1 a vod\u011bodoln\u00e1<\/strong><\/p>\n<p><strong>Dokonale kryje a izoluje<\/strong><\/p>\n<p><strong>Maskuje a ut\u011bs\u0148uje \u010d\u00e1ry a praskliny<\/strong><\/p>\n<p><strong>Neobsahuje \u017e\u00e1dn\u00e1 rozpou\u0161t\u011bdla<\/strong><\/p>\n<p><strong>4 kg v\u00fdrobku vysta\u010d\u00ed p\u0159ibli\u017en\u011b na 10 m2<\/strong><\/p><\/blockquote>\n","protected":false},"featured_media":6026,"comment_status":"open","ping_status":"closed","template":"","meta":{"_acf_changed":false},"product_brand":[],"product_cat":[137,583],"product_tag":[],"class_list":{"0":"post-2450","1":"product","2":"type-product","3":"status-publish","4":"has-post-thumbnail","6":"product_cat-stavebni-chemie","7":"product_cat-hydroizolace","8":"product_shipping_class-kurier-cs","9":"pa_bazowy-srodek-wiazacy-akrylova-disperze","10":"pa_darmowa-dostawa-ano","11":"pa_gestosc-ok-136-g-cm-cs","12":"pa_kolor-cerna","13":"pa_okres-przydatnosci-12-miesiecy-od-daty-produkcji-umieszczonej-na-opakowaniu-cs","14":"pa_producent-jurga-cs","15":"pa_temperatura-stosowania-10c-do-25c-cs","16":"pa_zuzycie-04-08-kg-na-1m-cs","18":"first","19":"instock","20":"taxable","21":"shipping-taxable","22":"purchasable","23":"product-type-simple"},"acf":[],"_links":{"self":[{"href":"https:\/\/sklep.thepartners.pl\/cs\/wp-json\/wp\/v2\/product\/2450","targetHints":{"allow":["GET"]}}],"collection":[{"href":"https:\/\/sklep.thepartners.pl\/cs\/wp-json\/wp\/v2\/product"}],"about":[{"href":"https:\/\/sklep.thepartners.pl\/cs\/wp-json\/wp\/v2\/types\/product"}],"replies":[{"embeddable":true,"href":"https:\/\/sklep.thepartners.pl\/cs\/wp-json\/wp\/v2\/comments?post=2450"}],"wp:featuredmedia":[{"embeddable":true,"href":"https:\/\/sklep.thepartners.pl\/cs\/wp-json\/wp\/v2\/media\/6026"}],"wp:attachment":[{"href":"https:\/\/sklep.thepartners.pl\/cs\/wp-json\/wp\/v2\/media?parent=2450"}],"wp:term":[{"taxonomy":"product_brand","embeddable":true,"href":"https:\/\/sklep.thepartners.pl\/cs\/wp-json\/wp\/v2\/product_brand?post=2450"},{"taxonomy":"product_cat","embeddable":true,"href":"https:\/\/sklep.thepartners.pl\/cs\/wp-json\/wp\/v2\/product_cat?post=2450"},{"taxonomy":"product_tag","embeddable":true,"href":"https:\/\/sklep.thepartners.pl\/cs\/wp-json\/wp\/v2\/product_tag?post=2450"}],"curies":[{"name":"wp","href":"https:\/\/api.w.org\/{rel}","templated":true}]}}