{"id":2472,"date":"2024-07-04T10:41:58","date_gmt":"2024-07-04T08:41:58","guid":{"rendered":"https:\/\/sklep.thepartners.pl\/p\/plastyfikator-admix-liquid-5l-jurga\/"},"modified":"2025-04-14T12:12:33","modified_gmt":"2025-04-14T10:12:33","slug":"plastyfikator-admix-liquid-5l-jurga","status":"publish","type":"product","link":"https:\/\/sklep.thepartners.pl\/cs\/produkt\/plastyfikator-admix-liquid-5l-jurga\/","title":{"rendered":"Plastifik\u00e1tor Admix Liquid 5L JURGA"},"content":{"rendered":"<p>ADMIX LIQUID je tekut\u00e1 p\u0159\u00edsada p\u0159ipraven\u00e1 k pou\u017eit\u00ed, kter\u00e1 m\u00e1 plastifika\u010dn\u00ed a provzdu\u0161\u0148ovac\u00ed funkce do zdic\u00edch a om\u00edtkov\u00fdch malt. Zaji\u0161\u0165uje snadn\u011bj\u0161\u00ed nan\u00e1\u0161en\u00ed a tvorbu malty na st\u011bn\u00e1ch a zvy\u0161uje jej\u00ed jednotnost, lepivost a p\u0159ilnavost k podkladu. P\u0159\u00edsada nest\u00e9k\u00e1 z povrchu, co\u017e pom\u00e1h\u00e1 udr\u017eovat stabilitu nan\u00e1\u0161en\u00e9 malty. Omezuje tak\u00e9 tvorbu v\u00fdkv\u011bt\u016f na om\u00edtan\u00fdch a zd\u011bn\u00fdch prvc\u00edch.<\/p>\n<p><strong>V\u00fdhody a vlastnosti:<\/strong><br \/>\n&#8211; Plastifikuje a provzdu\u0161\u0148uje: Zlep\u0161uje zpracovatelnost malty, zv\u011bt\u0161uje jej\u00ed objem a odolnost v\u016f\u010di n\u00edzk\u00fdm teplot\u00e1m.<br \/>\n&#8211; Zvy\u0161uje lepivost a p\u0159ilnavost: Poskytuje lep\u0161\u00ed p\u0159ilnavost hotov\u00e9 malty k podkladu.<br \/>\n&#8211; Sni\u017euje spot\u0159ebu z\u00e1m\u011bsov\u00e9 vody: Sni\u017euje pot\u0159ebu z\u00e1m\u011bsov\u00e9 vody, co\u017e zlep\u0161uje mechanick\u00e9 vlastnosti malty.<br \/>\n&#8211; Univerz\u00e1ln\u00ed pou\u017eit\u00ed: Lze pou\u017e\u00edt se v\u0161emi standardn\u00edmi cementy.<br \/>\n&#8211; Bez chlorid\u016f: Nekoroduje kovov\u00e9 prvky.<\/p>\n<p><strong>Aplikace<\/strong>:<br \/>\nADMIX LIQUID je ur\u010den pro pou\u017eit\u00ed do zdic\u00edch a om\u00edtkov\u00fdch malt pro zlep\u0161en\u00ed jejich vlastnost\u00ed. Vhodn\u00e9 pro v\u0161echny typy standardn\u00edch cement\u016f. Ide\u00e1ln\u00ed pro:<br \/>\n&#8211; Zdivo: pro stavbu cihel, blok\u016f, kamen\u016f.<br \/>\n&#8211; Om\u00edt\u00e1n\u00ed: pro om\u00edt\u00e1n\u00ed vn\u011bj\u0161\u00edch a vnit\u0159n\u00edch st\u011bn.<br \/>\n&#8211; Jin\u00e9 stavebn\u00ed aplikace, kde je vy\u017eadov\u00e1na vysok\u00e1 kvalita a trvanlivost malt.<\/p>\n<p><strong>Jak pou\u017e\u00edvat:<\/strong><br \/>\n1. D\u00e1vkov\u00e1n\u00ed: D\u00e1vkujte sou\u010dasn\u011b se z\u00e1m\u011bsovou vodou v mno\u017estv\u00ed od 0,3 % do 0,4 % vzta\u017eeno na hmotnost cementu (tj. cca 75 &#8211; 100 ml na 25 kg cementu).<br \/>\n2. M\u00edch\u00e1n\u00ed: P\u0159ed p\u0159id\u00e1n\u00edm k such\u00fdm p\u0159\u00edsad\u00e1m (cement, p\u00edsek, voda) je t\u0159eba sm\u011bs d\u016fkladn\u011b prom\u00edchat se z\u00e1m\u011bsovou vodou.<br \/>\n3. Technologick\u00e1 zkou\u0161ka: Vzhledem k rozd\u00edl\u016fm v typech cementu se doporu\u010duje prov\u00e9st technologickou zkou\u0161ku pro konkr\u00e9tn\u00ed aplikaci.<\/p>\n<p>ADMIX LIQUID je \u00fa\u010dinn\u00fd zp\u016fsob, jak zlep\u0161it vlastnosti zdic\u00edch a om\u00edtkov\u00fdch malt, p\u0159isp\u00edvaj\u00edc\u00ed ke zv\u00fd\u0161en\u00ed trvanlivosti a odolnosti hotov\u00fdch v\u00fdrobk\u016f v\u016f\u010di r\u016fzn\u00fdm pov\u011btrnostn\u00edm vliv\u016fm.<\/p>\n","protected":false},"excerpt":{"rendered":"<blockquote><p><strong>Tekut\u00fd plastifik\u00e1tor do cementov\u00fdch malt &#8211; zd\u011bn\u00ed a om\u00edt\u00e1n\u00ed. <\/strong><\/p>\n<p><strong>Plastifikuje malty, zlep\u0161uje lepivost a p\u0159ilnavost, zabra\u0148uje jejich delaminaci, sni\u017euje v\u00fdkv\u011bty, zv\u011bt\u0161uje objem sm\u011bsi p\u0159ibli\u017en\u011b o 15 %.<\/strong><\/p>\n<p><strong>D\u00c1VKOV\u00c1N\u00cd: 0,4 % z hmotnosti cementu (100 ml na 25 kg cementu)<\/strong><\/p><\/blockquote>\n","protected":false},"featured_media":6031,"comment_status":"open","ping_status":"closed","template":"","meta":{"_acf_changed":false},"product_brand":[],"product_cat":[140,137],"product_tag":[565,616],"class_list":{"0":"post-2472","1":"product","2":"type-product","3":"status-publish","4":"has-post-thumbnail","6":"product_cat-plastifikatory-a-zakladni-natery","7":"product_cat-stavebni-chemie","8":"product_tag-jurga-cs","9":"product_tag-plastyfikator-cs","10":"product_shipping_class-kurier-cs","11":"pa_bazowy-srodek-wiazacy-smes-pryskyric-a-neiontovych-povrchove-aktivnich-latek-aktivni","12":"pa_gestosc-0996-do-1036-g-cm-cs","13":"pa_producent-jurga-cs","15":"first","16":"instock","17":"taxable","18":"shipping-taxable","19":"purchasable","20":"product-type-simple"},"acf":[],"_links":{"self":[{"href":"https:\/\/sklep.thepartners.pl\/cs\/wp-json\/wp\/v2\/product\/2472","targetHints":{"allow":["GET"]}}],"collection":[{"href":"https:\/\/sklep.thepartners.pl\/cs\/wp-json\/wp\/v2\/product"}],"about":[{"href":"https:\/\/sklep.thepartners.pl\/cs\/wp-json\/wp\/v2\/types\/product"}],"replies":[{"embeddable":true,"href":"https:\/\/sklep.thepartners.pl\/cs\/wp-json\/wp\/v2\/comments?post=2472"}],"wp:featuredmedia":[{"embeddable":true,"href":"https:\/\/sklep.thepartners.pl\/cs\/wp-json\/wp\/v2\/media\/6031"}],"wp:attachment":[{"href":"https:\/\/sklep.thepartners.pl\/cs\/wp-json\/wp\/v2\/media?parent=2472"}],"wp:term":[{"taxonomy":"product_brand","embeddable":true,"href":"https:\/\/sklep.thepartners.pl\/cs\/wp-json\/wp\/v2\/product_brand?post=2472"},{"taxonomy":"product_cat","embeddable":true,"href":"https:\/\/sklep.thepartners.pl\/cs\/wp-json\/wp\/v2\/product_cat?post=2472"},{"taxonomy":"product_tag","embeddable":true,"href":"https:\/\/sklep.thepartners.pl\/cs\/wp-json\/wp\/v2\/product_tag?post=2472"}],"curies":[{"name":"wp","href":"https:\/\/api.w.org\/{rel}","templated":true}]}}