{"id":2476,"date":"2024-07-04T12:26:06","date_gmt":"2024-07-04T10:26:06","guid":{"rendered":"https:\/\/sklep.thepartners.pl\/p\/piana-montazowa-pistoletowa-wysokowydajna-soudal-870-ml-maxi-niskoprezna-12szt\/"},"modified":"2024-07-15T08:32:49","modified_gmt":"2024-07-15T06:32:49","slug":"piana-montazowa-pistoletowa-wysokowydajna-soudal-870-ml-maxi-niskoprezna-12szt","status":"publish","type":"product","link":"https:\/\/sklep.thepartners.pl\/cs\/produkt\/piana-montazowa-pistoletowa-wysokowydajna-soudal-870-ml-maxi-niskoprezna-12szt\/","title":{"rendered":"Soudal vysoce v\u00fdkonn\u00e1 mont\u00e1\u017en\u00ed p\u011bna na pistoli 870 ml MAXI n\u00edzkotlak\u00e1 12 ks"},"content":{"rendered":"<div class=\"mpof_ki myre_zn myre_8v_l m389_6m_l\">\n<div class=\"mp4t_16_s mryx_16_s mr3m_1 mli2_1 mh85_56 mh85_0_l\">\n<div class=\"mgn2_16 _0d3bd_am0a-\">\n<p>Mont\u00e1\u017en\u00ed p\u011bna Soudafoam Maxi je vysoce v\u00fdkonn\u00e1 polyuretanov\u00e1 p\u011bna se \u0161irokou \u0161k\u00e1lou aplikac\u00ed ve stavebnictv\u00ed. Vyzna\u010duje se v\u00fdbornou p\u0159ilnavost\u00ed k r\u016fzn\u00fdm stavebn\u00edm materi\u00e1l\u016fm a velmi dobrou tepelnou a zvukovou izolac\u00ed. Snadno se pou\u017e\u00edv\u00e1 d\u00edky inovativn\u00ed konstrukci ventilu, kter\u00e1 zaji\u0161\u0165uje t\u011bsnost balen\u00ed a optim\u00e1ln\u00ed konzistenci p\u011bny po celou dobu pou\u017e\u00edv\u00e1n\u00ed.<\/p>\n<p><strong>Aplikace:<\/strong><br \/>\n<strong>1. Mont\u00e1\u017e oken a dve\u0159\u00ed:<\/strong><br \/>\n&#8211; T\u011bsn\u011bn\u00ed okenn\u00edch a dve\u0159n\u00edch r\u00e1m\u016f, odhlu\u010dn\u011bn\u00ed parapet\u016f, schodi\u0161\u0165ov\u00fdch stup\u0148\u016f a rolet.<\/p>\n<p><strong>2. V\u00fdpl\u0148 a izolace prostup\u016f potrub\u00ed:<\/strong><br \/>\n&#8211; T\u011bsn\u011bn\u00ed prostup\u016f potrub\u00ed ve st\u011bn\u00e1ch a stropech.<\/p>\n<p><strong>3. St\u0159e\u0161n\u00ed, st\u011bnov\u00e9 a stropn\u00ed t\u011bsn\u011bn\u00ed:<\/strong><br \/>\n&#8211; T\u011bsn\u011bn\u00ed sp\u00e1r st\u0159ech, st\u011bn a strop\u016f.<\/p>\n<p><strong>4. D\u0159ev\u011bn\u00e9 konstrukce v r\u00e1mov\u00e9 konstrukci:<\/strong><br \/>\n&#8211; Spojov\u00e1n\u00ed a t\u011bsn\u011bn\u00ed prefabrikovan\u00fdch d\u0159ev\u011bn\u00fdch prvk\u016f.<\/p>\n<p><strong>5. Izolace instalace \u00fast\u0159edn\u00edho topen\u00ed a voda a kanalizace:<\/strong><br \/>\n&#8211; Izolace prvk\u016f instalace \u00fast\u0159edn\u00edho topen\u00ed a voda a kanalizace.<\/p>\n<p><strong>6. Dal\u0161\u00ed pou\u017eit\u00ed:<\/strong><br \/>\n&#8211; T\u011bsn\u011bn\u00ed v chladic\u00edch syst\u00e9mech, tepeln\u00e9 izolace st\u0159ech a ploch\u00fdch st\u0159ech.<\/p>\n<p><strong>Vlastnosti \/ v\u00fdhody:<\/strong><br \/>\n&#8211; Vysok\u00e1 p\u0159ilnavost: K v\u011bt\u0161in\u011b stavebn\u00edch materi\u00e1l\u016f.<br \/>\n&#8211; N\u00edzk\u00e1 rozta\u017enost: Minim\u00e1ln\u00ed rozta\u017enost po aplikaci.<br \/>\n&#8211; Rychl\u00e1 doba vytvrzov\u00e1n\u00ed: Kr\u00e1tk\u00e1 doba vytvrzov\u00e1n\u00ed, co\u017e urychluje pr\u00e1ci.<br \/>\n&#8211; Odolnost v\u016f\u010di pov\u011btrnostn\u00edm vliv\u016fm: Stabilita a pravidelnost konstrukce v r\u016fzn\u00fdch klimatick\u00fdch podm\u00ednk\u00e1ch.<br \/>\n&#8211; V\u00fddatnost: A\u017e 70 litr\u016f hotov\u00e9 p\u011bny z jedn\u00e9 plechovky (1000 ml), v z\u00e1vislosti na okoln\u00edch podm\u00ednk\u00e1ch.<\/p>\n<p><strong>Jak pou\u017e\u00edvat:<\/strong><br \/>\n1. P\u0159\u00edprava podkladu: Podklad mus\u00ed b\u00fdt \u010dist\u00fd, zbaven\u00fd mastnoty a uvoln\u011bn\u00fdch ne\u010distot.<br \/>\n2. Vlh\u010den\u00ed podkladu: P\u0159ed aplikac\u00ed p\u011bny podklad navlh\u010dete vodou.<br \/>\n3. P\u0159\u00edprava p\u011bny: P\u0159ed spu\u0161t\u011bn\u00edm n\u00e1dobu asi 30kr\u00e1t siln\u011b prot\u0159epejte.<br \/>\n4. Aplikace: Na\u0161roubujte plechovku na pistoli, nastavte d\u00e1vkovac\u00ed trysku a rovnom\u011brn\u00fdm pohybem nan\u00e1\u0161ejte p\u011bnu, za\u010dn\u011bte odspodu.<br \/>\n5. Vypln\u011bn\u00ed mezer: Prostor vypl\u0148te postupn\u011b, vrstva by p\u0159ed vytvrzen\u00edm nem\u011bla b\u00fdt siln\u011bj\u0161\u00ed ne\u017e 3 cm.<br \/>\n6. \u010ci\u0161t\u011bn\u00ed: \u010cerstv\u00e9 ne\u010distoty a n\u00e1\u0159ad\u00ed o\u010dist\u011bte speci\u00e1ln\u00ed kapalinou na \u010di\u0161t\u011bn\u00ed polyuretanov\u00e9 p\u011bny.<br \/>\n7. O\u0161et\u0159en\u00ed po vytvrzen\u00ed: Po \u00fapln\u00e9m vytvrzen\u00ed odstranit p\u0159ebyte\u010dnou p\u011bnu mechanicky a chr\u00e1nit p\u0159ed slune\u010dn\u00edm z\u00e1\u0159en\u00edm.<\/p>\n<p>Mont\u00e1\u017en\u00ed p\u011bna Soudafoam Maxi je ide\u00e1ln\u00ed volbou pro r\u016fzn\u00e9 stavebn\u00ed \u00fakoly d\u00edky sv\u00e9 spolehlivosti, snadn\u00e9mu pou\u017eit\u00ed a vysok\u00e9 \u00fa\u010dinnosti.<\/p>\n<\/div>\n<\/div>\n<\/div>\n","protected":false},"excerpt":{"rendered":"<blockquote><p><strong>12 ks v balen\u00ed<\/strong><\/p>\n<p><strong>Vynikaj\u00edc\u00ed p\u0159ilnavost ke stavebn\u00edm podklad\u016fm, v\u010detn\u011b: na st\u011bny, cihly, beton, k\u00e1men, d\u0159evo, PVC, hlin\u00edk, v\u010detn\u011b povrch\u016f pokryt\u00fdch pr\u00e1\u0161kovou barvou, glazovan\u00e9 povrchy atd.<\/strong><\/p>\n<p><strong>Vysok\u00e1 \u00fa\u010dinnost a stabilita parametr\u016f<\/strong><\/p>\n<p><strong>Kr\u00e1tk\u00e1 doba tuhnut\u00ed<\/strong><\/p>\n<p><strong>P\u0159esn\u00e9 d\u00e1vkov\u00e1n\u00ed<\/strong><\/p><\/blockquote>\n","protected":false},"featured_media":5896,"comment_status":"open","ping_status":"closed","template":"","meta":{"_acf_changed":false},"product_brand":[],"product_cat":[137,615],"product_tag":[620,621],"class_list":{"0":"post-2476","1":"product","2":"type-product","3":"status-publish","4":"has-post-thumbnail","6":"product_cat-stavebni-chemie","7":"product_cat-montazni-peny","8":"product_tag-piana-cs","9":"product_tag-soudal-cs","10":"product_shipping_class-transport-gratis-cs","11":"pa_bazowy-srodek-wiazacy-polyuretanovy-polymer","12":"pa_darmowa-dostawa-ano","13":"pa_wspolczynnik-przewodzenia-0-035-wmk-cs","14":"pa_zuzycie-az-70-l-1000-ml-peny","16":"first","17":"instock","18":"taxable","19":"shipping-taxable","20":"purchasable","21":"product-type-simple"},"acf":[],"_links":{"self":[{"href":"https:\/\/sklep.thepartners.pl\/cs\/wp-json\/wp\/v2\/product\/2476","targetHints":{"allow":["GET"]}}],"collection":[{"href":"https:\/\/sklep.thepartners.pl\/cs\/wp-json\/wp\/v2\/product"}],"about":[{"href":"https:\/\/sklep.thepartners.pl\/cs\/wp-json\/wp\/v2\/types\/product"}],"replies":[{"embeddable":true,"href":"https:\/\/sklep.thepartners.pl\/cs\/wp-json\/wp\/v2\/comments?post=2476"}],"wp:featuredmedia":[{"embeddable":true,"href":"https:\/\/sklep.thepartners.pl\/cs\/wp-json\/wp\/v2\/media\/5896"}],"wp:attachment":[{"href":"https:\/\/sklep.thepartners.pl\/cs\/wp-json\/wp\/v2\/media?parent=2476"}],"wp:term":[{"taxonomy":"product_brand","embeddable":true,"href":"https:\/\/sklep.thepartners.pl\/cs\/wp-json\/wp\/v2\/product_brand?post=2476"},{"taxonomy":"product_cat","embeddable":true,"href":"https:\/\/sklep.thepartners.pl\/cs\/wp-json\/wp\/v2\/product_cat?post=2476"},{"taxonomy":"product_tag","embeddable":true,"href":"https:\/\/sklep.thepartners.pl\/cs\/wp-json\/wp\/v2\/product_tag?post=2476"}],"curies":[{"name":"wp","href":"https:\/\/api.w.org\/{rel}","templated":true}]}}