{"id":2487,"date":"2024-07-05T06:20:37","date_gmt":"2024-07-05T04:20:37","guid":{"rendered":"https:\/\/sklep.thepartners.pl\/?post_type=product&#038;p=2487"},"modified":"2025-05-27T13:19:13","modified_gmt":"2025-05-27T11:19:13","slug":"posypka-papowa-bazaltowa-15kg","status":"publish","type":"product","link":"https:\/\/sklep.thepartners.pl\/cs\/produkt\/posypka-papowa-bazaltowa-15kg\/","title":{"rendered":"JURGA BAZALTOV\u00dd POSYP NA LEPENKU 15 kg"},"content":{"rendered":"<p>St\u0159e\u0161n\u00ed lepenka je specializovan\u00fd materi\u00e1l pou\u017e\u00edvan\u00fd ve st\u0159e\u0161n\u00edm pr\u016fmyslu k renovaci a \u00fadr\u017eb\u011b r\u016fzn\u00fdch typ\u016f st\u0159e\u0161n\u00edch krytin. Skl\u00e1d\u00e1 se z precizn\u011b vybran\u00e9ho \u010dedi\u010dov\u00e9ho kameniva v grafitov\u00e9 barv\u011b, kter\u00e9 nejen esteticky zlep\u0161uje st\u0159echu, ale tak\u00e9 v\u00fdrazn\u011b prodlu\u017euje jej\u00ed \u017eivotnost. Zde jsou kl\u00ed\u010dov\u00e9 informace o pou\u017eit\u00ed a v\u00fdhod\u00e1ch pou\u017eit\u00ed posyp\u016f st\u0159e\u0161n\u00ed lepenky:<\/p>\n<p><strong>Pou\u017eit\u00ed a v\u00fdhody Pap toppingu:<\/strong><\/p>\n<p><strong>1. Ochrana proti pov\u011btrnostn\u00edm vliv\u016fm:<\/strong><br \/>\n&#8211; Plst\u011bn\u00e1 krytina \u00fa\u010dinn\u011b chr\u00e1n\u00ed st\u0159e\u0161n\u00ed krytinu p\u0159ed intenzivn\u00edm slune\u010dn\u00edm z\u00e1\u0159en\u00edm, de\u0161t\u011bm, sn\u011bhem a dal\u0161\u00edmi pov\u011btrnostn\u00edmi vlivy. D\u00edky tomu je st\u0159echa odoln\u011bj\u0161\u00ed v\u016f\u010di st\u00e1rnut\u00ed a po\u0161kozen\u00ed.<\/p>\n<p><strong>2. Zlep\u0161en\u00ed \u017eivotnosti st\u0159echy:<\/strong><br \/>\n&#8211; Pou\u017eit\u00ed krytiny z lepenky v\u00fdrazn\u011b zvy\u0161uje odolnost st\u0159e\u0161n\u00ed krytiny, co\u017e se prom\u00edt\u00e1 do jej\u00ed dlouhodob\u00e9 ochrany p\u0159ed r\u016fzn\u00fdmi formami mechanick\u00e9ho a chemick\u00e9ho po\u0161kozen\u00ed.<\/p>\n<p><strong>3. Optim\u00e1ln\u00ed aplikace:<\/strong><br \/>\n&#8211; St\u0159e\u0161n\u00ed lepenka by m\u011bla b\u00fdt aplikov\u00e1na na \u010derstv\u011b nanesen\u00fd, je\u0161t\u011b vlhk\u00fd asfaltov\u00fd n\u00e1t\u011br pou\u017e\u00edvan\u00fd p\u0159i renovaci, oprav\u011b nebo \u00fadr\u017eb\u011b st\u0159ech. To je kl\u00ed\u010dov\u00e9 pro zaji\u0161t\u011bn\u00ed spr\u00e1vn\u00e9 p\u0159ilnavosti materi\u00e1lu k podkladu.<\/p>\n<p><strong>4. D\u016fkladn\u011b p\u0159itla\u010dte a odstra\u0148te p\u0159ebytek:<\/strong><br \/>\n&#8211; Po nanesen\u00ed plst\u011bn\u00e9 polevy na mokr\u00fd bitumenov\u00fd n\u00e1t\u011br je d\u016fle\u017eit\u00e9 jej d\u016fkladn\u011b p\u0159itla\u010dit, nap\u0159. v\u00e1le\u010dkem. T\u00edm je zaji\u0161t\u011bna lep\u0161\u00ed p\u0159ilnavost krytiny k povrchu st\u0159echy. Po zaschnut\u00ed n\u00e1t\u011bru odstra\u0148te p\u0159ebyte\u010dn\u00e9 posypy, kter\u00e9 se nep\u0159ichytily k podkladu, nap\u0159\u00edklad pomoc\u00ed \u0161t\u011btce.<\/p>\n<p><strong>5. Podm\u00ednky aplikace:<\/strong><br \/>\n&#8211; Pr\u00e1ce spojen\u00e9 s nan\u00e1\u0161en\u00edm plst\u011bn\u00e9 polevy prov\u00e1d\u011bjte nejl\u00e9pe p\u0159i teplot\u00e1ch od +5 do +25 stup\u0148\u016f Celsia. Optim\u00e1ln\u00ed teplotn\u00ed podm\u00ednky podporuj\u00ed efektivn\u00ed p\u0159ilnut\u00ed materi\u00e1lu k povrchu st\u0159echy.<\/p>\n<p>St\u0159e\u0161n\u00ed lepenka je nenahraditeln\u00fd materi\u00e1l ve st\u0159e\u0161n\u00edm pr\u016fmyslu, kter\u00fd nejen zlep\u0161uje estetiku st\u0159ech, ale tak\u00e9 poskytuje dodate\u010dnou ochranu p\u0159ed vn\u011bj\u0161\u00edmi faktory. Pou\u017eit\u00ed tohoto materi\u00e1lu v souladu s doporu\u010den\u00edmi v\u00fdrobce zaru\u010duje odolnost a spolehlivost st\u0159e\u0161n\u00ed krytiny po mnoho let.<\/p>\n","protected":false},"excerpt":{"rendered":"<blockquote><p><strong>Chr\u00e1n\u00ed st\u0159e\u0161n\u00ed lepenku p\u0159ed po\u0161kozen\u00edm a pov\u011btrnostn\u00edmi vlivy<\/strong><\/p>\n<p><strong>Hotov\u00fd v\u00fdrobek \u2013 nevy\u017eaduje hrab\u00e1n\u00ed, \u010d\u00edm\u017e odpad\u00e1 probl\u00e9m s pr\u00e1\u0161en\u00edm<\/strong><\/p>\n<p><strong>Z\u00e1rove\u0148 zachov\u00e1v\u00e1 a chr\u00e1n\u00ed<\/strong><\/p>\n<p><strong>Zvy\u0161uje odolnost st\u0159e\u0161n\u00ed lepenky a zvy\u0161uje jej\u00ed \u017eivotnost<\/strong><\/p><\/blockquote>\n","protected":false},"featured_media":2488,"comment_status":"open","ping_status":"closed","template":"","meta":{"_acf_changed":false},"product_brand":[],"product_cat":[143],"product_tag":[],"class_list":{"0":"post-2487","1":"product","2":"type-product","3":"status-publish","4":"has-post-thumbnail","6":"product_cat-tepelne-izolace","7":"product_shipping_class-kurier-cs","8":"product_shipping_class-transport-gratis-cs","9":"pa_darmowa-dostawa-ano","10":"pa_kolor-grafit","11":"pa_okres-przydatnosci-36-miesiecy-od-daty-produkcji-umieszczonej-na-opakowaniu","12":"pa_producent-jurga-cs","13":"pa_zuzycie-15-40-kg-m2","15":"first","16":"instock","17":"taxable","18":"shipping-taxable","19":"purchasable","20":"product-type-simple"},"acf":[],"_links":{"self":[{"href":"https:\/\/sklep.thepartners.pl\/cs\/wp-json\/wp\/v2\/product\/2487","targetHints":{"allow":["GET"]}}],"collection":[{"href":"https:\/\/sklep.thepartners.pl\/cs\/wp-json\/wp\/v2\/product"}],"about":[{"href":"https:\/\/sklep.thepartners.pl\/cs\/wp-json\/wp\/v2\/types\/product"}],"replies":[{"embeddable":true,"href":"https:\/\/sklep.thepartners.pl\/cs\/wp-json\/wp\/v2\/comments?post=2487"}],"wp:featuredmedia":[{"embeddable":true,"href":"https:\/\/sklep.thepartners.pl\/cs\/wp-json\/wp\/v2\/media\/2488"}],"wp:attachment":[{"href":"https:\/\/sklep.thepartners.pl\/cs\/wp-json\/wp\/v2\/media?parent=2487"}],"wp:term":[{"taxonomy":"product_brand","embeddable":true,"href":"https:\/\/sklep.thepartners.pl\/cs\/wp-json\/wp\/v2\/product_brand?post=2487"},{"taxonomy":"product_cat","embeddable":true,"href":"https:\/\/sklep.thepartners.pl\/cs\/wp-json\/wp\/v2\/product_cat?post=2487"},{"taxonomy":"product_tag","embeddable":true,"href":"https:\/\/sklep.thepartners.pl\/cs\/wp-json\/wp\/v2\/product_tag?post=2487"}],"curies":[{"name":"wp","href":"https:\/\/api.w.org\/{rel}","templated":true}]}}